{"id":68,"date":"2024-05-23T14:12:44","date_gmt":"2024-05-23T14:12:44","guid":{"rendered":"https:\/\/nicolemartins.com\/?post_type=product&#038;p=68"},"modified":"2026-02-06T09:55:13","modified_gmt":"2026-02-06T09:55:13","slug":"bruma-post-operatorio","status":"publish","type":"product","link":"https:\/\/auction-recovery.com\/en\/product\/bruma-post-operatorio\/","title":{"rendered":"Post-operative mist"},"content":{"rendered":"<p><br data-mce-bogus=\"1\"><\/p>","protected":false},"excerpt":{"rendered":"<p>Post-operative mist<\/p>\n<p>This gentle mist will soothe your skin and accelerate post-procedure healing. With minerals to soothe any irritation, soften and moisturise the skin surface to reduce pain and refresh the recipient area. Keeping the scalp well hydrated also removes scabs, which will promote the growth of transplanted hair.<\/p>\n<p>*No returns or refunds due to the nature of the products.<\/p>","protected":false},"featured_media":92,"template":"","meta":{"_et_pb_use_builder":"","_et_pb_old_content":"","_et_gb_content_width":""},"product_brand":[],"product_cat":[20],"product_tag":[],"class_list":{"0":"post-68","1":"product","2":"type-product","3":"status-publish","4":"has-post-thumbnail","6":"product_cat-fast-healing","8":"first","9":"instock","10":"shipping-taxable","11":"purchasable","12":"product-type-simple"},"exclude_global_add_ons":[],"addons":[],"yoast_head":"<!-- This site is optimized with the Yoast SEO plugin v27.0 - https:\/\/yoast.com\/product\/yoast-seo-wordpress\/ -->\n<title>Bruma post operatorio - dpclinicalhairproducts.com<\/title>\n<meta name=\"robots\" content=\"index, follow, max-snippet:-1, max-image-preview:large, max-video-preview:-1\" \/>\n<link rel=\"canonical\" href=\"https:\/\/auction-recovery.com\/en\/product\/bruma-post-operatorio\/\" \/>\n<meta property=\"og:locale\" content=\"en_GB\" \/>\n<meta property=\"og:type\" content=\"article\" \/>\n<meta property=\"og:title\" content=\"Bruma post operatorio - dpclinicalhairproducts.com\" \/>\n<meta property=\"og:description\" content=\"Bruma post operatorioEsta suave bruma calmar\u00e1 su piel y acelerar\u00e1 la curaci\u00f3n posterior al procedimiento. Con minerales para calmar cualquier irritaci\u00f3n, suavizar e hidratar la superficie de la piel para reducir el dolor y refrescar la zona receptora. Mantener el cuero cabelludo bien hidratado tambi\u00e9n elimina las costras, lo que favorecer\u00e1 el crecimiento de los cabellos trasplantados.*No se realizan devoluciones ni reembolsos debido a la naturaleza de los productos*\" \/>\n<meta property=\"og:url\" content=\"https:\/\/auction-recovery.com\/en\/product\/bruma-post-operatorio\/\" \/>\n<meta property=\"og:site_name\" content=\"dpclinicalhairproducts.com\" \/>\n<meta property=\"article:modified_time\" content=\"2026-02-06T09:55:13+00:00\" \/>\n<meta property=\"og:image\" content=\"https:\/\/auction-recovery.com\/wp-content\/uploads\/2024\/05\/Panno_foto-producto_fast-heal.jpg\" \/>\n\t<meta property=\"og:image:width\" content=\"1080\" \/>\n\t<meta property=\"og:image:height\" content=\"1080\" \/>\n\t<meta property=\"og:image:type\" content=\"image\/jpeg\" \/>\n<meta name=\"twitter:card\" content=\"summary_large_image\" \/>\n<script type=\"application\/ld+json\" class=\"yoast-schema-graph\">{\"@context\":\"https:\/\/schema.org\",\"@graph\":[{\"@type\":\"WebPage\",\"@id\":\"https:\/\/auction-recovery.com\/producto\/bruma-post-operatorio\/\",\"url\":\"https:\/\/auction-recovery.com\/producto\/bruma-post-operatorio\/\",\"name\":\"Bruma post operatorio - dpclinicalhairproducts.com\",\"isPartOf\":{\"@id\":\"https:\/\/auction-recovery.com\/#website\"},\"primaryImageOfPage\":{\"@id\":\"https:\/\/auction-recovery.com\/producto\/bruma-post-operatorio\/#primaryimage\"},\"image\":{\"@id\":\"https:\/\/auction-recovery.com\/producto\/bruma-post-operatorio\/#primaryimage\"},\"thumbnailUrl\":\"https:\/\/auction-recovery.com\/wp-content\/uploads\/2024\/05\/Panno_foto-producto_fast-heal.jpg\",\"datePublished\":\"2024-05-23T14:12:44+00:00\",\"dateModified\":\"2026-02-06T09:55:13+00:00\",\"breadcrumb\":{\"@id\":\"https:\/\/auction-recovery.com\/producto\/bruma-post-operatorio\/#breadcrumb\"},\"inLanguage\":\"en-GB\",\"potentialAction\":[{\"@type\":\"ReadAction\",\"target\":[\"https:\/\/auction-recovery.com\/producto\/bruma-post-operatorio\/\"]}]},{\"@type\":\"ImageObject\",\"inLanguage\":\"en-GB\",\"@id\":\"https:\/\/auction-recovery.com\/producto\/bruma-post-operatorio\/#primaryimage\",\"url\":\"https:\/\/auction-recovery.com\/wp-content\/uploads\/2024\/05\/Panno_foto-producto_fast-heal.jpg\",\"contentUrl\":\"https:\/\/auction-recovery.com\/wp-content\/uploads\/2024\/05\/Panno_foto-producto_fast-heal.jpg\",\"width\":1080,\"height\":1080,\"caption\":\"dr panno fast heal spray for post op\"},{\"@type\":\"BreadcrumbList\",\"@id\":\"https:\/\/auction-recovery.com\/producto\/bruma-post-operatorio\/#breadcrumb\",\"itemListElement\":[{\"@type\":\"ListItem\",\"position\":1,\"name\":\"Home\",\"item\":\"https:\/\/auction-recovery.com\/\"},{\"@type\":\"ListItem\",\"position\":2,\"name\":\"collection\",\"item\":\"https:\/\/auction-recovery.com\/collection\/\"},{\"@type\":\"ListItem\",\"position\":3,\"name\":\"Bruma post operatorio\"}]},{\"@type\":\"WebSite\",\"@id\":\"https:\/\/auction-recovery.com\/#website\",\"url\":\"https:\/\/auction-recovery.com\/\",\"name\":\"dpclinicalhairproducts.com\",\"description\":\"Productos cl\u00ednicos para el cuidado del cabello: prevenci\u00f3n de la ca\u00edda del cabello, sustento despu\u00e9s de implantaciones capilares\",\"publisher\":{\"@id\":\"https:\/\/auction-recovery.com\/#organization\"},\"potentialAction\":[{\"@type\":\"SearchAction\",\"target\":{\"@type\":\"EntryPoint\",\"urlTemplate\":\"https:\/\/auction-recovery.com\/?s={search_term_string}\"},\"query-input\":{\"@type\":\"PropertyValueSpecification\",\"valueRequired\":true,\"valueName\":\"search_term_string\"}}],\"inLanguage\":\"en-GB\"},{\"@type\":\"Organization\",\"@id\":\"https:\/\/auction-recovery.com\/#organization\",\"name\":\"dpclinicalhairproducts.com\",\"url\":\"https:\/\/auction-recovery.com\/\",\"logo\":{\"@type\":\"ImageObject\",\"inLanguage\":\"en-GB\",\"@id\":\"https:\/\/auction-recovery.com\/#\/schema\/logo\/image\/\",\"url\":\"https:\/\/auction-recovery.com\/wp-content\/uploads\/2024\/05\/DP-Marbella-Clinic_degradado-03-300x3001-1.png\",\"contentUrl\":\"https:\/\/auction-recovery.com\/wp-content\/uploads\/2024\/05\/DP-Marbella-Clinic_degradado-03-300x3001-1.png\",\"width\":300,\"height\":300,\"caption\":\"dpclinicalhairproducts.com\"},\"image\":{\"@id\":\"https:\/\/auction-recovery.com\/#\/schema\/logo\/image\/\"}}]}<\/script>\n<!-- \/ Yoast SEO plugin. -->","yoast_head_json":{"title":"Post-operative mist - dpclinicalhairproducts.com","robots":{"index":"index","follow":"follow","max-snippet":"max-snippet:-1","max-image-preview":"max-image-preview:large","max-video-preview":"max-video-preview:-1"},"canonical":"https:\/\/auction-recovery.com\/en\/product\/bruma-post-operatorio\/","og_locale":"en_GB","og_type":"article","og_title":"Bruma post operatorio - dpclinicalhairproducts.com","og_description":"Bruma post operatorioEsta suave bruma calmar\u00e1 su piel y acelerar\u00e1 la curaci\u00f3n posterior al procedimiento. Con minerales para calmar cualquier irritaci\u00f3n, suavizar e hidratar la superficie de la piel para reducir el dolor y refrescar la zona receptora. Mantener el cuero cabelludo bien hidratado tambi\u00e9n elimina las costras, lo que favorecer\u00e1 el crecimiento de los cabellos trasplantados.*No se realizan devoluciones ni reembolsos debido a la naturaleza de los productos*","og_url":"https:\/\/auction-recovery.com\/en\/product\/bruma-post-operatorio\/","og_site_name":"dpclinicalhairproducts.com","article_modified_time":"2026-02-06T09:55:13+00:00","og_image":[{"width":1080,"height":1080,"url":"https:\/\/auction-recovery.com\/wp-content\/uploads\/2024\/05\/Panno_foto-producto_fast-heal.jpg","type":"image\/jpeg"}],"twitter_card":"summary_large_image","schema":{"@context":"https:\/\/schema.org","@graph":[{"@type":"WebPage","@id":"https:\/\/auction-recovery.com\/producto\/bruma-post-operatorio\/","url":"https:\/\/auction-recovery.com\/producto\/bruma-post-operatorio\/","name":"Post-operative mist - dpclinicalhairproducts.com","isPartOf":{"@id":"https:\/\/auction-recovery.com\/#website"},"primaryImageOfPage":{"@id":"https:\/\/auction-recovery.com\/producto\/bruma-post-operatorio\/#primaryimage"},"image":{"@id":"https:\/\/auction-recovery.com\/producto\/bruma-post-operatorio\/#primaryimage"},"thumbnailUrl":"https:\/\/auction-recovery.com\/wp-content\/uploads\/2024\/05\/Panno_foto-producto_fast-heal.jpg","datePublished":"2024-05-23T14:12:44+00:00","dateModified":"2026-02-06T09:55:13+00:00","breadcrumb":{"@id":"https:\/\/auction-recovery.com\/producto\/bruma-post-operatorio\/#breadcrumb"},"inLanguage":"en-GB","potentialAction":[{"@type":"ReadAction","target":["https:\/\/auction-recovery.com\/producto\/bruma-post-operatorio\/"]}]},{"@type":"ImageObject","inLanguage":"en-GB","@id":"https:\/\/auction-recovery.com\/producto\/bruma-post-operatorio\/#primaryimage","url":"https:\/\/auction-recovery.com\/wp-content\/uploads\/2024\/05\/Panno_foto-producto_fast-heal.jpg","contentUrl":"https:\/\/auction-recovery.com\/wp-content\/uploads\/2024\/05\/Panno_foto-producto_fast-heal.jpg","width":1080,"height":1080,"caption":"dr panno fast heal spray for post op"},{"@type":"BreadcrumbList","@id":"https:\/\/auction-recovery.com\/producto\/bruma-post-operatorio\/#breadcrumb","itemListElement":[{"@type":"ListItem","position":1,"name":"Home","item":"https:\/\/auction-recovery.com\/"},{"@type":"ListItem","position":2,"name":"collection","item":"https:\/\/auction-recovery.com\/collection\/"},{"@type":"ListItem","position":3,"name":"Bruma post operatorio"}]},{"@type":"WebSite","@id":"https:\/\/auction-recovery.com\/#website","url":"https:\/\/auction-recovery.com\/","name":"dpclinicalhairproducts.com","description":"Clinical hair care products: prevention of hair loss, support after hair transplantation","publisher":{"@id":"https:\/\/auction-recovery.com\/#organization"},"potentialAction":[{"@type":"SearchAction","target":{"@type":"EntryPoint","urlTemplate":"https:\/\/auction-recovery.com\/?s={search_term_string}"},"query-input":{"@type":"PropertyValueSpecification","valueRequired":true,"valueName":"search_term_string"}}],"inLanguage":"en-GB"},{"@type":"Organization","@id":"https:\/\/auction-recovery.com\/#organization","name":"dpclinicalhairproducts.com","url":"https:\/\/auction-recovery.com\/","logo":{"@type":"ImageObject","inLanguage":"en-GB","@id":"https:\/\/auction-recovery.com\/#\/schema\/logo\/image\/","url":"https:\/\/auction-recovery.com\/wp-content\/uploads\/2024\/05\/DP-Marbella-Clinic_degradado-03-300x3001-1.png","contentUrl":"https:\/\/auction-recovery.com\/wp-content\/uploads\/2024\/05\/DP-Marbella-Clinic_degradado-03-300x3001-1.png","width":300,"height":300,"caption":"dpclinicalhairproducts.com"},"image":{"@id":"https:\/\/auction-recovery.com\/#\/schema\/logo\/image\/"}}]}},"_links":{"self":[{"href":"https:\/\/auction-recovery.com\/en\/wp-json\/wp\/v2\/product\/68","targetHints":{"allow":["GET"]}}],"collection":[{"href":"https:\/\/auction-recovery.com\/en\/wp-json\/wp\/v2\/product"}],"about":[{"href":"https:\/\/auction-recovery.com\/en\/wp-json\/wp\/v2\/types\/product"}],"wp:featuredmedia":[{"embeddable":true,"href":"https:\/\/auction-recovery.com\/en\/wp-json\/wp\/v2\/media\/92"}],"wp:attachment":[{"href":"https:\/\/auction-recovery.com\/en\/wp-json\/wp\/v2\/media?parent=68"}],"wp:term":[{"taxonomy":"product_brand","embeddable":true,"href":"https:\/\/auction-recovery.com\/en\/wp-json\/wp\/v2\/product_brand?post=68"},{"taxonomy":"product_cat","embeddable":true,"href":"https:\/\/auction-recovery.com\/en\/wp-json\/wp\/v2\/product_cat?post=68"},{"taxonomy":"product_tag","embeddable":true,"href":"https:\/\/auction-recovery.com\/en\/wp-json\/wp\/v2\/product_tag?post=68"}],"curies":[{"name":"wp","href":"https:\/\/api.w.org\/{rel}","templated":true}]}}