{"id":209,"date":"2024-06-27T13:20:30","date_gmt":"2024-06-27T13:20:30","guid":{"rendered":"https:\/\/nicolemartins.com\/?post_type=product&#038;p=209"},"modified":"2026-02-06T09:38:50","modified_gmt":"2026-02-06T09:38:50","slug":"ll-light-lion","status":"publish","type":"product","link":"https:\/\/auction-recovery.com\/en\/product\/ll-light-lion\/","title":{"rendered":"LL Light lion"},"content":{"rendered":"<p><br data-mce-bogus=\"1\"><\/p>","protected":false},"excerpt":{"rendered":"<p>Conditioner<\/p>\n<p>Conditioner that repairs and nourishes damaged hair. Penetrates the hair cuticle and seals it, providing excellent results, stronger, softer and shinier hair.<\/p>\n<p>- Tannins (Vitis Vinifera Fruit Extract): are the basis of the new Protein Complex. They are organic compounds from grapes and have multiple benefits for the hair.<\/p>\n<p>- Coconut (Cocos Nucifera Fruit Extract): It has a high protein and fatty acid content. Proteins act on the hair, protecting it from external aggressions, repairing and conditioning it, increasing its elasticity by forming a film and reducing the risk of breakage.<\/p>\n<p>- Soya (Hydrolysed Soya Protein): A source of vegetable proteins, soya is an ingredient that is also appreciated in cosmetics for its ability to retain moisture and protect hair.<\/p>\n<p>- Olive oil (hydrogenated ethylhexyl olivate - hydrogenated olive oil unsaponifiables): is the natural alternative to silicones. It has a high content of polyphenols and vitamin E, substances with high antioxidant power that protect the hair from external aggressions such as the sun.<\/p>\n<p>- Avocado (Persesa Gratissima Fruit Extract): fruit rich in vitamins A, B, C, D, E and K, minerals and proteins. It has antioxidant properties, stimulates collagen synthesis, regenerates damaged tissues and regulates water content because it is composed of ceramides and fatty acids.<\/p>\n<p>- Burdock (Arctium Majus (Burdock) Root Extract): extracted from burdock root. Its fortifying, stimulating properties and high content of fatty acids, phytosterols, tannins and vitamins help with various scalp disorders such as dandruff, oiliness, irritation and excessive sensitivity.<\/p>\n<p>- Aloe Vera (Aloe Barbadensis Leaf Extract): is a powerful natural active ingredient, extracted directly from the plant, with multiple properties for the hair: it moisturises, regenerates the hair, stimulates circulation, revitalises the scalp, nourishes the hair, balances sebum production and slows down hair ageing.<\/p>\n<p>- Opuntia Coccinellifera Flower Extract: has important antioxidant, regenerating, moisturising, soothing and anti-inflammatory properties.<\/p>\n<p>- Ceratonia Siliqua Seed Extract: from carob tree. It provides a tightening effect and enhances the beauty of the hair thanks to the amount of vitamins and nutrients it contains.<\/p>\n<p>*No returns or refunds due to the nature of the products.<\/p>","protected":false},"featured_media":218,"template":"","meta":{"_et_pb_use_builder":"","_et_pb_old_content":"","_et_gb_content_width":""},"product_brand":[],"product_cat":[25],"product_tag":[],"class_list":{"0":"post-209","1":"product","2":"type-product","3":"status-publish","4":"has-post-thumbnail","6":"product_cat-acondicionador","8":"first","9":"instock","10":"shipping-taxable","11":"purchasable","12":"product-type-simple"},"exclude_global_add_ons":[],"addons":[],"yoast_head":"<!-- This site is optimized with the Yoast SEO plugin v27.0 - https:\/\/yoast.com\/product\/yoast-seo-wordpress\/ -->\n<title>LL Light lion - dpclinicalhairproducts.com<\/title>\n<meta name=\"robots\" content=\"index, follow, max-snippet:-1, max-image-preview:large, max-video-preview:-1\" \/>\n<link rel=\"canonical\" href=\"https:\/\/auction-recovery.com\/en\/product\/ll-light-lion\/\" \/>\n<meta property=\"og:locale\" content=\"en_GB\" \/>\n<meta property=\"og:type\" content=\"article\" \/>\n<meta property=\"og:title\" content=\"LL Light lion - dpclinicalhairproducts.com\" \/>\n<meta property=\"og:description\" content=\"AcondicionadorAcondicionador que repara y nutre el cabello da\u00f1ado. Penetra en la cut\u00edcula capilar y la sella, proporcionando excelentes resultados, cabellos m\u00e1s fuertes, suaves y brillantes.- Taninos (Extracto de la Fruta Vitis Vinifera): son la base del nuevo Complejo Proteico. Son compuestos org\u00e1nicos procedentes de la uva y tienen m\u00faltiples beneficios para el cabello.- Coco (Cocos Nucifera Fruit Extract): Tiene un alto contenido en prote\u00ednas y \u00e1cidos grasos. Las prote\u00ednas act\u00faan sobre el cabello protegi\u00e9ndolo de las agresiones externas, repar\u00e1ndolo, acondicion\u00e1ndolo, aumentando su elasticidad al formar una pel\u00edcula y disminuyendo su riesgo de rotura.- Soja (Prote\u00edna de Soja Hidrolizada): Fuente de prote\u00ednas vegetales, la soja es un ingrediente tambi\u00e9n apreciado en cosm\u00e9tica por su capacidad para retener la hidrataci\u00f3n y proteger el cabello.- Aceite de oliva (Olivato de etilhexilo hidrogenado - Insaponificables de aceite de oliva hidrogenado): es la alternativa natural a las siliconas. Tiene un alto contenido en polifenoles y vitamina E, sustancias con alto poder antioxidante que protegen el cabello de agresiones externas como el sol.- Aguacate (Persesa Gratissima Fruit Extract): fruta rica en vitaminas A, B, C, D, E y K, en minerales y prote\u00ednas. Tiene propiedades antioxidantes, estimula la s\u00edntesis de col\u00e1geno, regenera los tejidos da\u00f1ados y regula el contenido de agua porque est\u00e1 compuesto de ceramidas y \u00e1cidos grasos.- Bardana (Arctium Majus (Burdock) Root Extract): se extrae de la ra\u00edz de bardana. Sus propiedades fortificantes, estimulantes y su alto contenido en \u00e1cidos grasos, fitoesteroles, taninos y vitaminas ayudan en diversas alteraciones del cuero cabelludo, como caspa, grasa, irritaci\u00f3n y excesiva sensibilidad.- Aloe Vera (Extracto de Hoja de Aloe Barbadensis): es un poderoso activo natural, extra\u00eddo directamente de su planta, con m\u00faltiples propiedades para el cabello: hidrata, regenera el cabello, estimula la circulaci\u00f3n, revitaliza el cuero cabelludo, nutre el cabello, equilibra la producci\u00f3n de sebo y retarda el envejecimiento capilar.- Extracto de Flor de Opuntia Coccinellifera: posee importantes propiedades antioxidantes, regeneradoras, hidratantes, calmantes y antiinflamatorias.- Extracto de Semilla de Ceratonia Siliqua: procede de Algarrobo. Proporciona un efecto tensor y realza la belleza del cabello gracias a la cantidad de vitaminas y nutrientes que contiene.*No se realizan devoluciones ni reembolsos debido a la naturaleza de los productos*\" \/>\n<meta property=\"og:url\" content=\"https:\/\/auction-recovery.com\/en\/product\/ll-light-lion\/\" \/>\n<meta property=\"og:site_name\" content=\"dpclinicalhairproducts.com\" \/>\n<meta property=\"article:modified_time\" content=\"2026-02-06T09:38:50+00:00\" \/>\n<meta property=\"og:image\" content=\"https:\/\/auction-recovery.com\/wp-content\/uploads\/2024\/06\/120.png\" \/>\n\t<meta property=\"og:image:width\" content=\"1080\" \/>\n\t<meta property=\"og:image:height\" content=\"1080\" \/>\n\t<meta property=\"og:image:type\" content=\"image\/png\" \/>\n<meta name=\"twitter:card\" content=\"summary_large_image\" \/>\n<script type=\"application\/ld+json\" class=\"yoast-schema-graph\">{\"@context\":\"https:\/\/schema.org\",\"@graph\":[{\"@type\":\"WebPage\",\"@id\":\"https:\/\/auction-recovery.com\/en\/product\/ll-light-lion\/\",\"url\":\"https:\/\/auction-recovery.com\/en\/product\/ll-light-lion\/\",\"name\":\"LL Light lion - dpclinicalhairproducts.com\",\"isPartOf\":{\"@id\":\"https:\/\/auction-recovery.com\/#website\"},\"primaryImageOfPage\":{\"@id\":\"https:\/\/auction-recovery.com\/en\/product\/ll-light-lion\/#primaryimage\"},\"image\":{\"@id\":\"https:\/\/auction-recovery.com\/en\/product\/ll-light-lion\/#primaryimage\"},\"thumbnailUrl\":\"https:\/\/auction-recovery.com\/wp-content\/uploads\/2024\/06\/120.png\",\"datePublished\":\"2024-06-27T13:20:30+00:00\",\"dateModified\":\"2026-02-06T09:38:50+00:00\",\"breadcrumb\":{\"@id\":\"https:\/\/auction-recovery.com\/en\/product\/ll-light-lion\/#breadcrumb\"},\"inLanguage\":\"en-GB\",\"potentialAction\":[{\"@type\":\"ReadAction\",\"target\":[\"https:\/\/auction-recovery.com\/en\/product\/ll-light-lion\/\"]}]},{\"@type\":\"ImageObject\",\"inLanguage\":\"en-GB\",\"@id\":\"https:\/\/auction-recovery.com\/en\/product\/ll-light-lion\/#primaryimage\",\"url\":\"https:\/\/auction-recovery.com\/wp-content\/uploads\/2024\/06\/120.png\",\"contentUrl\":\"https:\/\/auction-recovery.com\/wp-content\/uploads\/2024\/06\/120.png\",\"width\":1080,\"height\":1080,\"caption\":\"Light lion conditioner\"},{\"@type\":\"BreadcrumbList\",\"@id\":\"https:\/\/auction-recovery.com\/en\/product\/ll-light-lion\/#breadcrumb\",\"itemListElement\":[{\"@type\":\"ListItem\",\"position\":1,\"name\":\"Home\",\"item\":\"https:\/\/auction-recovery.com\/\"},{\"@type\":\"ListItem\",\"position\":2,\"name\":\"collection\",\"item\":\"https:\/\/auction-recovery.com\/collection\/\"},{\"@type\":\"ListItem\",\"position\":3,\"name\":\"LL Light lion\"}]},{\"@type\":\"WebSite\",\"@id\":\"https:\/\/auction-recovery.com\/#website\",\"url\":\"https:\/\/auction-recovery.com\/\",\"name\":\"dpclinicalhairproducts.com\",\"description\":\"Productos cl\u00ednicos para el cuidado del cabello: prevenci\u00f3n de la ca\u00edda del cabello, sustento despu\u00e9s de implantaciones capilares\",\"publisher\":{\"@id\":\"https:\/\/auction-recovery.com\/#organization\"},\"potentialAction\":[{\"@type\":\"SearchAction\",\"target\":{\"@type\":\"EntryPoint\",\"urlTemplate\":\"https:\/\/auction-recovery.com\/?s={search_term_string}\"},\"query-input\":{\"@type\":\"PropertyValueSpecification\",\"valueRequired\":true,\"valueName\":\"search_term_string\"}}],\"inLanguage\":\"en-GB\"},{\"@type\":\"Organization\",\"@id\":\"https:\/\/auction-recovery.com\/#organization\",\"name\":\"dpclinicalhairproducts.com\",\"url\":\"https:\/\/auction-recovery.com\/\",\"logo\":{\"@type\":\"ImageObject\",\"inLanguage\":\"en-GB\",\"@id\":\"https:\/\/auction-recovery.com\/#\/schema\/logo\/image\/\",\"url\":\"https:\/\/auction-recovery.com\/wp-content\/uploads\/2024\/05\/DP-Marbella-Clinic_degradado-03-300x3001-1.png\",\"contentUrl\":\"https:\/\/auction-recovery.com\/wp-content\/uploads\/2024\/05\/DP-Marbella-Clinic_degradado-03-300x3001-1.png\",\"width\":300,\"height\":300,\"caption\":\"dpclinicalhairproducts.com\"},\"image\":{\"@id\":\"https:\/\/auction-recovery.com\/#\/schema\/logo\/image\/\"}}]}<\/script>\n<!-- \/ Yoast SEO plugin. -->","yoast_head_json":{"title":"LL Light lion - dpclinicalhairproducts.com","robots":{"index":"index","follow":"follow","max-snippet":"max-snippet:-1","max-image-preview":"max-image-preview:large","max-video-preview":"max-video-preview:-1"},"canonical":"https:\/\/auction-recovery.com\/en\/product\/ll-light-lion\/","og_locale":"en_GB","og_type":"article","og_title":"LL Light lion - dpclinicalhairproducts.com","og_description":"AcondicionadorAcondicionador que repara y nutre el cabello da\u00f1ado. Penetra en la cut\u00edcula capilar y la sella, proporcionando excelentes resultados, cabellos m\u00e1s fuertes, suaves y brillantes.- Taninos (Extracto de la Fruta Vitis Vinifera): son la base del nuevo Complejo Proteico. Son compuestos org\u00e1nicos procedentes de la uva y tienen m\u00faltiples beneficios para el cabello.- Coco (Cocos Nucifera Fruit Extract): Tiene un alto contenido en prote\u00ednas y \u00e1cidos grasos. Las prote\u00ednas act\u00faan sobre el cabello protegi\u00e9ndolo de las agresiones externas, repar\u00e1ndolo, acondicion\u00e1ndolo, aumentando su elasticidad al formar una pel\u00edcula y disminuyendo su riesgo de rotura.- Soja (Prote\u00edna de Soja Hidrolizada): Fuente de prote\u00ednas vegetales, la soja es un ingrediente tambi\u00e9n apreciado en cosm\u00e9tica por su capacidad para retener la hidrataci\u00f3n y proteger el cabello.- Aceite de oliva (Olivato de etilhexilo hidrogenado - Insaponificables de aceite de oliva hidrogenado): es la alternativa natural a las siliconas. Tiene un alto contenido en polifenoles y vitamina E, sustancias con alto poder antioxidante que protegen el cabello de agresiones externas como el sol.- Aguacate (Persesa Gratissima Fruit Extract): fruta rica en vitaminas A, B, C, D, E y K, en minerales y prote\u00ednas. Tiene propiedades antioxidantes, estimula la s\u00edntesis de col\u00e1geno, regenera los tejidos da\u00f1ados y regula el contenido de agua porque est\u00e1 compuesto de ceramidas y \u00e1cidos grasos.- Bardana (Arctium Majus (Burdock) Root Extract): se extrae de la ra\u00edz de bardana. Sus propiedades fortificantes, estimulantes y su alto contenido en \u00e1cidos grasos, fitoesteroles, taninos y vitaminas ayudan en diversas alteraciones del cuero cabelludo, como caspa, grasa, irritaci\u00f3n y excesiva sensibilidad.- Aloe Vera (Extracto de Hoja de Aloe Barbadensis): es un poderoso activo natural, extra\u00eddo directamente de su planta, con m\u00faltiples propiedades para el cabello: hidrata, regenera el cabello, estimula la circulaci\u00f3n, revitaliza el cuero cabelludo, nutre el cabello, equilibra la producci\u00f3n de sebo y retarda el envejecimiento capilar.- Extracto de Flor de Opuntia Coccinellifera: posee importantes propiedades antioxidantes, regeneradoras, hidratantes, calmantes y antiinflamatorias.- Extracto de Semilla de Ceratonia Siliqua: procede de Algarrobo. Proporciona un efecto tensor y realza la belleza del cabello gracias a la cantidad de vitaminas y nutrientes que contiene.*No se realizan devoluciones ni reembolsos debido a la naturaleza de los productos*","og_url":"https:\/\/auction-recovery.com\/en\/product\/ll-light-lion\/","og_site_name":"dpclinicalhairproducts.com","article_modified_time":"2026-02-06T09:38:50+00:00","og_image":[{"width":1080,"height":1080,"url":"https:\/\/auction-recovery.com\/wp-content\/uploads\/2024\/06\/120.png","type":"image\/png"}],"twitter_card":"summary_large_image","schema":{"@context":"https:\/\/schema.org","@graph":[{"@type":"WebPage","@id":"https:\/\/auction-recovery.com\/en\/product\/ll-light-lion\/","url":"https:\/\/auction-recovery.com\/en\/product\/ll-light-lion\/","name":"LL Light lion - dpclinicalhairproducts.com","isPartOf":{"@id":"https:\/\/auction-recovery.com\/#website"},"primaryImageOfPage":{"@id":"https:\/\/auction-recovery.com\/en\/product\/ll-light-lion\/#primaryimage"},"image":{"@id":"https:\/\/auction-recovery.com\/en\/product\/ll-light-lion\/#primaryimage"},"thumbnailUrl":"https:\/\/auction-recovery.com\/wp-content\/uploads\/2024\/06\/120.png","datePublished":"2024-06-27T13:20:30+00:00","dateModified":"2026-02-06T09:38:50+00:00","breadcrumb":{"@id":"https:\/\/auction-recovery.com\/en\/product\/ll-light-lion\/#breadcrumb"},"inLanguage":"en-GB","potentialAction":[{"@type":"ReadAction","target":["https:\/\/auction-recovery.com\/en\/product\/ll-light-lion\/"]}]},{"@type":"ImageObject","inLanguage":"en-GB","@id":"https:\/\/auction-recovery.com\/en\/product\/ll-light-lion\/#primaryimage","url":"https:\/\/auction-recovery.com\/wp-content\/uploads\/2024\/06\/120.png","contentUrl":"https:\/\/auction-recovery.com\/wp-content\/uploads\/2024\/06\/120.png","width":1080,"height":1080,"caption":"Light lion conditioner"},{"@type":"BreadcrumbList","@id":"https:\/\/auction-recovery.com\/en\/product\/ll-light-lion\/#breadcrumb","itemListElement":[{"@type":"ListItem","position":1,"name":"Home","item":"https:\/\/auction-recovery.com\/"},{"@type":"ListItem","position":2,"name":"collection","item":"https:\/\/auction-recovery.com\/collection\/"},{"@type":"ListItem","position":3,"name":"LL Light lion"}]},{"@type":"WebSite","@id":"https:\/\/auction-recovery.com\/#website","url":"https:\/\/auction-recovery.com\/","name":"dpclinicalhairproducts.com","description":"Clinical hair care products: prevention of hair loss, support after hair transplantation","publisher":{"@id":"https:\/\/auction-recovery.com\/#organization"},"potentialAction":[{"@type":"SearchAction","target":{"@type":"EntryPoint","urlTemplate":"https:\/\/auction-recovery.com\/?s={search_term_string}"},"query-input":{"@type":"PropertyValueSpecification","valueRequired":true,"valueName":"search_term_string"}}],"inLanguage":"en-GB"},{"@type":"Organization","@id":"https:\/\/auction-recovery.com\/#organization","name":"dpclinicalhairproducts.com","url":"https:\/\/auction-recovery.com\/","logo":{"@type":"ImageObject","inLanguage":"en-GB","@id":"https:\/\/auction-recovery.com\/#\/schema\/logo\/image\/","url":"https:\/\/auction-recovery.com\/wp-content\/uploads\/2024\/05\/DP-Marbella-Clinic_degradado-03-300x3001-1.png","contentUrl":"https:\/\/auction-recovery.com\/wp-content\/uploads\/2024\/05\/DP-Marbella-Clinic_degradado-03-300x3001-1.png","width":300,"height":300,"caption":"dpclinicalhairproducts.com"},"image":{"@id":"https:\/\/auction-recovery.com\/#\/schema\/logo\/image\/"}}]}},"_links":{"self":[{"href":"https:\/\/auction-recovery.com\/en\/wp-json\/wp\/v2\/product\/209","targetHints":{"allow":["GET"]}}],"collection":[{"href":"https:\/\/auction-recovery.com\/en\/wp-json\/wp\/v2\/product"}],"about":[{"href":"https:\/\/auction-recovery.com\/en\/wp-json\/wp\/v2\/types\/product"}],"wp:featuredmedia":[{"embeddable":true,"href":"https:\/\/auction-recovery.com\/en\/wp-json\/wp\/v2\/media\/218"}],"wp:attachment":[{"href":"https:\/\/auction-recovery.com\/en\/wp-json\/wp\/v2\/media?parent=209"}],"wp:term":[{"taxonomy":"product_brand","embeddable":true,"href":"https:\/\/auction-recovery.com\/en\/wp-json\/wp\/v2\/product_brand?post=209"},{"taxonomy":"product_cat","embeddable":true,"href":"https:\/\/auction-recovery.com\/en\/wp-json\/wp\/v2\/product_cat?post=209"},{"taxonomy":"product_tag","embeddable":true,"href":"https:\/\/auction-recovery.com\/en\/wp-json\/wp\/v2\/product_tag?post=209"}],"curies":[{"name":"wp","href":"https:\/\/api.w.org\/{rel}","templated":true}]}}