{"id":207,"date":"2024-06-27T13:20:30","date_gmt":"2024-06-27T13:20:30","guid":{"rendered":"https:\/\/nicolemartins.com\/?post_type=product&#038;p=207"},"modified":"2026-02-06T09:40:06","modified_gmt":"2026-02-06T09:40:06","slug":"sl-silver-lion","status":"publish","type":"product","link":"https:\/\/auction-recovery.com\/en\/product\/sl-silver-lion\/","title":{"rendered":"SL Silver lion"},"content":{"rendered":"<p><br data-mce-bogus=\"1\"><\/p>","protected":false},"excerpt":{"rendered":"<p>Anti-Dandruff Shampoo<\/p>\n<p>Treatment shampoo specially formulated to reduce dandruff caused by dry scalp. Its delicate formula moisturises, softens, gives shine and volume to the hair.<\/p>\n<p>It incorporates extracts of Propolis and Birch, Coconut Oil Derivatives and Piroctone Olamine, which combats the proliferation of Pityrosporum ovale on the scalp, eliminating dead skin cells and therefore dandruff. Thanks to the natural extracts, hair is moisturised, soft, shiny and voluminous.<\/p>\n<p>- Orange Stem Cells: contain amino acids, especially proline and betaine, as well as organic acids, sugars, peptides and proteins. They purify, regenerate and renew scalp cells.<\/p>\n<p>*No returns or refunds due to the nature of the products.<\/p>","protected":false},"featured_media":216,"template":"","meta":{"_et_pb_use_builder":"","_et_pb_old_content":"","_et_gb_content_width":""},"product_brand":[],"product_cat":[17],"product_tag":[],"class_list":{"0":"post-207","1":"product","2":"type-product","3":"status-publish","4":"has-post-thumbnail","6":"product_cat-champu","8":"first","9":"instock","10":"shipping-taxable","11":"purchasable","12":"product-type-simple"},"exclude_global_add_ons":[],"addons":[],"yoast_head":"<!-- This site is optimized with the Yoast SEO plugin v27.0 - https:\/\/yoast.com\/product\/yoast-seo-wordpress\/ -->\n<title>SL Silver lion - dpclinicalhairproducts.com<\/title>\n<meta name=\"robots\" content=\"index, follow, max-snippet:-1, max-image-preview:large, max-video-preview:-1\" \/>\n<link rel=\"canonical\" href=\"https:\/\/auction-recovery.com\/en\/product\/sl-silver-lion\/\" \/>\n<meta property=\"og:locale\" content=\"en_GB\" \/>\n<meta property=\"og:type\" content=\"article\" \/>\n<meta property=\"og:title\" content=\"SL Silver lion - dpclinicalhairproducts.com\" \/>\n<meta property=\"og:description\" content=\"Champ\u00fa AnticaspaChamp\u00fa de tratamiento especialmente formulado para reducir la caspa causada por la sequedad del cuero cabelludo. Su delicada f\u00f3rmula hidrata, suaviza, da brillo y volumen al cabello.Incorpora extractos de Prop\u00f3leo y Abedul, Derivados del Aceite de Coco y Piroctona Olamina, que combate la proliferaci\u00f3n del Pityrosporum ovale del cuero cabelludo, eliminando las c\u00e9lulas muertas de la piel y por tanto, la caspa. Gracias a los extractos naturales, el cabello queda hidratado, suave, brillante y voluminoso.- C\u00e9lulas Madre de Naranja: contienen amino\u00e1cidos, especialmente prolina y beta\u00edna, adem\u00e1s de \u00e1cidos org\u00e1nicos, az\u00facares, p\u00e9ptidos y prote\u00ednas. Purifican, regeneran y renuevan las c\u00e9lulas del cuero cabelludo.*No se realizan devoluciones ni reembolsos debido a la naturaleza de los productos*\" \/>\n<meta property=\"og:url\" content=\"https:\/\/auction-recovery.com\/en\/product\/sl-silver-lion\/\" \/>\n<meta property=\"og:site_name\" content=\"dpclinicalhairproducts.com\" \/>\n<meta property=\"article:modified_time\" content=\"2026-02-06T09:40:06+00:00\" \/>\n<meta property=\"og:image\" content=\"https:\/\/auction-recovery.com\/wp-content\/uploads\/2024\/06\/122.png\" \/>\n\t<meta property=\"og:image:width\" content=\"1080\" \/>\n\t<meta property=\"og:image:height\" content=\"1080\" \/>\n\t<meta property=\"og:image:type\" content=\"image\/png\" \/>\n<meta name=\"twitter:card\" content=\"summary_large_image\" \/>\n<script type=\"application\/ld+json\" class=\"yoast-schema-graph\">{\"@context\":\"https:\/\/schema.org\",\"@graph\":[{\"@type\":\"WebPage\",\"@id\":\"https:\/\/auction-recovery.com\/producto\/sl-silver-lion\/\",\"url\":\"https:\/\/auction-recovery.com\/producto\/sl-silver-lion\/\",\"name\":\"SL Silver lion - dpclinicalhairproducts.com\",\"isPartOf\":{\"@id\":\"https:\/\/auction-recovery.com\/#website\"},\"primaryImageOfPage\":{\"@id\":\"https:\/\/auction-recovery.com\/producto\/sl-silver-lion\/#primaryimage\"},\"image\":{\"@id\":\"https:\/\/auction-recovery.com\/producto\/sl-silver-lion\/#primaryimage\"},\"thumbnailUrl\":\"https:\/\/auction-recovery.com\/wp-content\/uploads\/2024\/06\/122.png\",\"datePublished\":\"2024-06-27T13:20:30+00:00\",\"dateModified\":\"2026-02-06T09:40:06+00:00\",\"breadcrumb\":{\"@id\":\"https:\/\/auction-recovery.com\/producto\/sl-silver-lion\/#breadcrumb\"},\"inLanguage\":\"en-GB\",\"potentialAction\":[{\"@type\":\"ReadAction\",\"target\":[\"https:\/\/auction-recovery.com\/producto\/sl-silver-lion\/\"]}]},{\"@type\":\"ImageObject\",\"inLanguage\":\"en-GB\",\"@id\":\"https:\/\/auction-recovery.com\/producto\/sl-silver-lion\/#primaryimage\",\"url\":\"https:\/\/auction-recovery.com\/wp-content\/uploads\/2024\/06\/122.png\",\"contentUrl\":\"https:\/\/auction-recovery.com\/wp-content\/uploads\/2024\/06\/122.png\",\"width\":1080,\"height\":1080,\"caption\":\"Silver lion shampoo\"},{\"@type\":\"BreadcrumbList\",\"@id\":\"https:\/\/auction-recovery.com\/producto\/sl-silver-lion\/#breadcrumb\",\"itemListElement\":[{\"@type\":\"ListItem\",\"position\":1,\"name\":\"Home\",\"item\":\"https:\/\/auction-recovery.com\/\"},{\"@type\":\"ListItem\",\"position\":2,\"name\":\"collection\",\"item\":\"https:\/\/auction-recovery.com\/collection\/\"},{\"@type\":\"ListItem\",\"position\":3,\"name\":\"SL Silver lion\"}]},{\"@type\":\"WebSite\",\"@id\":\"https:\/\/auction-recovery.com\/#website\",\"url\":\"https:\/\/auction-recovery.com\/\",\"name\":\"dpclinicalhairproducts.com\",\"description\":\"Productos cl\u00ednicos para el cuidado del cabello: prevenci\u00f3n de la ca\u00edda del cabello, sustento despu\u00e9s de implantaciones capilares\",\"publisher\":{\"@id\":\"https:\/\/auction-recovery.com\/#organization\"},\"potentialAction\":[{\"@type\":\"SearchAction\",\"target\":{\"@type\":\"EntryPoint\",\"urlTemplate\":\"https:\/\/auction-recovery.com\/?s={search_term_string}\"},\"query-input\":{\"@type\":\"PropertyValueSpecification\",\"valueRequired\":true,\"valueName\":\"search_term_string\"}}],\"inLanguage\":\"en-GB\"},{\"@type\":\"Organization\",\"@id\":\"https:\/\/auction-recovery.com\/#organization\",\"name\":\"dpclinicalhairproducts.com\",\"url\":\"https:\/\/auction-recovery.com\/\",\"logo\":{\"@type\":\"ImageObject\",\"inLanguage\":\"en-GB\",\"@id\":\"https:\/\/auction-recovery.com\/#\/schema\/logo\/image\/\",\"url\":\"https:\/\/auction-recovery.com\/wp-content\/uploads\/2024\/05\/DP-Marbella-Clinic_degradado-03-300x3001-1.png\",\"contentUrl\":\"https:\/\/auction-recovery.com\/wp-content\/uploads\/2024\/05\/DP-Marbella-Clinic_degradado-03-300x3001-1.png\",\"width\":300,\"height\":300,\"caption\":\"dpclinicalhairproducts.com\"},\"image\":{\"@id\":\"https:\/\/auction-recovery.com\/#\/schema\/logo\/image\/\"}}]}<\/script>\n<!-- \/ Yoast SEO plugin. -->","yoast_head_json":{"title":"SL Silver lion - dpclinicalhairproducts.com","robots":{"index":"index","follow":"follow","max-snippet":"max-snippet:-1","max-image-preview":"max-image-preview:large","max-video-preview":"max-video-preview:-1"},"canonical":"https:\/\/auction-recovery.com\/en\/product\/sl-silver-lion\/","og_locale":"en_GB","og_type":"article","og_title":"SL Silver lion - dpclinicalhairproducts.com","og_description":"Champ\u00fa AnticaspaChamp\u00fa de tratamiento especialmente formulado para reducir la caspa causada por la sequedad del cuero cabelludo. Su delicada f\u00f3rmula hidrata, suaviza, da brillo y volumen al cabello.Incorpora extractos de Prop\u00f3leo y Abedul, Derivados del Aceite de Coco y Piroctona Olamina, que combate la proliferaci\u00f3n del Pityrosporum ovale del cuero cabelludo, eliminando las c\u00e9lulas muertas de la piel y por tanto, la caspa. Gracias a los extractos naturales, el cabello queda hidratado, suave, brillante y voluminoso.- C\u00e9lulas Madre de Naranja: contienen amino\u00e1cidos, especialmente prolina y beta\u00edna, adem\u00e1s de \u00e1cidos org\u00e1nicos, az\u00facares, p\u00e9ptidos y prote\u00ednas. Purifican, regeneran y renuevan las c\u00e9lulas del cuero cabelludo.*No se realizan devoluciones ni reembolsos debido a la naturaleza de los productos*","og_url":"https:\/\/auction-recovery.com\/en\/product\/sl-silver-lion\/","og_site_name":"dpclinicalhairproducts.com","article_modified_time":"2026-02-06T09:40:06+00:00","og_image":[{"width":1080,"height":1080,"url":"https:\/\/auction-recovery.com\/wp-content\/uploads\/2024\/06\/122.png","type":"image\/png"}],"twitter_card":"summary_large_image","schema":{"@context":"https:\/\/schema.org","@graph":[{"@type":"WebPage","@id":"https:\/\/auction-recovery.com\/producto\/sl-silver-lion\/","url":"https:\/\/auction-recovery.com\/producto\/sl-silver-lion\/","name":"SL Silver lion - dpclinicalhairproducts.com","isPartOf":{"@id":"https:\/\/auction-recovery.com\/#website"},"primaryImageOfPage":{"@id":"https:\/\/auction-recovery.com\/producto\/sl-silver-lion\/#primaryimage"},"image":{"@id":"https:\/\/auction-recovery.com\/producto\/sl-silver-lion\/#primaryimage"},"thumbnailUrl":"https:\/\/auction-recovery.com\/wp-content\/uploads\/2024\/06\/122.png","datePublished":"2024-06-27T13:20:30+00:00","dateModified":"2026-02-06T09:40:06+00:00","breadcrumb":{"@id":"https:\/\/auction-recovery.com\/producto\/sl-silver-lion\/#breadcrumb"},"inLanguage":"en-GB","potentialAction":[{"@type":"ReadAction","target":["https:\/\/auction-recovery.com\/producto\/sl-silver-lion\/"]}]},{"@type":"ImageObject","inLanguage":"en-GB","@id":"https:\/\/auction-recovery.com\/producto\/sl-silver-lion\/#primaryimage","url":"https:\/\/auction-recovery.com\/wp-content\/uploads\/2024\/06\/122.png","contentUrl":"https:\/\/auction-recovery.com\/wp-content\/uploads\/2024\/06\/122.png","width":1080,"height":1080,"caption":"Silver lion shampoo"},{"@type":"BreadcrumbList","@id":"https:\/\/auction-recovery.com\/producto\/sl-silver-lion\/#breadcrumb","itemListElement":[{"@type":"ListItem","position":1,"name":"Home","item":"https:\/\/auction-recovery.com\/"},{"@type":"ListItem","position":2,"name":"collection","item":"https:\/\/auction-recovery.com\/collection\/"},{"@type":"ListItem","position":3,"name":"SL Silver lion"}]},{"@type":"WebSite","@id":"https:\/\/auction-recovery.com\/#website","url":"https:\/\/auction-recovery.com\/","name":"dpclinicalhairproducts.com","description":"Clinical hair care products: prevention of hair loss, support after hair transplantation","publisher":{"@id":"https:\/\/auction-recovery.com\/#organization"},"potentialAction":[{"@type":"SearchAction","target":{"@type":"EntryPoint","urlTemplate":"https:\/\/auction-recovery.com\/?s={search_term_string}"},"query-input":{"@type":"PropertyValueSpecification","valueRequired":true,"valueName":"search_term_string"}}],"inLanguage":"en-GB"},{"@type":"Organization","@id":"https:\/\/auction-recovery.com\/#organization","name":"dpclinicalhairproducts.com","url":"https:\/\/auction-recovery.com\/","logo":{"@type":"ImageObject","inLanguage":"en-GB","@id":"https:\/\/auction-recovery.com\/#\/schema\/logo\/image\/","url":"https:\/\/auction-recovery.com\/wp-content\/uploads\/2024\/05\/DP-Marbella-Clinic_degradado-03-300x3001-1.png","contentUrl":"https:\/\/auction-recovery.com\/wp-content\/uploads\/2024\/05\/DP-Marbella-Clinic_degradado-03-300x3001-1.png","width":300,"height":300,"caption":"dpclinicalhairproducts.com"},"image":{"@id":"https:\/\/auction-recovery.com\/#\/schema\/logo\/image\/"}}]}},"_links":{"self":[{"href":"https:\/\/auction-recovery.com\/en\/wp-json\/wp\/v2\/product\/207","targetHints":{"allow":["GET"]}}],"collection":[{"href":"https:\/\/auction-recovery.com\/en\/wp-json\/wp\/v2\/product"}],"about":[{"href":"https:\/\/auction-recovery.com\/en\/wp-json\/wp\/v2\/types\/product"}],"wp:featuredmedia":[{"embeddable":true,"href":"https:\/\/auction-recovery.com\/en\/wp-json\/wp\/v2\/media\/216"}],"wp:attachment":[{"href":"https:\/\/auction-recovery.com\/en\/wp-json\/wp\/v2\/media?parent=207"}],"wp:term":[{"taxonomy":"product_brand","embeddable":true,"href":"https:\/\/auction-recovery.com\/en\/wp-json\/wp\/v2\/product_brand?post=207"},{"taxonomy":"product_cat","embeddable":true,"href":"https:\/\/auction-recovery.com\/en\/wp-json\/wp\/v2\/product_cat?post=207"},{"taxonomy":"product_tag","embeddable":true,"href":"https:\/\/auction-recovery.com\/en\/wp-json\/wp\/v2\/product_tag?post=207"}],"curies":[{"name":"wp","href":"https:\/\/api.w.org\/{rel}","templated":true}]}}