{"id":202,"date":"2024-06-27T13:20:30","date_gmt":"2024-06-27T13:20:30","guid":{"rendered":"https:\/\/nicolemartins.com\/?post_type=product&#038;p=202"},"modified":"2024-06-27T13:21:34","modified_gmt":"2024-06-27T13:21:34","slug":"100-preguntas-frecuentes-sobre-medicina-y-cirugia-capilar","status":"publish","type":"product","link":"https:\/\/auction-recovery.com\/en\/product\/100-preguntas-frecuentes-sobre-medicina-y-cirugia-capilar\/","title":{"rendered":"+100 frequently asked questions about hair medicine and hair surgery"},"content":{"rendered":"","protected":false},"excerpt":{"rendered":"<div id=\"text_block-222-19064\" class=\"ct-text-block text--bold\"><span id=\"span-223-19064\" class=\"ct-span\">With medical answers provided by Dr. Ezequiel Panno<\/span><\/div>\n<div id=\"text_block-28-19064\" class=\"ct-text-block text--primary text--bold\"><span id=\"span-32-19064\" class=\"ct-span\">Dr. Ezequiel Panno<\/span><\/div>\n<div><\/div>\n<div>\n<div id=\"div_block-49-19064\" class=\"ct-div-block margin-top--l catalogo-iconos-ctr\"><img decoding=\"async\" id=\"image-126-19064\" class=\"ct-image catalogo-iconos-caract\" src=\"https:\/\/www.unoeditorial.com\/wp-content\/uploads\/2022\/06\/paginas-1.svg\" sizes=\"(max-width: 0px) 100vw, 0px\" srcset=\"\" alt=\"\" \/> <span id=\"span-53-19064\" class=\"ct-span\">134<\/span>\u00a0pages<\/div>\n<div id=\"div_block-57-19064\" class=\"ct-div-block margin-top--xs catalogo-iconos-ctr\">ISBN: <span id=\"span-60-19064\" class=\"ct-span\">978-84-19384-42-3<\/span><\/div>\n<\/div>","protected":false},"featured_media":213,"template":"","meta":{"_et_pb_use_builder":"on","_et_pb_old_content":"","_et_gb_content_width":""},"product_brand":[],"product_cat":[22],"product_tag":[],"class_list":{"0":"post-202","1":"product","2":"type-product","3":"status-publish","4":"has-post-thumbnail","6":"product_cat-libro","8":"first","9":"instock","10":"shipping-taxable","11":"purchasable","12":"product-type-simple"},"exclude_global_add_ons":[],"addons":[],"yoast_head":"<!-- This site is optimized with the Yoast SEO plugin v27.0 - https:\/\/yoast.com\/product\/yoast-seo-wordpress\/ -->\n<title>&#039;+100 preguntas frecuentes sobre medicina y cirug\u00eda capilar - dpclinicalhairproducts.com<\/title>\n<meta name=\"robots\" content=\"index, follow, max-snippet:-1, max-image-preview:large, max-video-preview:-1\" \/>\n<link rel=\"canonical\" href=\"https:\/\/auction-recovery.com\/en\/product\/100-preguntas-frecuentes-sobre-medicina-y-cirugia-capilar\/\" \/>\n<meta property=\"og:locale\" content=\"en_GB\" \/>\n<meta property=\"og:type\" content=\"article\" \/>\n<meta property=\"og:title\" content=\"&#039;+100 preguntas frecuentes sobre medicina y cirug\u00eda capilar - dpclinicalhairproducts.com\" \/>\n<meta property=\"og:description\" content=\"Con respuestas m\u00e9dicas proporcionadas por el Dr. Ezequiel Panno Dr. Ezequiel Panno    134\u00a0p\u00e1ginas ISBN: 978-84-19384-42-3\" \/>\n<meta property=\"og:url\" content=\"https:\/\/auction-recovery.com\/en\/product\/100-preguntas-frecuentes-sobre-medicina-y-cirugia-capilar\/\" \/>\n<meta property=\"og:site_name\" content=\"dpclinicalhairproducts.com\" \/>\n<meta property=\"article:modified_time\" content=\"2024-06-27T13:21:34+00:00\" \/>\n<meta property=\"og:image\" content=\"https:\/\/auction-recovery.com\/wp-content\/uploads\/2024\/06\/portada100PREGUNTASFRECUENTESSOBREMEDICINACAPILAR-1.jpeg\" \/>\n\t<meta property=\"og:image:width\" content=\"482\" \/>\n\t<meta property=\"og:image:height\" content=\"680\" \/>\n\t<meta property=\"og:image:type\" content=\"image\/jpeg\" \/>\n<meta name=\"twitter:card\" content=\"summary_large_image\" \/>\n<script type=\"application\/ld+json\" class=\"yoast-schema-graph\">{\"@context\":\"https:\/\/schema.org\",\"@graph\":[{\"@type\":\"WebPage\",\"@id\":\"https:\/\/auction-recovery.com\/producto\/100-preguntas-frecuentes-sobre-medicina-y-cirugia-capilar\/\",\"url\":\"https:\/\/auction-recovery.com\/producto\/100-preguntas-frecuentes-sobre-medicina-y-cirugia-capilar\/\",\"name\":\"'+100 preguntas frecuentes sobre medicina y cirug\u00eda capilar - dpclinicalhairproducts.com\",\"isPartOf\":{\"@id\":\"https:\/\/auction-recovery.com\/#website\"},\"primaryImageOfPage\":{\"@id\":\"https:\/\/auction-recovery.com\/producto\/100-preguntas-frecuentes-sobre-medicina-y-cirugia-capilar\/#primaryimage\"},\"image\":{\"@id\":\"https:\/\/auction-recovery.com\/producto\/100-preguntas-frecuentes-sobre-medicina-y-cirugia-capilar\/#primaryimage\"},\"thumbnailUrl\":\"https:\/\/auction-recovery.com\/wp-content\/uploads\/2024\/06\/portada100PREGUNTASFRECUENTESSOBREMEDICINACAPILAR-1.jpeg\",\"datePublished\":\"2024-06-27T13:20:30+00:00\",\"dateModified\":\"2024-06-27T13:21:34+00:00\",\"breadcrumb\":{\"@id\":\"https:\/\/auction-recovery.com\/producto\/100-preguntas-frecuentes-sobre-medicina-y-cirugia-capilar\/#breadcrumb\"},\"inLanguage\":\"en-GB\",\"potentialAction\":[{\"@type\":\"ReadAction\",\"target\":[\"https:\/\/auction-recovery.com\/producto\/100-preguntas-frecuentes-sobre-medicina-y-cirugia-capilar\/\"]}]},{\"@type\":\"ImageObject\",\"inLanguage\":\"en-GB\",\"@id\":\"https:\/\/auction-recovery.com\/producto\/100-preguntas-frecuentes-sobre-medicina-y-cirugia-capilar\/#primaryimage\",\"url\":\"https:\/\/auction-recovery.com\/wp-content\/uploads\/2024\/06\/portada100PREGUNTASFRECUENTESSOBREMEDICINACAPILAR-1.jpeg\",\"contentUrl\":\"https:\/\/auction-recovery.com\/wp-content\/uploads\/2024\/06\/portada100PREGUNTASFRECUENTESSOBREMEDICINACAPILAR-1.jpeg\",\"width\":482,\"height\":680,\"caption\":\"100 PREGUNTAS FRECUENTES SOBRE MEDICINA CAPILAR libro\"},{\"@type\":\"BreadcrumbList\",\"@id\":\"https:\/\/auction-recovery.com\/producto\/100-preguntas-frecuentes-sobre-medicina-y-cirugia-capilar\/#breadcrumb\",\"itemListElement\":[{\"@type\":\"ListItem\",\"position\":1,\"name\":\"Home\",\"item\":\"https:\/\/auction-recovery.com\/\"},{\"@type\":\"ListItem\",\"position\":2,\"name\":\"collection\",\"item\":\"https:\/\/auction-recovery.com\/collection\/\"},{\"@type\":\"ListItem\",\"position\":3,\"name\":\"&#8216;+100 preguntas frecuentes sobre medicina y cirug\u00eda capilar\"}]},{\"@type\":\"WebSite\",\"@id\":\"https:\/\/auction-recovery.com\/#website\",\"url\":\"https:\/\/auction-recovery.com\/\",\"name\":\"dpclinicalhairproducts.com\",\"description\":\"Productos cl\u00ednicos para el cuidado del cabello: prevenci\u00f3n de la ca\u00edda del cabello, sustento despu\u00e9s de implantaciones capilares\",\"publisher\":{\"@id\":\"https:\/\/auction-recovery.com\/#organization\"},\"potentialAction\":[{\"@type\":\"SearchAction\",\"target\":{\"@type\":\"EntryPoint\",\"urlTemplate\":\"https:\/\/auction-recovery.com\/?s={search_term_string}\"},\"query-input\":{\"@type\":\"PropertyValueSpecification\",\"valueRequired\":true,\"valueName\":\"search_term_string\"}}],\"inLanguage\":\"en-GB\"},{\"@type\":\"Organization\",\"@id\":\"https:\/\/auction-recovery.com\/#organization\",\"name\":\"dpclinicalhairproducts.com\",\"url\":\"https:\/\/auction-recovery.com\/\",\"logo\":{\"@type\":\"ImageObject\",\"inLanguage\":\"en-GB\",\"@id\":\"https:\/\/auction-recovery.com\/#\/schema\/logo\/image\/\",\"url\":\"https:\/\/auction-recovery.com\/wp-content\/uploads\/2024\/05\/DP-Marbella-Clinic_degradado-03-300x3001-1.png\",\"contentUrl\":\"https:\/\/auction-recovery.com\/wp-content\/uploads\/2024\/05\/DP-Marbella-Clinic_degradado-03-300x3001-1.png\",\"width\":300,\"height\":300,\"caption\":\"dpclinicalhairproducts.com\"},\"image\":{\"@id\":\"https:\/\/auction-recovery.com\/#\/schema\/logo\/image\/\"}}]}<\/script>\n<!-- \/ Yoast SEO plugin. -->","yoast_head_json":{"title":"'100 frequently asked questions about hair medicine and hair surgery - dpclinicalhairproducts.com","robots":{"index":"index","follow":"follow","max-snippet":"max-snippet:-1","max-image-preview":"max-image-preview:large","max-video-preview":"max-video-preview:-1"},"canonical":"https:\/\/auction-recovery.com\/en\/product\/100-preguntas-frecuentes-sobre-medicina-y-cirugia-capilar\/","og_locale":"en_GB","og_type":"article","og_title":"'+100 preguntas frecuentes sobre medicina y cirug\u00eda capilar - dpclinicalhairproducts.com","og_description":"Con respuestas m\u00e9dicas proporcionadas por el Dr. Ezequiel Panno Dr. Ezequiel Panno    134\u00a0p\u00e1ginas ISBN: 978-84-19384-42-3","og_url":"https:\/\/auction-recovery.com\/en\/product\/100-preguntas-frecuentes-sobre-medicina-y-cirugia-capilar\/","og_site_name":"dpclinicalhairproducts.com","article_modified_time":"2024-06-27T13:21:34+00:00","og_image":[{"width":482,"height":680,"url":"https:\/\/auction-recovery.com\/wp-content\/uploads\/2024\/06\/portada100PREGUNTASFRECUENTESSOBREMEDICINACAPILAR-1.jpeg","type":"image\/jpeg"}],"twitter_card":"summary_large_image","schema":{"@context":"https:\/\/schema.org","@graph":[{"@type":"WebPage","@id":"https:\/\/auction-recovery.com\/producto\/100-preguntas-frecuentes-sobre-medicina-y-cirugia-capilar\/","url":"https:\/\/auction-recovery.com\/producto\/100-preguntas-frecuentes-sobre-medicina-y-cirugia-capilar\/","name":"'100 frequently asked questions about hair medicine and hair surgery - dpclinicalhairproducts.com","isPartOf":{"@id":"https:\/\/auction-recovery.com\/#website"},"primaryImageOfPage":{"@id":"https:\/\/auction-recovery.com\/producto\/100-preguntas-frecuentes-sobre-medicina-y-cirugia-capilar\/#primaryimage"},"image":{"@id":"https:\/\/auction-recovery.com\/producto\/100-preguntas-frecuentes-sobre-medicina-y-cirugia-capilar\/#primaryimage"},"thumbnailUrl":"https:\/\/auction-recovery.com\/wp-content\/uploads\/2024\/06\/portada100PREGUNTASFRECUENTESSOBREMEDICINACAPILAR-1.jpeg","datePublished":"2024-06-27T13:20:30+00:00","dateModified":"2024-06-27T13:21:34+00:00","breadcrumb":{"@id":"https:\/\/auction-recovery.com\/producto\/100-preguntas-frecuentes-sobre-medicina-y-cirugia-capilar\/#breadcrumb"},"inLanguage":"en-GB","potentialAction":[{"@type":"ReadAction","target":["https:\/\/auction-recovery.com\/producto\/100-preguntas-frecuentes-sobre-medicina-y-cirugia-capilar\/"]}]},{"@type":"ImageObject","inLanguage":"en-GB","@id":"https:\/\/auction-recovery.com\/producto\/100-preguntas-frecuentes-sobre-medicina-y-cirugia-capilar\/#primaryimage","url":"https:\/\/auction-recovery.com\/wp-content\/uploads\/2024\/06\/portada100PREGUNTASFRECUENTESSOBREMEDICINACAPILAR-1.jpeg","contentUrl":"https:\/\/auction-recovery.com\/wp-content\/uploads\/2024\/06\/portada100PREGUNTASFRECUENTESSOBREMEDICINACAPILAR-1.jpeg","width":482,"height":680,"caption":"100 PREGUNTAS FRECUENTES SOBRE MEDICINA CAPILAR libro"},{"@type":"BreadcrumbList","@id":"https:\/\/auction-recovery.com\/producto\/100-preguntas-frecuentes-sobre-medicina-y-cirugia-capilar\/#breadcrumb","itemListElement":[{"@type":"ListItem","position":1,"name":"Home","item":"https:\/\/auction-recovery.com\/"},{"@type":"ListItem","position":2,"name":"collection","item":"https:\/\/auction-recovery.com\/collection\/"},{"@type":"ListItem","position":3,"name":"&#8216;+100 preguntas frecuentes sobre medicina y cirug\u00eda capilar"}]},{"@type":"WebSite","@id":"https:\/\/auction-recovery.com\/#website","url":"https:\/\/auction-recovery.com\/","name":"dpclinicalhairproducts.com","description":"Clinical hair care products: prevention of hair loss, support after hair transplantation","publisher":{"@id":"https:\/\/auction-recovery.com\/#organization"},"potentialAction":[{"@type":"SearchAction","target":{"@type":"EntryPoint","urlTemplate":"https:\/\/auction-recovery.com\/?s={search_term_string}"},"query-input":{"@type":"PropertyValueSpecification","valueRequired":true,"valueName":"search_term_string"}}],"inLanguage":"en-GB"},{"@type":"Organization","@id":"https:\/\/auction-recovery.com\/#organization","name":"dpclinicalhairproducts.com","url":"https:\/\/auction-recovery.com\/","logo":{"@type":"ImageObject","inLanguage":"en-GB","@id":"https:\/\/auction-recovery.com\/#\/schema\/logo\/image\/","url":"https:\/\/auction-recovery.com\/wp-content\/uploads\/2024\/05\/DP-Marbella-Clinic_degradado-03-300x3001-1.png","contentUrl":"https:\/\/auction-recovery.com\/wp-content\/uploads\/2024\/05\/DP-Marbella-Clinic_degradado-03-300x3001-1.png","width":300,"height":300,"caption":"dpclinicalhairproducts.com"},"image":{"@id":"https:\/\/auction-recovery.com\/#\/schema\/logo\/image\/"}}]}},"_links":{"self":[{"href":"https:\/\/auction-recovery.com\/en\/wp-json\/wp\/v2\/product\/202","targetHints":{"allow":["GET"]}}],"collection":[{"href":"https:\/\/auction-recovery.com\/en\/wp-json\/wp\/v2\/product"}],"about":[{"href":"https:\/\/auction-recovery.com\/en\/wp-json\/wp\/v2\/types\/product"}],"wp:featuredmedia":[{"embeddable":true,"href":"https:\/\/auction-recovery.com\/en\/wp-json\/wp\/v2\/media\/213"}],"wp:attachment":[{"href":"https:\/\/auction-recovery.com\/en\/wp-json\/wp\/v2\/media?parent=202"}],"wp:term":[{"taxonomy":"product_brand","embeddable":true,"href":"https:\/\/auction-recovery.com\/en\/wp-json\/wp\/v2\/product_brand?post=202"},{"taxonomy":"product_cat","embeddable":true,"href":"https:\/\/auction-recovery.com\/en\/wp-json\/wp\/v2\/product_cat?post=202"},{"taxonomy":"product_tag","embeddable":true,"href":"https:\/\/auction-recovery.com\/en\/wp-json\/wp\/v2\/product_tag?post=202"}],"curies":[{"name":"wp","href":"https:\/\/api.w.org\/{rel}","templated":true}]}}