{"id":200,"date":"2024-06-27T13:20:30","date_gmt":"2024-06-27T13:20:30","guid":{"rendered":"https:\/\/nicolemartins.com\/?post_type=product&#038;p=200"},"modified":"2025-12-23T09:51:38","modified_gmt":"2025-12-23T09:51:38","slug":"prp-completa","status":"publish","type":"product","link":"https:\/\/auction-recovery.com\/en\/product\/prp-completa\/","title":{"rendered":"PRP COMPLETE"},"content":{"rendered":"<p><br data-mce-bogus=\"1\"><\/p>","protected":false},"excerpt":{"rendered":"<h5>SLOWS HAIR LOSS AND INCREASES HAIR THICKNESS<\/h5>\n<div class=\"elementor-element elementor-element-787df9e3 elementor-widget elementor-widget-text-editor\" data-id=\"787df9e3\" data-element_type=\"widget\" data-widget_type=\"text-editor.default\">\n<div class=\"elementor-widget-container\">\n<p>Hair PRP is the most effective solution for men and women suffering from hair loss.<\/p>\n<\/div>\n<\/div>","protected":false},"featured_media":211,"template":"","meta":{"_et_pb_use_builder":"","_et_pb_old_content":"","_et_gb_content_width":""},"product_brand":[],"product_cat":[21],"product_tag":[],"class_list":{"0":"post-200","1":"product","2":"type-product","3":"status-publish","4":"has-post-thumbnail","6":"product_cat-tarjeta-regalo","8":"first","9":"instock","10":"virtual","11":"purchasable","12":"product-type-simple"},"exclude_global_add_ons":[],"addons":[],"yoast_head":"<!-- This site is optimized with the Yoast SEO plugin v27.0 - https:\/\/yoast.com\/product\/yoast-seo-wordpress\/ -->\n<title>PRP COMPLETA - dpclinicalhairproducts.com<\/title>\n<meta name=\"robots\" content=\"index, follow, max-snippet:-1, max-image-preview:large, max-video-preview:-1\" \/>\n<link rel=\"canonical\" href=\"https:\/\/auction-recovery.com\/en\/product\/prp-completa\/\" \/>\n<meta property=\"og:locale\" content=\"en_GB\" \/>\n<meta property=\"og:type\" content=\"article\" \/>\n<meta property=\"og:title\" content=\"PRP COMPLETA - dpclinicalhairproducts.com\" \/>\n<meta property=\"og:description\" content=\"FRENA LA CA\u00cdDA Y AUMENTA EL GROSOR DEL CABELLOEl PRP capilar es\u00a0la soluci\u00f3n m\u00e1s eficaz\u00a0para hombres y mujeres que sufren ca\u00edda del cabello.\" \/>\n<meta property=\"og:url\" content=\"https:\/\/auction-recovery.com\/en\/product\/prp-completa\/\" \/>\n<meta property=\"og:site_name\" content=\"dpclinicalhairproducts.com\" \/>\n<meta property=\"article:modified_time\" content=\"2025-12-23T09:51:38+00:00\" \/>\n<meta property=\"og:image\" content=\"https:\/\/auction-recovery.com\/wp-content\/uploads\/2024\/06\/TR4-1.jpg\" \/>\n\t<meta property=\"og:image:width\" content=\"2228\" \/>\n\t<meta property=\"og:image:height\" content=\"2228\" \/>\n\t<meta property=\"og:image:type\" content=\"image\/jpeg\" \/>\n<meta name=\"twitter:card\" content=\"summary_large_image\" \/>\n<script type=\"application\/ld+json\" class=\"yoast-schema-graph\">{\"@context\":\"https:\/\/schema.org\",\"@graph\":[{\"@type\":\"WebPage\",\"@id\":\"https:\/\/auction-recovery.com\/producto\/prp-completa\/\",\"url\":\"https:\/\/auction-recovery.com\/producto\/prp-completa\/\",\"name\":\"PRP COMPLETA - dpclinicalhairproducts.com\",\"isPartOf\":{\"@id\":\"https:\/\/auction-recovery.com\/#website\"},\"primaryImageOfPage\":{\"@id\":\"https:\/\/auction-recovery.com\/producto\/prp-completa\/#primaryimage\"},\"image\":{\"@id\":\"https:\/\/auction-recovery.com\/producto\/prp-completa\/#primaryimage\"},\"thumbnailUrl\":\"https:\/\/auction-recovery.com\/wp-content\/uploads\/2024\/06\/TR4-1.jpg\",\"datePublished\":\"2024-06-27T13:20:30+00:00\",\"dateModified\":\"2025-12-23T09:51:38+00:00\",\"breadcrumb\":{\"@id\":\"https:\/\/auction-recovery.com\/producto\/prp-completa\/#breadcrumb\"},\"inLanguage\":\"en-GB\",\"potentialAction\":[{\"@type\":\"ReadAction\",\"target\":[\"https:\/\/auction-recovery.com\/producto\/prp-completa\/\"]}]},{\"@type\":\"ImageObject\",\"inLanguage\":\"en-GB\",\"@id\":\"https:\/\/auction-recovery.com\/producto\/prp-completa\/#primaryimage\",\"url\":\"https:\/\/auction-recovery.com\/wp-content\/uploads\/2024\/06\/TR4-1.jpg\",\"contentUrl\":\"https:\/\/auction-recovery.com\/wp-content\/uploads\/2024\/06\/TR4-1.jpg\",\"width\":2228,\"height\":2228,\"caption\":\"prp tarjeta regalo complete 350 euro\"},{\"@type\":\"BreadcrumbList\",\"@id\":\"https:\/\/auction-recovery.com\/producto\/prp-completa\/#breadcrumb\",\"itemListElement\":[{\"@type\":\"ListItem\",\"position\":1,\"name\":\"Home\",\"item\":\"https:\/\/auction-recovery.com\/\"},{\"@type\":\"ListItem\",\"position\":2,\"name\":\"collection\",\"item\":\"https:\/\/auction-recovery.com\/collection\/\"},{\"@type\":\"ListItem\",\"position\":3,\"name\":\"PRP COMPLETA\"}]},{\"@type\":\"WebSite\",\"@id\":\"https:\/\/auction-recovery.com\/#website\",\"url\":\"https:\/\/auction-recovery.com\/\",\"name\":\"dpclinicalhairproducts.com\",\"description\":\"Productos cl\u00ednicos para el cuidado del cabello: prevenci\u00f3n de la ca\u00edda del cabello, sustento despu\u00e9s de implantaciones capilares\",\"publisher\":{\"@id\":\"https:\/\/auction-recovery.com\/#organization\"},\"potentialAction\":[{\"@type\":\"SearchAction\",\"target\":{\"@type\":\"EntryPoint\",\"urlTemplate\":\"https:\/\/auction-recovery.com\/?s={search_term_string}\"},\"query-input\":{\"@type\":\"PropertyValueSpecification\",\"valueRequired\":true,\"valueName\":\"search_term_string\"}}],\"inLanguage\":\"en-GB\"},{\"@type\":\"Organization\",\"@id\":\"https:\/\/auction-recovery.com\/#organization\",\"name\":\"dpclinicalhairproducts.com\",\"url\":\"https:\/\/auction-recovery.com\/\",\"logo\":{\"@type\":\"ImageObject\",\"inLanguage\":\"en-GB\",\"@id\":\"https:\/\/auction-recovery.com\/#\/schema\/logo\/image\/\",\"url\":\"https:\/\/auction-recovery.com\/wp-content\/uploads\/2024\/05\/DP-Marbella-Clinic_degradado-03-300x3001-1.png\",\"contentUrl\":\"https:\/\/auction-recovery.com\/wp-content\/uploads\/2024\/05\/DP-Marbella-Clinic_degradado-03-300x3001-1.png\",\"width\":300,\"height\":300,\"caption\":\"dpclinicalhairproducts.com\"},\"image\":{\"@id\":\"https:\/\/auction-recovery.com\/#\/schema\/logo\/image\/\"}}]}<\/script>\n<!-- \/ Yoast SEO plugin. -->","yoast_head_json":{"title":"PRP COMPLETE - dpclinicalhairproducts.com","robots":{"index":"index","follow":"follow","max-snippet":"max-snippet:-1","max-image-preview":"max-image-preview:large","max-video-preview":"max-video-preview:-1"},"canonical":"https:\/\/auction-recovery.com\/en\/product\/prp-completa\/","og_locale":"en_GB","og_type":"article","og_title":"PRP COMPLETA - dpclinicalhairproducts.com","og_description":"FRENA LA CA\u00cdDA Y AUMENTA EL GROSOR DEL CABELLOEl PRP capilar es\u00a0la soluci\u00f3n m\u00e1s eficaz\u00a0para hombres y mujeres que sufren ca\u00edda del cabello.","og_url":"https:\/\/auction-recovery.com\/en\/product\/prp-completa\/","og_site_name":"dpclinicalhairproducts.com","article_modified_time":"2025-12-23T09:51:38+00:00","og_image":[{"width":2228,"height":2228,"url":"https:\/\/auction-recovery.com\/wp-content\/uploads\/2024\/06\/TR4-1.jpg","type":"image\/jpeg"}],"twitter_card":"summary_large_image","schema":{"@context":"https:\/\/schema.org","@graph":[{"@type":"WebPage","@id":"https:\/\/auction-recovery.com\/producto\/prp-completa\/","url":"https:\/\/auction-recovery.com\/producto\/prp-completa\/","name":"PRP COMPLETE - dpclinicalhairproducts.com","isPartOf":{"@id":"https:\/\/auction-recovery.com\/#website"},"primaryImageOfPage":{"@id":"https:\/\/auction-recovery.com\/producto\/prp-completa\/#primaryimage"},"image":{"@id":"https:\/\/auction-recovery.com\/producto\/prp-completa\/#primaryimage"},"thumbnailUrl":"https:\/\/auction-recovery.com\/wp-content\/uploads\/2024\/06\/TR4-1.jpg","datePublished":"2024-06-27T13:20:30+00:00","dateModified":"2025-12-23T09:51:38+00:00","breadcrumb":{"@id":"https:\/\/auction-recovery.com\/producto\/prp-completa\/#breadcrumb"},"inLanguage":"en-GB","potentialAction":[{"@type":"ReadAction","target":["https:\/\/auction-recovery.com\/producto\/prp-completa\/"]}]},{"@type":"ImageObject","inLanguage":"en-GB","@id":"https:\/\/auction-recovery.com\/producto\/prp-completa\/#primaryimage","url":"https:\/\/auction-recovery.com\/wp-content\/uploads\/2024\/06\/TR4-1.jpg","contentUrl":"https:\/\/auction-recovery.com\/wp-content\/uploads\/2024\/06\/TR4-1.jpg","width":2228,"height":2228,"caption":"prp tarjeta regalo complete 350 euro"},{"@type":"BreadcrumbList","@id":"https:\/\/auction-recovery.com\/producto\/prp-completa\/#breadcrumb","itemListElement":[{"@type":"ListItem","position":1,"name":"Home","item":"https:\/\/auction-recovery.com\/"},{"@type":"ListItem","position":2,"name":"collection","item":"https:\/\/auction-recovery.com\/collection\/"},{"@type":"ListItem","position":3,"name":"PRP COMPLETA"}]},{"@type":"WebSite","@id":"https:\/\/auction-recovery.com\/#website","url":"https:\/\/auction-recovery.com\/","name":"dpclinicalhairproducts.com","description":"Clinical hair care products: prevention of hair loss, support after hair transplantation","publisher":{"@id":"https:\/\/auction-recovery.com\/#organization"},"potentialAction":[{"@type":"SearchAction","target":{"@type":"EntryPoint","urlTemplate":"https:\/\/auction-recovery.com\/?s={search_term_string}"},"query-input":{"@type":"PropertyValueSpecification","valueRequired":true,"valueName":"search_term_string"}}],"inLanguage":"en-GB"},{"@type":"Organization","@id":"https:\/\/auction-recovery.com\/#organization","name":"dpclinicalhairproducts.com","url":"https:\/\/auction-recovery.com\/","logo":{"@type":"ImageObject","inLanguage":"en-GB","@id":"https:\/\/auction-recovery.com\/#\/schema\/logo\/image\/","url":"https:\/\/auction-recovery.com\/wp-content\/uploads\/2024\/05\/DP-Marbella-Clinic_degradado-03-300x3001-1.png","contentUrl":"https:\/\/auction-recovery.com\/wp-content\/uploads\/2024\/05\/DP-Marbella-Clinic_degradado-03-300x3001-1.png","width":300,"height":300,"caption":"dpclinicalhairproducts.com"},"image":{"@id":"https:\/\/auction-recovery.com\/#\/schema\/logo\/image\/"}}]}},"_links":{"self":[{"href":"https:\/\/auction-recovery.com\/en\/wp-json\/wp\/v2\/product\/200","targetHints":{"allow":["GET"]}}],"collection":[{"href":"https:\/\/auction-recovery.com\/en\/wp-json\/wp\/v2\/product"}],"about":[{"href":"https:\/\/auction-recovery.com\/en\/wp-json\/wp\/v2\/types\/product"}],"wp:featuredmedia":[{"embeddable":true,"href":"https:\/\/auction-recovery.com\/en\/wp-json\/wp\/v2\/media\/211"}],"wp:attachment":[{"href":"https:\/\/auction-recovery.com\/en\/wp-json\/wp\/v2\/media?parent=200"}],"wp:term":[{"taxonomy":"product_brand","embeddable":true,"href":"https:\/\/auction-recovery.com\/en\/wp-json\/wp\/v2\/product_brand?post=200"},{"taxonomy":"product_cat","embeddable":true,"href":"https:\/\/auction-recovery.com\/en\/wp-json\/wp\/v2\/product_cat?post=200"},{"taxonomy":"product_tag","embeddable":true,"href":"https:\/\/auction-recovery.com\/en\/wp-json\/wp\/v2\/product_tag?post=200"}],"curies":[{"name":"wp","href":"https:\/\/api.w.org\/{rel}","templated":true}]}}