{"id":198,"date":"2024-06-27T13:20:30","date_gmt":"2024-06-27T13:20:30","guid":{"rendered":"https:\/\/nicolemartins.com\/?post_type=product&#038;p=198"},"modified":"2025-12-23T09:52:17","modified_gmt":"2025-12-23T09:52:17","slug":"mesoterapia-2","status":"publish","type":"product","link":"https:\/\/auction-recovery.com\/en\/product\/mesoterapia-2\/","title":{"rendered":"MESOTHERAPY"},"content":{"rendered":"<p><br data-mce-bogus=\"1\"><\/p>","protected":false},"excerpt":{"rendered":"<div class=\"column mcb-column mcb-item-3d827fc50 one tablet-one-second mobile-one column_column\">\n<div class=\"mcb-column-inner mcb-column-inner-3d827fc50 mcb-item-column-inner\">\n<div class=\"column_attr mfn-inline-editor clearfix align_center\">\n<p>The\u00a0<b>hair mesotherapy\u00a0<\/b>involves treating the affected area of the scalp with a series of small injections to administer an\u00a0<b>cocktail of unbranched hyaluronic acid, vitamins and amino acids<\/b>. Its application is local and it is administered to reinforce the results of other treatments as well as to prevent hair loss, strengthen transplanted hair and moisturise the scalp, promoting hair growth.<\/p>\n<\/div>\n<\/div>\n<\/div>\n<div class=\"column mcb-column mcb-item-e0aa5ea64 one tablet-one mobile-one column_button\"><\/div>","protected":false},"featured_media":98,"template":"","meta":{"_et_pb_use_builder":"","_et_pb_old_content":"","_et_gb_content_width":""},"product_brand":[],"product_cat":[21],"product_tag":[],"class_list":{"0":"post-198","1":"product","2":"type-product","3":"status-publish","4":"has-post-thumbnail","6":"product_cat-tarjeta-regalo","8":"first","9":"instock","10":"virtual","11":"purchasable","12":"product-type-simple"},"exclude_global_add_ons":[],"addons":[],"yoast_head":"<!-- This site is optimized with the Yoast SEO plugin v27.0 - https:\/\/yoast.com\/product\/yoast-seo-wordpress\/ -->\n<title>MESOTERAPIA - dpclinicalhairproducts.com<\/title>\n<meta name=\"robots\" content=\"index, follow, max-snippet:-1, max-image-preview:large, max-video-preview:-1\" \/>\n<link rel=\"canonical\" href=\"https:\/\/auction-recovery.com\/en\/product\/mesoterapia-2\/\" \/>\n<meta property=\"og:locale\" content=\"en_GB\" \/>\n<meta property=\"og:type\" content=\"article\" \/>\n<meta property=\"og:title\" content=\"MESOTERAPIA - dpclinicalhairproducts.com\" \/>\n<meta property=\"og:description\" content=\"La\u00a0mesoterapia capilar\u00a0consiste en tratar el \u00e1rea afectada del cuero cabelludo con una serie de peque\u00f1as inyecciones para administrar un\u00a0c\u00f3ctel de \u00e1cido hialur\u00f3nico no ramificado, vitaminas y amino\u00e1cidos. Su aplicaci\u00f3n es local y se administra para reforzar los resultados de otros tratamientos as\u00ed como para prevenir la ca\u00edda del cabello, fortalecer el cabello trasplantado e hidratar el cuero cabelludo, promoviendo el crecimiento del pelo.\" \/>\n<meta property=\"og:url\" content=\"https:\/\/auction-recovery.com\/en\/product\/mesoterapia-2\/\" \/>\n<meta property=\"og:site_name\" content=\"dpclinicalhairproducts.com\" \/>\n<meta property=\"article:modified_time\" content=\"2025-12-23T09:52:17+00:00\" \/>\n<meta property=\"og:image\" content=\"https:\/\/auction-recovery.com\/wp-content\/uploads\/2024\/05\/TR1.jpg\" \/>\n\t<meta property=\"og:image:width\" content=\"2228\" \/>\n\t<meta property=\"og:image:height\" content=\"2228\" \/>\n\t<meta property=\"og:image:type\" content=\"image\/jpeg\" \/>\n<meta name=\"twitter:card\" content=\"summary_large_image\" \/>\n<script type=\"application\/ld+json\" class=\"yoast-schema-graph\">{\"@context\":\"https:\/\/schema.org\",\"@graph\":[{\"@type\":\"WebPage\",\"@id\":\"https:\/\/auction-recovery.com\/producto\/mesoterapia-2\/\",\"url\":\"https:\/\/auction-recovery.com\/producto\/mesoterapia-2\/\",\"name\":\"MESOTERAPIA - dpclinicalhairproducts.com\",\"isPartOf\":{\"@id\":\"https:\/\/auction-recovery.com\/#website\"},\"primaryImageOfPage\":{\"@id\":\"https:\/\/auction-recovery.com\/producto\/mesoterapia-2\/#primaryimage\"},\"image\":{\"@id\":\"https:\/\/auction-recovery.com\/producto\/mesoterapia-2\/#primaryimage\"},\"thumbnailUrl\":\"https:\/\/auction-recovery.com\/wp-content\/uploads\/2024\/05\/TR1.jpg\",\"datePublished\":\"2024-06-27T13:20:30+00:00\",\"dateModified\":\"2025-12-23T09:52:17+00:00\",\"breadcrumb\":{\"@id\":\"https:\/\/auction-recovery.com\/producto\/mesoterapia-2\/#breadcrumb\"},\"inLanguage\":\"en-GB\",\"potentialAction\":[{\"@type\":\"ReadAction\",\"target\":[\"https:\/\/auction-recovery.com\/producto\/mesoterapia-2\/\"]}]},{\"@type\":\"ImageObject\",\"inLanguage\":\"en-GB\",\"@id\":\"https:\/\/auction-recovery.com\/producto\/mesoterapia-2\/#primaryimage\",\"url\":\"https:\/\/auction-recovery.com\/wp-content\/uploads\/2024\/05\/TR1.jpg\",\"contentUrl\":\"https:\/\/auction-recovery.com\/wp-content\/uploads\/2024\/05\/TR1.jpg\",\"width\":2228,\"height\":2228,\"caption\":\"tarjeta regalo 150 euros\"},{\"@type\":\"BreadcrumbList\",\"@id\":\"https:\/\/auction-recovery.com\/producto\/mesoterapia-2\/#breadcrumb\",\"itemListElement\":[{\"@type\":\"ListItem\",\"position\":1,\"name\":\"Home\",\"item\":\"https:\/\/auction-recovery.com\/\"},{\"@type\":\"ListItem\",\"position\":2,\"name\":\"collection\",\"item\":\"https:\/\/auction-recovery.com\/collection\/\"},{\"@type\":\"ListItem\",\"position\":3,\"name\":\"MESOTERAPIA\"}]},{\"@type\":\"WebSite\",\"@id\":\"https:\/\/auction-recovery.com\/#website\",\"url\":\"https:\/\/auction-recovery.com\/\",\"name\":\"dpclinicalhairproducts.com\",\"description\":\"Productos cl\u00ednicos para el cuidado del cabello: prevenci\u00f3n de la ca\u00edda del cabello, sustento despu\u00e9s de implantaciones capilares\",\"publisher\":{\"@id\":\"https:\/\/auction-recovery.com\/#organization\"},\"potentialAction\":[{\"@type\":\"SearchAction\",\"target\":{\"@type\":\"EntryPoint\",\"urlTemplate\":\"https:\/\/auction-recovery.com\/?s={search_term_string}\"},\"query-input\":{\"@type\":\"PropertyValueSpecification\",\"valueRequired\":true,\"valueName\":\"search_term_string\"}}],\"inLanguage\":\"en-GB\"},{\"@type\":\"Organization\",\"@id\":\"https:\/\/auction-recovery.com\/#organization\",\"name\":\"dpclinicalhairproducts.com\",\"url\":\"https:\/\/auction-recovery.com\/\",\"logo\":{\"@type\":\"ImageObject\",\"inLanguage\":\"en-GB\",\"@id\":\"https:\/\/auction-recovery.com\/#\/schema\/logo\/image\/\",\"url\":\"https:\/\/auction-recovery.com\/wp-content\/uploads\/2024\/05\/DP-Marbella-Clinic_degradado-03-300x3001-1.png\",\"contentUrl\":\"https:\/\/auction-recovery.com\/wp-content\/uploads\/2024\/05\/DP-Marbella-Clinic_degradado-03-300x3001-1.png\",\"width\":300,\"height\":300,\"caption\":\"dpclinicalhairproducts.com\"},\"image\":{\"@id\":\"https:\/\/auction-recovery.com\/#\/schema\/logo\/image\/\"}}]}<\/script>\n<!-- \/ Yoast SEO plugin. -->","yoast_head_json":{"title":"MESOTHERAPY - dpclinicalhairproducts.com","robots":{"index":"index","follow":"follow","max-snippet":"max-snippet:-1","max-image-preview":"max-image-preview:large","max-video-preview":"max-video-preview:-1"},"canonical":"https:\/\/auction-recovery.com\/en\/product\/mesoterapia-2\/","og_locale":"en_GB","og_type":"article","og_title":"MESOTERAPIA - dpclinicalhairproducts.com","og_description":"La\u00a0mesoterapia capilar\u00a0consiste en tratar el \u00e1rea afectada del cuero cabelludo con una serie de peque\u00f1as inyecciones para administrar un\u00a0c\u00f3ctel de \u00e1cido hialur\u00f3nico no ramificado, vitaminas y amino\u00e1cidos. Su aplicaci\u00f3n es local y se administra para reforzar los resultados de otros tratamientos as\u00ed como para prevenir la ca\u00edda del cabello, fortalecer el cabello trasplantado e hidratar el cuero cabelludo, promoviendo el crecimiento del pelo.","og_url":"https:\/\/auction-recovery.com\/en\/product\/mesoterapia-2\/","og_site_name":"dpclinicalhairproducts.com","article_modified_time":"2025-12-23T09:52:17+00:00","og_image":[{"width":2228,"height":2228,"url":"https:\/\/auction-recovery.com\/wp-content\/uploads\/2024\/05\/TR1.jpg","type":"image\/jpeg"}],"twitter_card":"summary_large_image","schema":{"@context":"https:\/\/schema.org","@graph":[{"@type":"WebPage","@id":"https:\/\/auction-recovery.com\/producto\/mesoterapia-2\/","url":"https:\/\/auction-recovery.com\/producto\/mesoterapia-2\/","name":"MESOTHERAPY - dpclinicalhairproducts.com","isPartOf":{"@id":"https:\/\/auction-recovery.com\/#website"},"primaryImageOfPage":{"@id":"https:\/\/auction-recovery.com\/producto\/mesoterapia-2\/#primaryimage"},"image":{"@id":"https:\/\/auction-recovery.com\/producto\/mesoterapia-2\/#primaryimage"},"thumbnailUrl":"https:\/\/auction-recovery.com\/wp-content\/uploads\/2024\/05\/TR1.jpg","datePublished":"2024-06-27T13:20:30+00:00","dateModified":"2025-12-23T09:52:17+00:00","breadcrumb":{"@id":"https:\/\/auction-recovery.com\/producto\/mesoterapia-2\/#breadcrumb"},"inLanguage":"en-GB","potentialAction":[{"@type":"ReadAction","target":["https:\/\/auction-recovery.com\/producto\/mesoterapia-2\/"]}]},{"@type":"ImageObject","inLanguage":"en-GB","@id":"https:\/\/auction-recovery.com\/producto\/mesoterapia-2\/#primaryimage","url":"https:\/\/auction-recovery.com\/wp-content\/uploads\/2024\/05\/TR1.jpg","contentUrl":"https:\/\/auction-recovery.com\/wp-content\/uploads\/2024\/05\/TR1.jpg","width":2228,"height":2228,"caption":"tarjeta regalo 150 euros"},{"@type":"BreadcrumbList","@id":"https:\/\/auction-recovery.com\/producto\/mesoterapia-2\/#breadcrumb","itemListElement":[{"@type":"ListItem","position":1,"name":"Home","item":"https:\/\/auction-recovery.com\/"},{"@type":"ListItem","position":2,"name":"collection","item":"https:\/\/auction-recovery.com\/collection\/"},{"@type":"ListItem","position":3,"name":"MESOTERAPIA"}]},{"@type":"WebSite","@id":"https:\/\/auction-recovery.com\/#website","url":"https:\/\/auction-recovery.com\/","name":"dpclinicalhairproducts.com","description":"Clinical hair care products: prevention of hair loss, support after hair transplantation","publisher":{"@id":"https:\/\/auction-recovery.com\/#organization"},"potentialAction":[{"@type":"SearchAction","target":{"@type":"EntryPoint","urlTemplate":"https:\/\/auction-recovery.com\/?s={search_term_string}"},"query-input":{"@type":"PropertyValueSpecification","valueRequired":true,"valueName":"search_term_string"}}],"inLanguage":"en-GB"},{"@type":"Organization","@id":"https:\/\/auction-recovery.com\/#organization","name":"dpclinicalhairproducts.com","url":"https:\/\/auction-recovery.com\/","logo":{"@type":"ImageObject","inLanguage":"en-GB","@id":"https:\/\/auction-recovery.com\/#\/schema\/logo\/image\/","url":"https:\/\/auction-recovery.com\/wp-content\/uploads\/2024\/05\/DP-Marbella-Clinic_degradado-03-300x3001-1.png","contentUrl":"https:\/\/auction-recovery.com\/wp-content\/uploads\/2024\/05\/DP-Marbella-Clinic_degradado-03-300x3001-1.png","width":300,"height":300,"caption":"dpclinicalhairproducts.com"},"image":{"@id":"https:\/\/auction-recovery.com\/#\/schema\/logo\/image\/"}}]}},"_links":{"self":[{"href":"https:\/\/auction-recovery.com\/en\/wp-json\/wp\/v2\/product\/198","targetHints":{"allow":["GET"]}}],"collection":[{"href":"https:\/\/auction-recovery.com\/en\/wp-json\/wp\/v2\/product"}],"about":[{"href":"https:\/\/auction-recovery.com\/en\/wp-json\/wp\/v2\/types\/product"}],"wp:featuredmedia":[{"embeddable":true,"href":"https:\/\/auction-recovery.com\/en\/wp-json\/wp\/v2\/media\/98"}],"wp:attachment":[{"href":"https:\/\/auction-recovery.com\/en\/wp-json\/wp\/v2\/media?parent=198"}],"wp:term":[{"taxonomy":"product_brand","embeddable":true,"href":"https:\/\/auction-recovery.com\/en\/wp-json\/wp\/v2\/product_brand?post=198"},{"taxonomy":"product_cat","embeddable":true,"href":"https:\/\/auction-recovery.com\/en\/wp-json\/wp\/v2\/product_cat?post=198"},{"taxonomy":"product_tag","embeddable":true,"href":"https:\/\/auction-recovery.com\/en\/wp-json\/wp\/v2\/product_tag?post=198"}],"curies":[{"name":"wp","href":"https:\/\/api.w.org\/{rel}","templated":true}]}}