{"id":197,"date":"2024-06-27T13:20:30","date_gmt":"2024-06-27T13:20:30","guid":{"rendered":"https:\/\/nicolemartins.com\/?post_type=product&#038;p=197"},"modified":"2024-06-27T13:20:36","modified_gmt":"2024-06-27T13:20:36","slug":"tarjeta-regalo-500-e-2","status":"publish","type":"product","link":"https:\/\/auction-recovery.com\/en\/product\/tarjeta-regalo-500-e-2\/","title":{"rendered":"Gift card \u20ac500"},"content":{"rendered":"<p>Get this gift card worth \u20ac500 to spend on medical treatments at our clinic.<\/p>\n<p>&nbsp;<\/p>","protected":false},"excerpt":{"rendered":"<p>Get this gift card worth \u20ac500 to spend on medical treatments at our clinic. &nbsp;<\/p>","protected":false},"featured_media":96,"template":"","meta":{"_et_pb_use_builder":"","_et_pb_old_content":"","_et_gb_content_width":""},"product_brand":[],"product_cat":[21],"product_tag":[],"class_list":{"0":"post-197","1":"product","2":"type-product","3":"status-publish","4":"has-post-thumbnail","6":"product_cat-tarjeta-regalo","8":"first","9":"instock","10":"virtual","11":"purchasable","12":"product-type-simple"},"exclude_global_add_ons":[],"addons":[],"yoast_head":"<!-- This site is optimized with the Yoast SEO plugin v27.0 - https:\/\/yoast.com\/product\/yoast-seo-wordpress\/ -->\n<title>Tarjeta regalo 500 \u20ac - dpclinicalhairproducts.com<\/title>\n<meta name=\"robots\" content=\"index, follow, max-snippet:-1, max-image-preview:large, max-video-preview:-1\" \/>\n<link rel=\"canonical\" href=\"https:\/\/auction-recovery.com\/en\/product\/tarjeta-regalo-500-e-2\/\" \/>\n<meta property=\"og:locale\" content=\"en_GB\" \/>\n<meta property=\"og:type\" content=\"article\" \/>\n<meta property=\"og:title\" content=\"Tarjeta regalo 500 \u20ac - dpclinicalhairproducts.com\" \/>\n<meta property=\"og:description\" content=\"Hazte con esta tarjeta regalo valorada en 500 \u20ac para gastar en tratamientos m\u00e9dicos de nuestra cl\u00ednica. &nbsp;\" \/>\n<meta property=\"og:url\" content=\"https:\/\/auction-recovery.com\/en\/product\/tarjeta-regalo-500-e-2\/\" \/>\n<meta property=\"og:site_name\" content=\"dpclinicalhairproducts.com\" \/>\n<meta property=\"article:modified_time\" content=\"2024-06-27T13:20:36+00:00\" \/>\n<meta property=\"og:image\" content=\"https:\/\/auction-recovery.com\/wp-content\/uploads\/2024\/05\/TR-500.jpg\" \/>\n\t<meta property=\"og:image:width\" content=\"2228\" \/>\n\t<meta property=\"og:image:height\" content=\"2228\" \/>\n\t<meta property=\"og:image:type\" content=\"image\/jpeg\" \/>\n<meta name=\"twitter:card\" content=\"summary_large_image\" \/>\n<script type=\"application\/ld+json\" class=\"yoast-schema-graph\">{\"@context\":\"https:\/\/schema.org\",\"@graph\":[{\"@type\":\"WebPage\",\"@id\":\"https:\/\/auction-recovery.com\/producto\/tarjeta-regalo-500-e-2\/\",\"url\":\"https:\/\/auction-recovery.com\/producto\/tarjeta-regalo-500-e-2\/\",\"name\":\"Tarjeta regalo 500 \u20ac - dpclinicalhairproducts.com\",\"isPartOf\":{\"@id\":\"https:\/\/auction-recovery.com\/#website\"},\"primaryImageOfPage\":{\"@id\":\"https:\/\/auction-recovery.com\/producto\/tarjeta-regalo-500-e-2\/#primaryimage\"},\"image\":{\"@id\":\"https:\/\/auction-recovery.com\/producto\/tarjeta-regalo-500-e-2\/#primaryimage\"},\"thumbnailUrl\":\"https:\/\/auction-recovery.com\/wp-content\/uploads\/2024\/05\/TR-500.jpg\",\"datePublished\":\"2024-06-27T13:20:30+00:00\",\"dateModified\":\"2024-06-27T13:20:36+00:00\",\"breadcrumb\":{\"@id\":\"https:\/\/auction-recovery.com\/producto\/tarjeta-regalo-500-e-2\/#breadcrumb\"},\"inLanguage\":\"en-GB\",\"potentialAction\":[{\"@type\":\"ReadAction\",\"target\":[\"https:\/\/auction-recovery.com\/producto\/tarjeta-regalo-500-e-2\/\"]}]},{\"@type\":\"ImageObject\",\"inLanguage\":\"en-GB\",\"@id\":\"https:\/\/auction-recovery.com\/producto\/tarjeta-regalo-500-e-2\/#primaryimage\",\"url\":\"https:\/\/auction-recovery.com\/wp-content\/uploads\/2024\/05\/TR-500.jpg\",\"contentUrl\":\"https:\/\/auction-recovery.com\/wp-content\/uploads\/2024\/05\/TR-500.jpg\",\"width\":2228,\"height\":2228,\"caption\":\"tarjeta regalo 500 euros for all services\"},{\"@type\":\"BreadcrumbList\",\"@id\":\"https:\/\/auction-recovery.com\/producto\/tarjeta-regalo-500-e-2\/#breadcrumb\",\"itemListElement\":[{\"@type\":\"ListItem\",\"position\":1,\"name\":\"Home\",\"item\":\"https:\/\/auction-recovery.com\/\"},{\"@type\":\"ListItem\",\"position\":2,\"name\":\"collection\",\"item\":\"https:\/\/auction-recovery.com\/collection\/\"},{\"@type\":\"ListItem\",\"position\":3,\"name\":\"Tarjeta regalo 500 \u20ac\"}]},{\"@type\":\"WebSite\",\"@id\":\"https:\/\/auction-recovery.com\/#website\",\"url\":\"https:\/\/auction-recovery.com\/\",\"name\":\"dpclinicalhairproducts.com\",\"description\":\"Productos cl\u00ednicos para el cuidado del cabello: prevenci\u00f3n de la ca\u00edda del cabello, sustento despu\u00e9s de implantaciones capilares\",\"publisher\":{\"@id\":\"https:\/\/auction-recovery.com\/#organization\"},\"potentialAction\":[{\"@type\":\"SearchAction\",\"target\":{\"@type\":\"EntryPoint\",\"urlTemplate\":\"https:\/\/auction-recovery.com\/?s={search_term_string}\"},\"query-input\":{\"@type\":\"PropertyValueSpecification\",\"valueRequired\":true,\"valueName\":\"search_term_string\"}}],\"inLanguage\":\"en-GB\"},{\"@type\":\"Organization\",\"@id\":\"https:\/\/auction-recovery.com\/#organization\",\"name\":\"dpclinicalhairproducts.com\",\"url\":\"https:\/\/auction-recovery.com\/\",\"logo\":{\"@type\":\"ImageObject\",\"inLanguage\":\"en-GB\",\"@id\":\"https:\/\/auction-recovery.com\/#\/schema\/logo\/image\/\",\"url\":\"https:\/\/auction-recovery.com\/wp-content\/uploads\/2024\/05\/DP-Marbella-Clinic_degradado-03-300x3001-1.png\",\"contentUrl\":\"https:\/\/auction-recovery.com\/wp-content\/uploads\/2024\/05\/DP-Marbella-Clinic_degradado-03-300x3001-1.png\",\"width\":300,\"height\":300,\"caption\":\"dpclinicalhairproducts.com\"},\"image\":{\"@id\":\"https:\/\/auction-recovery.com\/#\/schema\/logo\/image\/\"}}]}<\/script>\n<!-- \/ Yoast SEO plugin. -->","yoast_head_json":{"title":"Gift card 500 \u20ac - dpclinicalhairproducts.com","robots":{"index":"index","follow":"follow","max-snippet":"max-snippet:-1","max-image-preview":"max-image-preview:large","max-video-preview":"max-video-preview:-1"},"canonical":"https:\/\/auction-recovery.com\/en\/product\/tarjeta-regalo-500-e-2\/","og_locale":"en_GB","og_type":"article","og_title":"Tarjeta regalo 500 \u20ac - dpclinicalhairproducts.com","og_description":"Hazte con esta tarjeta regalo valorada en 500 \u20ac para gastar en tratamientos m\u00e9dicos de nuestra cl\u00ednica. &nbsp;","og_url":"https:\/\/auction-recovery.com\/en\/product\/tarjeta-regalo-500-e-2\/","og_site_name":"dpclinicalhairproducts.com","article_modified_time":"2024-06-27T13:20:36+00:00","og_image":[{"width":2228,"height":2228,"url":"https:\/\/auction-recovery.com\/wp-content\/uploads\/2024\/05\/TR-500.jpg","type":"image\/jpeg"}],"twitter_card":"summary_large_image","schema":{"@context":"https:\/\/schema.org","@graph":[{"@type":"WebPage","@id":"https:\/\/auction-recovery.com\/producto\/tarjeta-regalo-500-e-2\/","url":"https:\/\/auction-recovery.com\/producto\/tarjeta-regalo-500-e-2\/","name":"Gift card 500 \u20ac - dpclinicalhairproducts.com","isPartOf":{"@id":"https:\/\/auction-recovery.com\/#website"},"primaryImageOfPage":{"@id":"https:\/\/auction-recovery.com\/producto\/tarjeta-regalo-500-e-2\/#primaryimage"},"image":{"@id":"https:\/\/auction-recovery.com\/producto\/tarjeta-regalo-500-e-2\/#primaryimage"},"thumbnailUrl":"https:\/\/auction-recovery.com\/wp-content\/uploads\/2024\/05\/TR-500.jpg","datePublished":"2024-06-27T13:20:30+00:00","dateModified":"2024-06-27T13:20:36+00:00","breadcrumb":{"@id":"https:\/\/auction-recovery.com\/producto\/tarjeta-regalo-500-e-2\/#breadcrumb"},"inLanguage":"en-GB","potentialAction":[{"@type":"ReadAction","target":["https:\/\/auction-recovery.com\/producto\/tarjeta-regalo-500-e-2\/"]}]},{"@type":"ImageObject","inLanguage":"en-GB","@id":"https:\/\/auction-recovery.com\/producto\/tarjeta-regalo-500-e-2\/#primaryimage","url":"https:\/\/auction-recovery.com\/wp-content\/uploads\/2024\/05\/TR-500.jpg","contentUrl":"https:\/\/auction-recovery.com\/wp-content\/uploads\/2024\/05\/TR-500.jpg","width":2228,"height":2228,"caption":"tarjeta regalo 500 euros for all services"},{"@type":"BreadcrumbList","@id":"https:\/\/auction-recovery.com\/producto\/tarjeta-regalo-500-e-2\/#breadcrumb","itemListElement":[{"@type":"ListItem","position":1,"name":"Home","item":"https:\/\/auction-recovery.com\/"},{"@type":"ListItem","position":2,"name":"collection","item":"https:\/\/auction-recovery.com\/collection\/"},{"@type":"ListItem","position":3,"name":"Tarjeta regalo 500 \u20ac"}]},{"@type":"WebSite","@id":"https:\/\/auction-recovery.com\/#website","url":"https:\/\/auction-recovery.com\/","name":"dpclinicalhairproducts.com","description":"Clinical hair care products: prevention of hair loss, support after hair transplantation","publisher":{"@id":"https:\/\/auction-recovery.com\/#organization"},"potentialAction":[{"@type":"SearchAction","target":{"@type":"EntryPoint","urlTemplate":"https:\/\/auction-recovery.com\/?s={search_term_string}"},"query-input":{"@type":"PropertyValueSpecification","valueRequired":true,"valueName":"search_term_string"}}],"inLanguage":"en-GB"},{"@type":"Organization","@id":"https:\/\/auction-recovery.com\/#organization","name":"dpclinicalhairproducts.com","url":"https:\/\/auction-recovery.com\/","logo":{"@type":"ImageObject","inLanguage":"en-GB","@id":"https:\/\/auction-recovery.com\/#\/schema\/logo\/image\/","url":"https:\/\/auction-recovery.com\/wp-content\/uploads\/2024\/05\/DP-Marbella-Clinic_degradado-03-300x3001-1.png","contentUrl":"https:\/\/auction-recovery.com\/wp-content\/uploads\/2024\/05\/DP-Marbella-Clinic_degradado-03-300x3001-1.png","width":300,"height":300,"caption":"dpclinicalhairproducts.com"},"image":{"@id":"https:\/\/auction-recovery.com\/#\/schema\/logo\/image\/"}}]}},"_links":{"self":[{"href":"https:\/\/auction-recovery.com\/en\/wp-json\/wp\/v2\/product\/197","targetHints":{"allow":["GET"]}}],"collection":[{"href":"https:\/\/auction-recovery.com\/en\/wp-json\/wp\/v2\/product"}],"about":[{"href":"https:\/\/auction-recovery.com\/en\/wp-json\/wp\/v2\/types\/product"}],"wp:featuredmedia":[{"embeddable":true,"href":"https:\/\/auction-recovery.com\/en\/wp-json\/wp\/v2\/media\/96"}],"wp:attachment":[{"href":"https:\/\/auction-recovery.com\/en\/wp-json\/wp\/v2\/media?parent=197"}],"wp:term":[{"taxonomy":"product_brand","embeddable":true,"href":"https:\/\/auction-recovery.com\/en\/wp-json\/wp\/v2\/product_brand?post=197"},{"taxonomy":"product_cat","embeddable":true,"href":"https:\/\/auction-recovery.com\/en\/wp-json\/wp\/v2\/product_cat?post=197"},{"taxonomy":"product_tag","embeddable":true,"href":"https:\/\/auction-recovery.com\/en\/wp-json\/wp\/v2\/product_tag?post=197"}],"curies":[{"name":"wp","href":"https:\/\/api.w.org\/{rel}","templated":true}]}}