{"id":194,"date":"2024-06-27T13:20:29","date_gmt":"2024-06-27T13:20:29","guid":{"rendered":"https:\/\/nicolemartins.com\/?post_type=product&#038;p=194"},"modified":"2026-02-06T09:53:36","modified_gmt":"2026-02-06T09:53:36","slug":"cl-copperlion-2","status":"publish","type":"product","link":"https:\/\/auction-recovery.com\/en\/product\/cl-copperlion-2\/","title":{"rendered":"CL Copperlion"},"content":{"rendered":"<p><br data-mce-bogus=\"1\"><\/p>","protected":false},"excerpt":{"rendered":"<p>Anti-hair loss shampoo<\/p>\n<p>Specific treatment shampoo against hair loss, moisturises and strengthens hair while providing shine, softness and volume, eliminating static electricity.<\/p>\n<p>Its formula promotes hair oxygenation and regenerates the scalp, helping to reduce hair loss. It incorporates biologically active substances that act against hair loss and its regeneration, and they are:<\/p>\n<p>- Orange Stem Cells: contain amino acids, especially proline and betaine, as well as organic acids, sugars, peptides and proteins. They purify, regenerate and renew scalp cells.<\/p>\n<p>- Natural wheat proteins: strengthen the hair by penetrating the hair cuticle.<\/p>\n<p>- Coconut oil derivatives: nourish hair, support healthy growth and add shine.<\/p>\n<p>*No returns or refunds due to the nature of the products.<\/p>","protected":false},"featured_media":94,"template":"","meta":{"_et_pb_use_builder":"","_et_pb_old_content":"","_et_gb_content_width":""},"product_brand":[],"product_cat":[17],"product_tag":[],"class_list":{"0":"post-194","1":"product","2":"type-product","3":"status-publish","4":"has-post-thumbnail","6":"product_cat-champu","8":"first","9":"instock","10":"shipping-taxable","11":"purchasable","12":"product-type-simple"},"exclude_global_add_ons":[],"addons":[],"yoast_head":"<!-- This site is optimized with the Yoast SEO plugin v27.0 - https:\/\/yoast.com\/product\/yoast-seo-wordpress\/ -->\n<title>CL Copperlion - dpclinicalhairproducts.com<\/title>\n<meta name=\"robots\" content=\"index, follow, max-snippet:-1, max-image-preview:large, max-video-preview:-1\" \/>\n<link rel=\"canonical\" href=\"https:\/\/auction-recovery.com\/en\/product\/cl-copperlion-2\/\" \/>\n<meta property=\"og:locale\" content=\"en_GB\" \/>\n<meta property=\"og:type\" content=\"article\" \/>\n<meta property=\"og:title\" content=\"CL Copperlion - dpclinicalhairproducts.com\" \/>\n<meta property=\"og:description\" content=\"Champ\u00fa antica\u00eddaChamp\u00fa de tratamiento espec\u00edfico contra la ca\u00edda del cabello, hidrata y fortalece el cabello a la vez que le proporciona brillo, suavidad y volumen, eliminando la electricidad est\u00e1tica.Su f\u00f3rmula favorece la oxigenaci\u00f3n capilar y regenera el cuero cabelludo, ayudando a reducir la ca\u00edda del cabello. Incorpora sustancias biol\u00f3gicamente activas que act\u00faan contra la ca\u00edda del cabello y su regeneraci\u00f3n, y son:- C\u00e9lulas Madre de Naranja: contienen amino\u00e1cidos, especialmente prolina y beta\u00edna, adem\u00e1s de \u00e1cidos org\u00e1nicos, az\u00facares, p\u00e9ptidos y prote\u00ednas. Purifican, regeneran y renuevan las c\u00e9lulas del cuero cabelludo.- Prote\u00ednas naturales de trigo: fortalecen el cabello penetrando en la cut\u00edcula capilar.- Derivados del aceite de coco: nutren el cabello, ayudan a un crecimiento sano y aportan brillo.*No se realizan devoluciones ni reembolsos debido a la naturaleza de los productos*\" \/>\n<meta property=\"og:url\" content=\"https:\/\/auction-recovery.com\/en\/product\/cl-copperlion-2\/\" \/>\n<meta property=\"og:site_name\" content=\"dpclinicalhairproducts.com\" \/>\n<meta property=\"article:modified_time\" content=\"2026-02-06T09:53:36+00:00\" \/>\n<meta property=\"og:image\" content=\"https:\/\/auction-recovery.com\/wp-content\/uploads\/2024\/05\/121.png\" \/>\n\t<meta property=\"og:image:width\" content=\"1080\" \/>\n\t<meta property=\"og:image:height\" content=\"1080\" \/>\n\t<meta property=\"og:image:type\" content=\"image\/png\" \/>\n<meta name=\"twitter:card\" content=\"summary_large_image\" \/>\n<script type=\"application\/ld+json\" class=\"yoast-schema-graph\">{\"@context\":\"https:\/\/schema.org\",\"@graph\":[{\"@type\":\"WebPage\",\"@id\":\"https:\/\/auction-recovery.com\/producto\/cl-copperlion-2\/\",\"url\":\"https:\/\/auction-recovery.com\/producto\/cl-copperlion-2\/\",\"name\":\"CL Copperlion - dpclinicalhairproducts.com\",\"isPartOf\":{\"@id\":\"https:\/\/auction-recovery.com\/#website\"},\"primaryImageOfPage\":{\"@id\":\"https:\/\/auction-recovery.com\/producto\/cl-copperlion-2\/#primaryimage\"},\"image\":{\"@id\":\"https:\/\/auction-recovery.com\/producto\/cl-copperlion-2\/#primaryimage\"},\"thumbnailUrl\":\"https:\/\/auction-recovery.com\/wp-content\/uploads\/2024\/05\/121.png\",\"datePublished\":\"2024-06-27T13:20:29+00:00\",\"dateModified\":\"2026-02-06T09:53:36+00:00\",\"breadcrumb\":{\"@id\":\"https:\/\/auction-recovery.com\/producto\/cl-copperlion-2\/#breadcrumb\"},\"inLanguage\":\"en-GB\",\"potentialAction\":[{\"@type\":\"ReadAction\",\"target\":[\"https:\/\/auction-recovery.com\/producto\/cl-copperlion-2\/\"]}]},{\"@type\":\"ImageObject\",\"inLanguage\":\"en-GB\",\"@id\":\"https:\/\/auction-recovery.com\/producto\/cl-copperlion-2\/#primaryimage\",\"url\":\"https:\/\/auction-recovery.com\/wp-content\/uploads\/2024\/05\/121.png\",\"contentUrl\":\"https:\/\/auction-recovery.com\/wp-content\/uploads\/2024\/05\/121.png\",\"width\":1080,\"height\":1080,\"caption\":\"copperlion shampoo for your hair\"},{\"@type\":\"BreadcrumbList\",\"@id\":\"https:\/\/auction-recovery.com\/producto\/cl-copperlion-2\/#breadcrumb\",\"itemListElement\":[{\"@type\":\"ListItem\",\"position\":1,\"name\":\"Home\",\"item\":\"https:\/\/auction-recovery.com\/\"},{\"@type\":\"ListItem\",\"position\":2,\"name\":\"collection\",\"item\":\"https:\/\/auction-recovery.com\/collection\/\"},{\"@type\":\"ListItem\",\"position\":3,\"name\":\"CL Copperlion\"}]},{\"@type\":\"WebSite\",\"@id\":\"https:\/\/auction-recovery.com\/#website\",\"url\":\"https:\/\/auction-recovery.com\/\",\"name\":\"dpclinicalhairproducts.com\",\"description\":\"Productos cl\u00ednicos para el cuidado del cabello: prevenci\u00f3n de la ca\u00edda del cabello, sustento despu\u00e9s de implantaciones capilares\",\"publisher\":{\"@id\":\"https:\/\/auction-recovery.com\/#organization\"},\"potentialAction\":[{\"@type\":\"SearchAction\",\"target\":{\"@type\":\"EntryPoint\",\"urlTemplate\":\"https:\/\/auction-recovery.com\/?s={search_term_string}\"},\"query-input\":{\"@type\":\"PropertyValueSpecification\",\"valueRequired\":true,\"valueName\":\"search_term_string\"}}],\"inLanguage\":\"en-GB\"},{\"@type\":\"Organization\",\"@id\":\"https:\/\/auction-recovery.com\/#organization\",\"name\":\"dpclinicalhairproducts.com\",\"url\":\"https:\/\/auction-recovery.com\/\",\"logo\":{\"@type\":\"ImageObject\",\"inLanguage\":\"en-GB\",\"@id\":\"https:\/\/auction-recovery.com\/#\/schema\/logo\/image\/\",\"url\":\"https:\/\/auction-recovery.com\/wp-content\/uploads\/2024\/05\/DP-Marbella-Clinic_degradado-03-300x3001-1.png\",\"contentUrl\":\"https:\/\/auction-recovery.com\/wp-content\/uploads\/2024\/05\/DP-Marbella-Clinic_degradado-03-300x3001-1.png\",\"width\":300,\"height\":300,\"caption\":\"dpclinicalhairproducts.com\"},\"image\":{\"@id\":\"https:\/\/auction-recovery.com\/#\/schema\/logo\/image\/\"}}]}<\/script>\n<!-- \/ Yoast SEO plugin. -->","yoast_head_json":{"title":"CL Copperlion - dpclinicalhairproducts.com","robots":{"index":"index","follow":"follow","max-snippet":"max-snippet:-1","max-image-preview":"max-image-preview:large","max-video-preview":"max-video-preview:-1"},"canonical":"https:\/\/auction-recovery.com\/en\/product\/cl-copperlion-2\/","og_locale":"en_GB","og_type":"article","og_title":"CL Copperlion - dpclinicalhairproducts.com","og_description":"Champ\u00fa antica\u00eddaChamp\u00fa de tratamiento espec\u00edfico contra la ca\u00edda del cabello, hidrata y fortalece el cabello a la vez que le proporciona brillo, suavidad y volumen, eliminando la electricidad est\u00e1tica.Su f\u00f3rmula favorece la oxigenaci\u00f3n capilar y regenera el cuero cabelludo, ayudando a reducir la ca\u00edda del cabello. Incorpora sustancias biol\u00f3gicamente activas que act\u00faan contra la ca\u00edda del cabello y su regeneraci\u00f3n, y son:- C\u00e9lulas Madre de Naranja: contienen amino\u00e1cidos, especialmente prolina y beta\u00edna, adem\u00e1s de \u00e1cidos org\u00e1nicos, az\u00facares, p\u00e9ptidos y prote\u00ednas. Purifican, regeneran y renuevan las c\u00e9lulas del cuero cabelludo.- Prote\u00ednas naturales de trigo: fortalecen el cabello penetrando en la cut\u00edcula capilar.- Derivados del aceite de coco: nutren el cabello, ayudan a un crecimiento sano y aportan brillo.*No se realizan devoluciones ni reembolsos debido a la naturaleza de los productos*","og_url":"https:\/\/auction-recovery.com\/en\/product\/cl-copperlion-2\/","og_site_name":"dpclinicalhairproducts.com","article_modified_time":"2026-02-06T09:53:36+00:00","og_image":[{"width":1080,"height":1080,"url":"https:\/\/auction-recovery.com\/wp-content\/uploads\/2024\/05\/121.png","type":"image\/png"}],"twitter_card":"summary_large_image","schema":{"@context":"https:\/\/schema.org","@graph":[{"@type":"WebPage","@id":"https:\/\/auction-recovery.com\/producto\/cl-copperlion-2\/","url":"https:\/\/auction-recovery.com\/producto\/cl-copperlion-2\/","name":"CL Copperlion - dpclinicalhairproducts.com","isPartOf":{"@id":"https:\/\/auction-recovery.com\/#website"},"primaryImageOfPage":{"@id":"https:\/\/auction-recovery.com\/producto\/cl-copperlion-2\/#primaryimage"},"image":{"@id":"https:\/\/auction-recovery.com\/producto\/cl-copperlion-2\/#primaryimage"},"thumbnailUrl":"https:\/\/auction-recovery.com\/wp-content\/uploads\/2024\/05\/121.png","datePublished":"2024-06-27T13:20:29+00:00","dateModified":"2026-02-06T09:53:36+00:00","breadcrumb":{"@id":"https:\/\/auction-recovery.com\/producto\/cl-copperlion-2\/#breadcrumb"},"inLanguage":"en-GB","potentialAction":[{"@type":"ReadAction","target":["https:\/\/auction-recovery.com\/producto\/cl-copperlion-2\/"]}]},{"@type":"ImageObject","inLanguage":"en-GB","@id":"https:\/\/auction-recovery.com\/producto\/cl-copperlion-2\/#primaryimage","url":"https:\/\/auction-recovery.com\/wp-content\/uploads\/2024\/05\/121.png","contentUrl":"https:\/\/auction-recovery.com\/wp-content\/uploads\/2024\/05\/121.png","width":1080,"height":1080,"caption":"copperlion shampoo for your hair"},{"@type":"BreadcrumbList","@id":"https:\/\/auction-recovery.com\/producto\/cl-copperlion-2\/#breadcrumb","itemListElement":[{"@type":"ListItem","position":1,"name":"Home","item":"https:\/\/auction-recovery.com\/"},{"@type":"ListItem","position":2,"name":"collection","item":"https:\/\/auction-recovery.com\/collection\/"},{"@type":"ListItem","position":3,"name":"CL Copperlion"}]},{"@type":"WebSite","@id":"https:\/\/auction-recovery.com\/#website","url":"https:\/\/auction-recovery.com\/","name":"dpclinicalhairproducts.com","description":"Clinical hair care products: prevention of hair loss, support after hair transplantation","publisher":{"@id":"https:\/\/auction-recovery.com\/#organization"},"potentialAction":[{"@type":"SearchAction","target":{"@type":"EntryPoint","urlTemplate":"https:\/\/auction-recovery.com\/?s={search_term_string}"},"query-input":{"@type":"PropertyValueSpecification","valueRequired":true,"valueName":"search_term_string"}}],"inLanguage":"en-GB"},{"@type":"Organization","@id":"https:\/\/auction-recovery.com\/#organization","name":"dpclinicalhairproducts.com","url":"https:\/\/auction-recovery.com\/","logo":{"@type":"ImageObject","inLanguage":"en-GB","@id":"https:\/\/auction-recovery.com\/#\/schema\/logo\/image\/","url":"https:\/\/auction-recovery.com\/wp-content\/uploads\/2024\/05\/DP-Marbella-Clinic_degradado-03-300x3001-1.png","contentUrl":"https:\/\/auction-recovery.com\/wp-content\/uploads\/2024\/05\/DP-Marbella-Clinic_degradado-03-300x3001-1.png","width":300,"height":300,"caption":"dpclinicalhairproducts.com"},"image":{"@id":"https:\/\/auction-recovery.com\/#\/schema\/logo\/image\/"}}]}},"_links":{"self":[{"href":"https:\/\/auction-recovery.com\/en\/wp-json\/wp\/v2\/product\/194","targetHints":{"allow":["GET"]}}],"collection":[{"href":"https:\/\/auction-recovery.com\/en\/wp-json\/wp\/v2\/product"}],"about":[{"href":"https:\/\/auction-recovery.com\/en\/wp-json\/wp\/v2\/types\/product"}],"wp:featuredmedia":[{"embeddable":true,"href":"https:\/\/auction-recovery.com\/en\/wp-json\/wp\/v2\/media\/94"}],"wp:attachment":[{"href":"https:\/\/auction-recovery.com\/en\/wp-json\/wp\/v2\/media?parent=194"}],"wp:term":[{"taxonomy":"product_brand","embeddable":true,"href":"https:\/\/auction-recovery.com\/en\/wp-json\/wp\/v2\/product_brand?post=194"},{"taxonomy":"product_cat","embeddable":true,"href":"https:\/\/auction-recovery.com\/en\/wp-json\/wp\/v2\/product_cat?post=194"},{"taxonomy":"product_tag","embeddable":true,"href":"https:\/\/auction-recovery.com\/en\/wp-json\/wp\/v2\/product_tag?post=194"}],"curies":[{"name":"wp","href":"https:\/\/api.w.org\/{rel}","templated":true}]}}