{"id":187,"date":"2024-06-27T13:20:29","date_gmt":"2024-06-27T13:20:29","guid":{"rendered":"https:\/\/nicolemartins.com\/?post_type=product&#038;p=187"},"modified":"2024-06-27T13:20:31","modified_gmt":"2024-06-27T13:20:31","slug":"vitalion-2","status":"publish","type":"product","link":"https:\/\/auction-recovery.com\/en\/product\/vitalion-2\/","title":{"rendered":"Vitalion"},"content":{"rendered":"<blockquote>\n<div dir=\"ltr\">Every patient we have treated over the years has asked us for supplement recommendations. Understanding your eating habits is one of the key points for us in this advice, as a balanced diet is vital to staying healthy unless you have an underlying medical problem.<\/div>\n<div dir=\"ltr\">Looking at suppliers and the market, all the supplements we found had only 3-5 basic ingredients, so our patients would have to buy half the supplies from pharmacies to get everything they needed. Not to mention that it would be costly and exhausting to take so many different supplements on a daily basis.<\/div>\n<div dir=\"ltr\">That's why we created Vitalion. It has 31 ingredients specifically chosen to help with hair health. Together with Dr. Panno, who has thousands of treated patients and 20 years treating hair loss, we wrote a list of everything we know needs to be included in a supplement, working closely with a Spanish pharmacy to formulate the supplement. And here is the golden list.<\/div>\n<div dir=\"ltr\"><\/div>\n<div dir=\"ltr\"><strong>Saw palmetto:<\/strong><br \/>\nA commonly used plant-based ingredient that helps reduce or slow hereditary hair loss. Inhibits 5 alpha reductase, which is an enzyme involved in the conversion of testosterone to DHT. DHT is a key hormone that contributes to the onset of androgenetic alopecia.<\/div>\n<div dir=\"ltr\"><\/div>\n<div dir=\"ltr\"><strong>Marine Collegen:<\/strong><br \/>\nAn antioxidant that helps fight free radicals and prevent hair damage. Aids the regeneration of dormant cells and hair follicles, which in turn helps to promote and prevent hair loss.<\/div>\n<div dir=\"ltr\"><\/div>\n<div dir=\"ltr\"><strong>Inositol:<\/strong><br \/>\nA key ingredient in many hair loss supplements, it reduces DHT and stimulates follicle growth to stop hair thinning.<\/div>\n<div dir=\"ltr\"><\/div>\n<div dir=\"ltr\"><strong>L cystine:<\/strong><br \/>\nIt is an amino acid that forms part of the composition of keratin. Taking this amino acid helps to compensate for any deficiencies you may have.<\/div>\n<div dir=\"ltr\"><\/div>\n<div dir=\"ltr\"><strong>Vitamin C<\/strong><br \/>\nIn addition to helping you absorb iron, which is important for hair health and collagen production, vitamin C is a powerful antioxidant that helps protect against cell-damaging free radical stress that affects hair.<\/div>\n<div dir=\"ltr\"><\/div>\n<div dir=\"ltr\"><strong>L-methionine<\/strong><br \/>\nThis is a key driver for the manufacture of keratin, which is a component of the hair shaft, helping hair against brittleness and breakage.<\/div>\n<div dir=\"ltr\"><\/div>\n<div dir=\"ltr\"><strong>Vitamin e<\/strong><br \/>\nIncreases capillary circulation in the scalp, which in turn increases hair growth.<\/div>\n<div dir=\"ltr\"><\/div>\n<div dir=\"ltr\"><strong>Ginkgo bilboa<\/strong><br \/>\nHelps support the healing of an inflamed scalp and the skin surrounding the follicle, creating a healthy environment for growth.<\/div>\n<div dir=\"ltr\"><\/div>\n<div dir=\"ltr\"><strong>Vitamin b3<\/strong><br \/>\nIt increases blood circulation and also reduces inflammation.<\/div>\n<div dir=\"ltr\"><\/div>\n<div dir=\"ltr\"><strong>Glycine<\/strong><br \/>\nAmino acid that increases collagen production and reduces the stress hormone that can trigger hair loss.<strong>Keratin<\/strong><br \/>\nIt is one of the main tissues that make up the hair structure. Therefore, it helps to keep it strong and healthy.<\/p>\n<p><strong>Zinc<\/strong><br \/>\nHelps tissue repair and growth, helps the sebaceous gland around the hair to work.<\/p>\n<p><strong>Iron<\/strong><br \/>\nIron levels are important in hair loss, as iron helps produce red blood cells and transports oxygen around the body. When you're low in iron, your body channels all its supplies to vital organs to keep them healthy instead of the hair follicle. So you can suffer from hair loss if you are deficient in iron.<\/p>\n<p><strong>Vitamin b6<\/strong><br \/>\nBalances oil production in the scalp so follicles can grow in a healthy environment, prevents greasy roots.<\/p>\n<p><strong>Grape seed<\/strong><br \/>\nStimulates the production of hair cells that can prevent or delay hair loss.<\/p>\n<p><strong>L-lysine<\/strong><br \/>\nCollagen-boosting amino acid that makes DHT blockers more effective<\/p>\n<p><strong>Vitamin B1<\/strong><br \/>\nIt helps your metabolism so that your cells grow and function efficiently.<\/p>\n<p><strong>Vitamin b2<\/strong><br \/>\nHelps the immune system and keeps skin and nails healthy, when deficient it can lead to dry skin, nails, hair and blistered lips.<\/p>\n<p><strong>Q10<\/strong><br \/>\nAnti-inflammatory and antioxidant activity.<\/p>\n<p><strong>Biotin<\/strong><br \/>\nAids in the production of keratin. Biotin deficiency can cause hair thinning and loss, as well as brittle nails and skin rashes.<\/p>\n<p><strong>Copper<\/strong><br \/>\nDeficiency can slow hair growth because, like iron, it helps with the circulation of red blood cells, so if your body is low in copper, your hair will tend to fall out.<\/p>\n<p><strong>Vitamin b9<\/strong><br \/>\nMaintains red blood cell production at a healthy level.<\/p>\n<p><strong>Magnesium<\/strong><br \/>\nKey mineral to prevent calcium build-up on the scalp, which is the main reason for interrupting the follicle growth cycle.<\/p>\n<p><strong>Vitamin d3<\/strong><br \/>\nAn essential vitamin that your body needs for bone, inflammation, immune health, metabolism and brain health. Studies have shown a link between this vitamin deficiency and hair loss.<\/p>\n<p><strong>Vitamin b5<\/strong><br \/>\nStrengthens and nourishes your follicle.<\/p>\n<p><strong>Chrome<\/strong><br \/>\n<strong>B12<\/strong><br \/>\n<strong>Selenium<\/strong><br \/>\n<strong>Bioflavonoids<\/strong><\/p>\n<\/div>\n<\/blockquote>","protected":false},"excerpt":{"rendered":"<p>Pack 2 Vitamin Complexes for the price of 1<\/p>\n<p>Vitamin and mineral supplements for the maintenance of healthy hair.<br \/>\nWith a comprehensive list of ingredients crucial to hair and scalp health, it is the most complete supplement. Developed by medical specialists with over 20 years' experience in hair loss and alopecia to give people everything they need in one capsule.<\/p>\n<p>*No returns or refunds due to the nature of the products.<\/p>","protected":false},"featured_media":176,"template":"","meta":{"_et_pb_use_builder":"","_et_pb_old_content":"","_et_gb_content_width":""},"product_brand":[],"product_cat":[18],"product_tag":[],"class_list":{"0":"post-187","1":"product","2":"type-product","3":"status-publish","4":"has-post-thumbnail","6":"product_cat-vitaminas","8":"first","9":"instock","10":"sale","11":"shipping-taxable","12":"purchasable","13":"product-type-simple"},"exclude_global_add_ons":[],"addons":[],"yoast_head":"<!-- This site is optimized with the Yoast SEO plugin v27.0 - https:\/\/yoast.com\/product\/yoast-seo-wordpress\/ -->\n<title>Vitalion - dpclinicalhairproducts.com<\/title>\n<meta name=\"robots\" content=\"index, follow, max-snippet:-1, max-image-preview:large, max-video-preview:-1\" \/>\n<link rel=\"canonical\" href=\"https:\/\/auction-recovery.com\/en\/product\/vitalion-2\/\" \/>\n<meta property=\"og:locale\" content=\"en_GB\" \/>\n<meta property=\"og:type\" content=\"article\" \/>\n<meta property=\"og:title\" content=\"Vitalion - dpclinicalhairproducts.com\" \/>\n<meta property=\"og:description\" content=\"Pack 2 Complejos vitam\u00ednicos al precio de 1  Suplementos vitam\u00ednicos y minerales para el mantenimiento de la salud del cabello. Con una lista completa de ingredientes cruciales para la salud del cabello y el cuero cabelludo, es el suplemento m\u00e1s completo. Desarrollado por m\u00e9dicos especialistas con m\u00e1s de 20 a\u00f1os de experiencia en p\u00e9rdida de cabello y alopecia con el objetivo de brindar a las personas todo lo que necesitan en una c\u00e1psula.  *No se realizan devoluciones ni reembolsos debido a la naturaleza de los productos*\" \/>\n<meta property=\"og:url\" content=\"https:\/\/auction-recovery.com\/en\/product\/vitalion-2\/\" \/>\n<meta property=\"og:site_name\" content=\"dpclinicalhairproducts.com\" \/>\n<meta property=\"article:modified_time\" content=\"2024-06-27T13:20:31+00:00\" \/>\n<meta property=\"og:image\" content=\"https:\/\/auction-recovery.com\/wp-content\/uploads\/2024\/06\/Dr-Panno-post.png\" \/>\n\t<meta property=\"og:image:width\" content=\"1080\" \/>\n\t<meta property=\"og:image:height\" content=\"1080\" \/>\n\t<meta property=\"og:image:type\" content=\"image\/png\" \/>\n<meta name=\"twitter:card\" content=\"summary_large_image\" \/>\n<meta name=\"twitter:label1\" content=\"Estimated reading time\" \/>\n\t<meta name=\"twitter:data1\" content=\"5 minutes\" \/>\n<script type=\"application\/ld+json\" class=\"yoast-schema-graph\">{\"@context\":\"https:\/\/schema.org\",\"@graph\":[{\"@type\":\"WebPage\",\"@id\":\"https:\/\/auction-recovery.com\/producto\/vitalion-2\/\",\"url\":\"https:\/\/auction-recovery.com\/producto\/vitalion-2\/\",\"name\":\"Vitalion - dpclinicalhairproducts.com\",\"isPartOf\":{\"@id\":\"https:\/\/auction-recovery.com\/#website\"},\"primaryImageOfPage\":{\"@id\":\"https:\/\/auction-recovery.com\/producto\/vitalion-2\/#primaryimage\"},\"image\":{\"@id\":\"https:\/\/auction-recovery.com\/producto\/vitalion-2\/#primaryimage\"},\"thumbnailUrl\":\"https:\/\/auction-recovery.com\/wp-content\/uploads\/2024\/06\/Dr-Panno-post.png\",\"datePublished\":\"2024-06-27T13:20:29+00:00\",\"dateModified\":\"2024-06-27T13:20:31+00:00\",\"breadcrumb\":{\"@id\":\"https:\/\/auction-recovery.com\/producto\/vitalion-2\/#breadcrumb\"},\"inLanguage\":\"en-GB\",\"potentialAction\":[{\"@type\":\"ReadAction\",\"target\":[\"https:\/\/auction-recovery.com\/producto\/vitalion-2\/\"]}]},{\"@type\":\"ImageObject\",\"inLanguage\":\"en-GB\",\"@id\":\"https:\/\/auction-recovery.com\/producto\/vitalion-2\/#primaryimage\",\"url\":\"https:\/\/auction-recovery.com\/wp-content\/uploads\/2024\/06\/Dr-Panno-post.png\",\"contentUrl\":\"https:\/\/auction-recovery.com\/wp-content\/uploads\/2024\/06\/Dr-Panno-post.png\",\"width\":1080,\"height\":1080,\"caption\":\"Vitalion multi vitamins promocion 2x1\"},{\"@type\":\"BreadcrumbList\",\"@id\":\"https:\/\/auction-recovery.com\/producto\/vitalion-2\/#breadcrumb\",\"itemListElement\":[{\"@type\":\"ListItem\",\"position\":1,\"name\":\"Home\",\"item\":\"https:\/\/auction-recovery.com\/\"},{\"@type\":\"ListItem\",\"position\":2,\"name\":\"collection\",\"item\":\"https:\/\/auction-recovery.com\/collection\/\"},{\"@type\":\"ListItem\",\"position\":3,\"name\":\"Vitalion\"}]},{\"@type\":\"WebSite\",\"@id\":\"https:\/\/auction-recovery.com\/#website\",\"url\":\"https:\/\/auction-recovery.com\/\",\"name\":\"dpclinicalhairproducts.com\",\"description\":\"Productos cl\u00ednicos para el cuidado del cabello: prevenci\u00f3n de la ca\u00edda del cabello, sustento despu\u00e9s de implantaciones capilares\",\"publisher\":{\"@id\":\"https:\/\/auction-recovery.com\/#organization\"},\"potentialAction\":[{\"@type\":\"SearchAction\",\"target\":{\"@type\":\"EntryPoint\",\"urlTemplate\":\"https:\/\/auction-recovery.com\/?s={search_term_string}\"},\"query-input\":{\"@type\":\"PropertyValueSpecification\",\"valueRequired\":true,\"valueName\":\"search_term_string\"}}],\"inLanguage\":\"en-GB\"},{\"@type\":\"Organization\",\"@id\":\"https:\/\/auction-recovery.com\/#organization\",\"name\":\"dpclinicalhairproducts.com\",\"url\":\"https:\/\/auction-recovery.com\/\",\"logo\":{\"@type\":\"ImageObject\",\"inLanguage\":\"en-GB\",\"@id\":\"https:\/\/auction-recovery.com\/#\/schema\/logo\/image\/\",\"url\":\"https:\/\/auction-recovery.com\/wp-content\/uploads\/2024\/05\/DP-Marbella-Clinic_degradado-03-300x3001-1.png\",\"contentUrl\":\"https:\/\/auction-recovery.com\/wp-content\/uploads\/2024\/05\/DP-Marbella-Clinic_degradado-03-300x3001-1.png\",\"width\":300,\"height\":300,\"caption\":\"dpclinicalhairproducts.com\"},\"image\":{\"@id\":\"https:\/\/auction-recovery.com\/#\/schema\/logo\/image\/\"}}]}<\/script>\n<!-- \/ Yoast SEO plugin. -->","yoast_head_json":{"title":"Vitalion - dpclinicalhairproducts.com","robots":{"index":"index","follow":"follow","max-snippet":"max-snippet:-1","max-image-preview":"max-image-preview:large","max-video-preview":"max-video-preview:-1"},"canonical":"https:\/\/auction-recovery.com\/en\/product\/vitalion-2\/","og_locale":"en_GB","og_type":"article","og_title":"Vitalion - dpclinicalhairproducts.com","og_description":"Pack 2 Complejos vitam\u00ednicos al precio de 1  Suplementos vitam\u00ednicos y minerales para el mantenimiento de la salud del cabello. Con una lista completa de ingredientes cruciales para la salud del cabello y el cuero cabelludo, es el suplemento m\u00e1s completo. Desarrollado por m\u00e9dicos especialistas con m\u00e1s de 20 a\u00f1os de experiencia en p\u00e9rdida de cabello y alopecia con el objetivo de brindar a las personas todo lo que necesitan en una c\u00e1psula.  *No se realizan devoluciones ni reembolsos debido a la naturaleza de los productos*","og_url":"https:\/\/auction-recovery.com\/en\/product\/vitalion-2\/","og_site_name":"dpclinicalhairproducts.com","article_modified_time":"2024-06-27T13:20:31+00:00","og_image":[{"width":1080,"height":1080,"url":"https:\/\/auction-recovery.com\/wp-content\/uploads\/2024\/06\/Dr-Panno-post.png","type":"image\/png"}],"twitter_card":"summary_large_image","twitter_misc":{"Estimated reading time":"5 minutes"},"schema":{"@context":"https:\/\/schema.org","@graph":[{"@type":"WebPage","@id":"https:\/\/auction-recovery.com\/producto\/vitalion-2\/","url":"https:\/\/auction-recovery.com\/producto\/vitalion-2\/","name":"Vitalion - dpclinicalhairproducts.com","isPartOf":{"@id":"https:\/\/auction-recovery.com\/#website"},"primaryImageOfPage":{"@id":"https:\/\/auction-recovery.com\/producto\/vitalion-2\/#primaryimage"},"image":{"@id":"https:\/\/auction-recovery.com\/producto\/vitalion-2\/#primaryimage"},"thumbnailUrl":"https:\/\/auction-recovery.com\/wp-content\/uploads\/2024\/06\/Dr-Panno-post.png","datePublished":"2024-06-27T13:20:29+00:00","dateModified":"2024-06-27T13:20:31+00:00","breadcrumb":{"@id":"https:\/\/auction-recovery.com\/producto\/vitalion-2\/#breadcrumb"},"inLanguage":"en-GB","potentialAction":[{"@type":"ReadAction","target":["https:\/\/auction-recovery.com\/producto\/vitalion-2\/"]}]},{"@type":"ImageObject","inLanguage":"en-GB","@id":"https:\/\/auction-recovery.com\/producto\/vitalion-2\/#primaryimage","url":"https:\/\/auction-recovery.com\/wp-content\/uploads\/2024\/06\/Dr-Panno-post.png","contentUrl":"https:\/\/auction-recovery.com\/wp-content\/uploads\/2024\/06\/Dr-Panno-post.png","width":1080,"height":1080,"caption":"Vitalion multi vitamins promocion 2x1"},{"@type":"BreadcrumbList","@id":"https:\/\/auction-recovery.com\/producto\/vitalion-2\/#breadcrumb","itemListElement":[{"@type":"ListItem","position":1,"name":"Home","item":"https:\/\/auction-recovery.com\/"},{"@type":"ListItem","position":2,"name":"collection","item":"https:\/\/auction-recovery.com\/collection\/"},{"@type":"ListItem","position":3,"name":"Vitalion"}]},{"@type":"WebSite","@id":"https:\/\/auction-recovery.com\/#website","url":"https:\/\/auction-recovery.com\/","name":"dpclinicalhairproducts.com","description":"Clinical hair care products: prevention of hair loss, support after hair transplantation","publisher":{"@id":"https:\/\/auction-recovery.com\/#organization"},"potentialAction":[{"@type":"SearchAction","target":{"@type":"EntryPoint","urlTemplate":"https:\/\/auction-recovery.com\/?s={search_term_string}"},"query-input":{"@type":"PropertyValueSpecification","valueRequired":true,"valueName":"search_term_string"}}],"inLanguage":"en-GB"},{"@type":"Organization","@id":"https:\/\/auction-recovery.com\/#organization","name":"dpclinicalhairproducts.com","url":"https:\/\/auction-recovery.com\/","logo":{"@type":"ImageObject","inLanguage":"en-GB","@id":"https:\/\/auction-recovery.com\/#\/schema\/logo\/image\/","url":"https:\/\/auction-recovery.com\/wp-content\/uploads\/2024\/05\/DP-Marbella-Clinic_degradado-03-300x3001-1.png","contentUrl":"https:\/\/auction-recovery.com\/wp-content\/uploads\/2024\/05\/DP-Marbella-Clinic_degradado-03-300x3001-1.png","width":300,"height":300,"caption":"dpclinicalhairproducts.com"},"image":{"@id":"https:\/\/auction-recovery.com\/#\/schema\/logo\/image\/"}}]}},"_links":{"self":[{"href":"https:\/\/auction-recovery.com\/en\/wp-json\/wp\/v2\/product\/187","targetHints":{"allow":["GET"]}}],"collection":[{"href":"https:\/\/auction-recovery.com\/en\/wp-json\/wp\/v2\/product"}],"about":[{"href":"https:\/\/auction-recovery.com\/en\/wp-json\/wp\/v2\/types\/product"}],"wp:featuredmedia":[{"embeddable":true,"href":"https:\/\/auction-recovery.com\/en\/wp-json\/wp\/v2\/media\/176"}],"wp:attachment":[{"href":"https:\/\/auction-recovery.com\/en\/wp-json\/wp\/v2\/media?parent=187"}],"wp:term":[{"taxonomy":"product_brand","embeddable":true,"href":"https:\/\/auction-recovery.com\/en\/wp-json\/wp\/v2\/product_brand?post=187"},{"taxonomy":"product_cat","embeddable":true,"href":"https:\/\/auction-recovery.com\/en\/wp-json\/wp\/v2\/product_cat?post=187"},{"taxonomy":"product_tag","embeddable":true,"href":"https:\/\/auction-recovery.com\/en\/wp-json\/wp\/v2\/product_tag?post=187"}],"curies":[{"name":"wp","href":"https:\/\/api.w.org\/{rel}","templated":true}]}}