{"id":186,"date":"2024-06-27T13:20:29","date_gmt":"2024-06-27T13:20:29","guid":{"rendered":"https:\/\/nicolemartins.com\/?post_type=product&#038;p=186"},"modified":"2024-06-27T13:20:31","modified_gmt":"2024-06-27T13:20:31","slug":"ecolion-2","status":"publish","type":"product","link":"https:\/\/auction-recovery.com\/en\/product\/ecolion-2\/","title":{"rendered":"Ecolion"},"content":{"rendered":"","protected":false},"excerpt":{"rendered":"<p>Solid shampoo<\/p>\n<p>5 vegetable oils, sunflower oil, olive oil, wheat germ oil, grape seed oil and rosehip oil with repairing, regenerating and protective properties that favour the recovery of the hair fibre, treating split ends, combating frizz, stimulating hair growth and restoring its strength and natural shine.<\/p>\n<p>*No returns or refunds due to the nature of the products.<\/p>","protected":false},"featured_media":86,"template":"","meta":{"_et_pb_use_builder":"","_et_pb_old_content":"","_et_gb_content_width":""},"product_brand":[],"product_cat":[17],"product_tag":[],"class_list":{"0":"post-186","1":"product","2":"type-product","3":"status-publish","4":"has-post-thumbnail","6":"product_cat-champu","8":"first","9":"instock","10":"shipping-taxable","11":"purchasable","12":"product-type-simple"},"exclude_global_add_ons":[],"addons":[],"yoast_head":"<!-- This site is optimized with the Yoast SEO plugin v27.0 - https:\/\/yoast.com\/product\/yoast-seo-wordpress\/ -->\n<title>Ecolion - dpclinicalhairproducts.com<\/title>\n<meta name=\"robots\" content=\"index, follow, max-snippet:-1, max-image-preview:large, max-video-preview:-1\" \/>\n<link rel=\"canonical\" href=\"https:\/\/auction-recovery.com\/en\/product\/ecolion-2\/\" \/>\n<meta property=\"og:locale\" content=\"en_GB\" \/>\n<meta property=\"og:type\" content=\"article\" \/>\n<meta property=\"og:title\" content=\"Ecolion - dpclinicalhairproducts.com\" \/>\n<meta property=\"og:description\" content=\"Champ\u00fa s\u00f3lido  5 aceites vegetales, aceite de girasol, aceite de oliva, aceite de germen de trigo, aceite de semilla de uva y aceite de rosa mosqueta con propiedades reparadoras, regeneradoras y protectoras que favorecen la recuperaci\u00f3n de la fibra capilar, tratando las puntas abiertas, combatiendo el encrespamiento, estimulando el crecimiento del cabello y restaurando su fuerza y brillo natural.  *No se realizan devoluciones ni reembolsos debido a la naturaleza de los productos*\" \/>\n<meta property=\"og:url\" content=\"https:\/\/auction-recovery.com\/en\/product\/ecolion-2\/\" \/>\n<meta property=\"og:site_name\" content=\"dpclinicalhairproducts.com\" \/>\n<meta property=\"article:modified_time\" content=\"2024-06-27T13:20:31+00:00\" \/>\n<meta property=\"og:image\" content=\"https:\/\/auction-recovery.com\/wp-content\/uploads\/2024\/05\/Panno_foto-producto_solid.jpg\" \/>\n\t<meta property=\"og:image:width\" content=\"1080\" \/>\n\t<meta property=\"og:image:height\" content=\"1080\" \/>\n\t<meta property=\"og:image:type\" content=\"image\/jpeg\" \/>\n<meta name=\"twitter:card\" content=\"summary_large_image\" \/>\n<script type=\"application\/ld+json\" class=\"yoast-schema-graph\">{\"@context\":\"https:\/\/schema.org\",\"@graph\":[{\"@type\":\"WebPage\",\"@id\":\"https:\/\/auction-recovery.com\/en\/product\/ecolion-2\/\",\"url\":\"https:\/\/auction-recovery.com\/en\/product\/ecolion-2\/\",\"name\":\"Ecolion - dpclinicalhairproducts.com\",\"isPartOf\":{\"@id\":\"https:\/\/auction-recovery.com\/#website\"},\"primaryImageOfPage\":{\"@id\":\"https:\/\/auction-recovery.com\/en\/product\/ecolion-2\/#primaryimage\"},\"image\":{\"@id\":\"https:\/\/auction-recovery.com\/en\/product\/ecolion-2\/#primaryimage\"},\"thumbnailUrl\":\"https:\/\/auction-recovery.com\/wp-content\/uploads\/2024\/05\/Panno_foto-producto_solid.jpg\",\"datePublished\":\"2024-06-27T13:20:29+00:00\",\"dateModified\":\"2024-06-27T13:20:31+00:00\",\"breadcrumb\":{\"@id\":\"https:\/\/auction-recovery.com\/en\/product\/ecolion-2\/#breadcrumb\"},\"inLanguage\":\"en-GB\",\"potentialAction\":[{\"@type\":\"ReadAction\",\"target\":[\"https:\/\/auction-recovery.com\/en\/product\/ecolion-2\/\"]}]},{\"@type\":\"ImageObject\",\"inLanguage\":\"en-GB\",\"@id\":\"https:\/\/auction-recovery.com\/en\/product\/ecolion-2\/#primaryimage\",\"url\":\"https:\/\/auction-recovery.com\/wp-content\/uploads\/2024\/05\/Panno_foto-producto_solid.jpg\",\"contentUrl\":\"https:\/\/auction-recovery.com\/wp-content\/uploads\/2024\/05\/Panno_foto-producto_solid.jpg\",\"width\":1080,\"height\":1080,\"caption\":\"solid shampoo eco lion\"},{\"@type\":\"BreadcrumbList\",\"@id\":\"https:\/\/auction-recovery.com\/en\/product\/ecolion-2\/#breadcrumb\",\"itemListElement\":[{\"@type\":\"ListItem\",\"position\":1,\"name\":\"Home\",\"item\":\"https:\/\/auction-recovery.com\/\"},{\"@type\":\"ListItem\",\"position\":2,\"name\":\"collection\",\"item\":\"https:\/\/auction-recovery.com\/collection\/\"},{\"@type\":\"ListItem\",\"position\":3,\"name\":\"Ecolion\"}]},{\"@type\":\"WebSite\",\"@id\":\"https:\/\/auction-recovery.com\/#website\",\"url\":\"https:\/\/auction-recovery.com\/\",\"name\":\"dpclinicalhairproducts.com\",\"description\":\"Productos cl\u00ednicos para el cuidado del cabello: prevenci\u00f3n de la ca\u00edda del cabello, sustento despu\u00e9s de implantaciones capilares\",\"publisher\":{\"@id\":\"https:\/\/auction-recovery.com\/#organization\"},\"potentialAction\":[{\"@type\":\"SearchAction\",\"target\":{\"@type\":\"EntryPoint\",\"urlTemplate\":\"https:\/\/auction-recovery.com\/?s={search_term_string}\"},\"query-input\":{\"@type\":\"PropertyValueSpecification\",\"valueRequired\":true,\"valueName\":\"search_term_string\"}}],\"inLanguage\":\"en-GB\"},{\"@type\":\"Organization\",\"@id\":\"https:\/\/auction-recovery.com\/#organization\",\"name\":\"dpclinicalhairproducts.com\",\"url\":\"https:\/\/auction-recovery.com\/\",\"logo\":{\"@type\":\"ImageObject\",\"inLanguage\":\"en-GB\",\"@id\":\"https:\/\/auction-recovery.com\/#\/schema\/logo\/image\/\",\"url\":\"https:\/\/auction-recovery.com\/wp-content\/uploads\/2024\/05\/DP-Marbella-Clinic_degradado-03-300x3001-1.png\",\"contentUrl\":\"https:\/\/auction-recovery.com\/wp-content\/uploads\/2024\/05\/DP-Marbella-Clinic_degradado-03-300x3001-1.png\",\"width\":300,\"height\":300,\"caption\":\"dpclinicalhairproducts.com\"},\"image\":{\"@id\":\"https:\/\/auction-recovery.com\/#\/schema\/logo\/image\/\"}}]}<\/script>\n<!-- \/ Yoast SEO plugin. -->","yoast_head_json":{"title":"Ecolion - dpclinicalhairproducts.com","robots":{"index":"index","follow":"follow","max-snippet":"max-snippet:-1","max-image-preview":"max-image-preview:large","max-video-preview":"max-video-preview:-1"},"canonical":"https:\/\/auction-recovery.com\/en\/product\/ecolion-2\/","og_locale":"en_GB","og_type":"article","og_title":"Ecolion - dpclinicalhairproducts.com","og_description":"Champ\u00fa s\u00f3lido  5 aceites vegetales, aceite de girasol, aceite de oliva, aceite de germen de trigo, aceite de semilla de uva y aceite de rosa mosqueta con propiedades reparadoras, regeneradoras y protectoras que favorecen la recuperaci\u00f3n de la fibra capilar, tratando las puntas abiertas, combatiendo el encrespamiento, estimulando el crecimiento del cabello y restaurando su fuerza y brillo natural.  *No se realizan devoluciones ni reembolsos debido a la naturaleza de los productos*","og_url":"https:\/\/auction-recovery.com\/en\/product\/ecolion-2\/","og_site_name":"dpclinicalhairproducts.com","article_modified_time":"2024-06-27T13:20:31+00:00","og_image":[{"width":1080,"height":1080,"url":"https:\/\/auction-recovery.com\/wp-content\/uploads\/2024\/05\/Panno_foto-producto_solid.jpg","type":"image\/jpeg"}],"twitter_card":"summary_large_image","schema":{"@context":"https:\/\/schema.org","@graph":[{"@type":"WebPage","@id":"https:\/\/auction-recovery.com\/en\/product\/ecolion-2\/","url":"https:\/\/auction-recovery.com\/en\/product\/ecolion-2\/","name":"Ecolion - dpclinicalhairproducts.com","isPartOf":{"@id":"https:\/\/auction-recovery.com\/#website"},"primaryImageOfPage":{"@id":"https:\/\/auction-recovery.com\/en\/product\/ecolion-2\/#primaryimage"},"image":{"@id":"https:\/\/auction-recovery.com\/en\/product\/ecolion-2\/#primaryimage"},"thumbnailUrl":"https:\/\/auction-recovery.com\/wp-content\/uploads\/2024\/05\/Panno_foto-producto_solid.jpg","datePublished":"2024-06-27T13:20:29+00:00","dateModified":"2024-06-27T13:20:31+00:00","breadcrumb":{"@id":"https:\/\/auction-recovery.com\/en\/product\/ecolion-2\/#breadcrumb"},"inLanguage":"en-GB","potentialAction":[{"@type":"ReadAction","target":["https:\/\/auction-recovery.com\/en\/product\/ecolion-2\/"]}]},{"@type":"ImageObject","inLanguage":"en-GB","@id":"https:\/\/auction-recovery.com\/en\/product\/ecolion-2\/#primaryimage","url":"https:\/\/auction-recovery.com\/wp-content\/uploads\/2024\/05\/Panno_foto-producto_solid.jpg","contentUrl":"https:\/\/auction-recovery.com\/wp-content\/uploads\/2024\/05\/Panno_foto-producto_solid.jpg","width":1080,"height":1080,"caption":"solid shampoo eco lion"},{"@type":"BreadcrumbList","@id":"https:\/\/auction-recovery.com\/en\/product\/ecolion-2\/#breadcrumb","itemListElement":[{"@type":"ListItem","position":1,"name":"Home","item":"https:\/\/auction-recovery.com\/"},{"@type":"ListItem","position":2,"name":"collection","item":"https:\/\/auction-recovery.com\/collection\/"},{"@type":"ListItem","position":3,"name":"Ecolion"}]},{"@type":"WebSite","@id":"https:\/\/auction-recovery.com\/#website","url":"https:\/\/auction-recovery.com\/","name":"dpclinicalhairproducts.com","description":"Clinical hair care products: prevention of hair loss, support after hair transplantation","publisher":{"@id":"https:\/\/auction-recovery.com\/#organization"},"potentialAction":[{"@type":"SearchAction","target":{"@type":"EntryPoint","urlTemplate":"https:\/\/auction-recovery.com\/?s={search_term_string}"},"query-input":{"@type":"PropertyValueSpecification","valueRequired":true,"valueName":"search_term_string"}}],"inLanguage":"en-GB"},{"@type":"Organization","@id":"https:\/\/auction-recovery.com\/#organization","name":"dpclinicalhairproducts.com","url":"https:\/\/auction-recovery.com\/","logo":{"@type":"ImageObject","inLanguage":"en-GB","@id":"https:\/\/auction-recovery.com\/#\/schema\/logo\/image\/","url":"https:\/\/auction-recovery.com\/wp-content\/uploads\/2024\/05\/DP-Marbella-Clinic_degradado-03-300x3001-1.png","contentUrl":"https:\/\/auction-recovery.com\/wp-content\/uploads\/2024\/05\/DP-Marbella-Clinic_degradado-03-300x3001-1.png","width":300,"height":300,"caption":"dpclinicalhairproducts.com"},"image":{"@id":"https:\/\/auction-recovery.com\/#\/schema\/logo\/image\/"}}]}},"_links":{"self":[{"href":"https:\/\/auction-recovery.com\/en\/wp-json\/wp\/v2\/product\/186","targetHints":{"allow":["GET"]}}],"collection":[{"href":"https:\/\/auction-recovery.com\/en\/wp-json\/wp\/v2\/product"}],"about":[{"href":"https:\/\/auction-recovery.com\/en\/wp-json\/wp\/v2\/types\/product"}],"wp:featuredmedia":[{"embeddable":true,"href":"https:\/\/auction-recovery.com\/en\/wp-json\/wp\/v2\/media\/86"}],"wp:attachment":[{"href":"https:\/\/auction-recovery.com\/en\/wp-json\/wp\/v2\/media?parent=186"}],"wp:term":[{"taxonomy":"product_brand","embeddable":true,"href":"https:\/\/auction-recovery.com\/en\/wp-json\/wp\/v2\/product_brand?post=186"},{"taxonomy":"product_cat","embeddable":true,"href":"https:\/\/auction-recovery.com\/en\/wp-json\/wp\/v2\/product_cat?post=186"},{"taxonomy":"product_tag","embeddable":true,"href":"https:\/\/auction-recovery.com\/en\/wp-json\/wp\/v2\/product_tag?post=186"}],"curies":[{"name":"wp","href":"https:\/\/api.w.org\/{rel}","templated":true}]}}