{"id":275,"date":"2024-07-09T12:09:03","date_gmt":"2024-07-09T12:09:03","guid":{"rendered":"https:\/\/nicolemartins.com\/?page_id=275"},"modified":"2026-02-19T13:16:58","modified_gmt":"2026-02-19T13:16:58","slug":"politica-de-privacidad","status":"publish","type":"page","link":"https:\/\/auction-recovery.com\/en\/politica-de-privacidad\/","title":{"rendered":"Privacy policy"},"content":{"rendered":"<p>[et_pb_section fb_built=\u00bb1&#8243; _builder_version=\u00bb4.26.0&#8243; _module_preset=\u00bbdefault\u00bb background_color=\u00bb#352e2e\u00bb custom_padding=\u00bb2px|||||\u00bb global_colors_info=\u00bb{}\u00bb][et_pb_row use_custom_gutter=\u00bbon\u00bb make_equal=\u00bbon\u00bb _builder_version=\u00bb4.26.0&#8243; _module_preset=\u00bbdefault\u00bb max_width=\u00bb1222px\u00bb module_alignment=\u00bbcenter\u00bb global_colors_info=\u00bb{}\u00bb][et_pb_column type=\u00bb4_4&#8243; _builder_version=\u00bb4.26.0&#8243; _module_preset=\u00bbdefault\u00bb global_colors_info=\u00bb{}\u00bb][et_pb_text _builder_version=\u00bb4.26.0&#8243; _module_preset=\u00bbdefault\u00bb header_text_align=\u00bbcenter\u00bb header_text_color=\u00bb#FFFFFF\u00bb global_colors_info=\u00bb{}\u00bb]<\/p>\n<h1>Pol\u00edtica de privacidad de dpclinicalhairproducts.com<\/h1>\n<p>[\/et_pb_text][et_pb_text _builder_version=\u00bb4.27.5&#8243; _module_preset=\u00bbdefault\u00bb text_text_color=\u00bb#FFFFFF\u00bb text_orientation=\u00bbcenter\u00bb hover_enabled=\u00bb0&#8243; global_colors_info=\u00bb{}\u00bb sticky_enabled=\u00bb0&#8243;]<\/p>\n<p style=\"text-align: left;\">Fecha de entrada en vigor: 14 de feb de 2026<\/p>\n<p style=\"text-align: left;\">DP Clinical Hair Products (\u00abnosotros\u00bb, \u00abnuestro\u00bb, \u00abnos\u00bb) se compromete a proteger y respetar su privacidad. Esta pol\u00edtica de privacidad explica c\u00f3mo recopilamos, utilizamos y protegemos su informaci\u00f3n personal cuando visita nuestro sitio web, dpclinicalhairproducts.com, y cuando adquiere nuestros productos. Esta pol\u00edtica cumple con el Reglamento General de Protecci\u00f3n de Datos (RGPD) aplicable en Espa\u00f1a.<\/p>\n<p style=\"text-align: left;\">1. Informaci\u00f3n que recopilamos<br \/>Recopilamos la siguiente informaci\u00f3n personal:<\/p>\n<p style=\"text-align: left;\">Nombre<br \/>Direcci\u00f3n de correo electr\u00f3nico<\/p>\n<p style=\"text-align: left;\">la Direcci\u00f3n<\/p>\n<p style=\"text-align: left;\">Esta informaci\u00f3n se recoge cuando usted:<\/p>\n<p style=\"text-align: left;\">Rellena nuestro formulario de contacto.<br \/>Se suscribe a nuestro bolet\u00edn de noticias.<br \/>Realiza una compra en nuestro sitio web.<\/p>\n<p style=\"text-align: left;\">2. Uso de su informaci\u00f3n<br \/>Utilizamos su informaci\u00f3n personal para los siguientes fines:<\/p>\n<p style=\"text-align: left;\">Para procesar y satisfacer sus pedidos.<br \/>Para responder a sus consultas y proporcionarle asistencia al cliente.<br \/>Para enviarle actualizaciones, material promocional y otra informaci\u00f3n relacionada con nuestros productos, siempre que haya optado por recibir dichas comunicaciones.<\/p>\n<p style=\"text-align: left;\">3. Base jur\u00eddica del tratamiento<br \/>Procesamos su informaci\u00f3n personal sobre la base de los siguientes fundamentos jur\u00eddicos:<\/p>\n<p style=\"text-align: left;\">Consentimiento: Cuando facilita sus datos personales a trav\u00e9s de nuestro formulario de contacto o se suscribe a nuestro bolet\u00edn de noticias, consiente en que utilicemos su informaci\u00f3n para estos fines.<br \/>Contrato: El tratamiento de su informaci\u00f3n es necesario para la ejecuci\u00f3n de un contrato con usted, como el cumplimiento de sus pedidos.<\/p>\n<p style=\"text-align: left;\">4. Conservaci\u00f3n de datos<br \/>Conservamos sus datos perso<\/p>\n<p style=\"text-align: left;\">5. Intercambio y divulgaci\u00f3n de datos<br \/>No compartimos, vendemos ni revelamos su informaci\u00f3n personal a terceros, excepto seg\u00fan lo exija la ley o para proteger nuestros derechos.<\/p>\n<p style=\"text-align: left;\">6. Tus derechos<br \/>Seg\u00fan el RGPD, tiene los siguientes derechos con respecto a su informaci\u00f3n personal:<\/p>\n<p style=\"text-align: left;\">Derecho de acceso: puede solicitar acceso a la informaci\u00f3n personal que tenemos sobre usted.<br \/>Derecho a Rectificaci\u00f3n: Puede solicitar la correcci\u00f3n de cualquier informaci\u00f3n inexacta o incompleta.<br \/>Derecho de supresi\u00f3n: Puede solicitar la eliminaci\u00f3n de su informaci\u00f3n personal, sujeto a ciertas condiciones.<br \/>Derecho a restringir el procesamiento: puede solicitar que restrinjamos el procesamiento de su informaci\u00f3n personal bajo ciertas circunstancias.<br \/>Derecho a la portabilidad de datos: puede solicitar recibir su informaci\u00f3n personal en un formato estructurado, de uso com\u00fan y legible por m\u00e1quina.<br \/>Derecho de oposici\u00f3n: puede oponerse al procesamiento de su informaci\u00f3n personal en determinadas circunstancias.<\/p>\n<p style=\"text-align: left;\">Para ejercer cualquiera de estos derechos, por favor cont\u00e1ctenos en:<\/p>\n<p style=\"text-align: left;\">Correo electr\u00f3nico: privacidad@dpclinicalhairproducts.com<br \/>Direcci\u00f3n: Edificio Jardines Tropicales, Calle Azahar, s\/n, Nueva Andaluc\u00eda, 29660 Marbella, M\u00e1laga<\/p>\n<p style=\"text-align: left;\">\n<p style=\"text-align: left;\">7. Seguridad de su informaci\u00f3n<br \/>Implementamos medidas t\u00e9cnicas y organizativas apropiadas para proteger su informaci\u00f3n personal contra el acceso no autorizado, la alteraci\u00f3n, la divulgaci\u00f3n o la destrucci\u00f3n.<\/p>\n<p style=\"text-align: left;\">\n<p style=\"text-align: left;\">8. Cambios a esta Pol\u00edtica de Privacidad<br \/>Podemos actualizar esta Pol\u00edtica de Privacidad de vez en cuando. Cualquier cambio se publicar\u00e1 en esta p\u00e1gina con una fecha de vigencia actualizada. Le recomendamos que revise esta Pol\u00edtica de Privacidad peri\u00f3dicamente.<\/p>\n<p style=\"text-align: left;\">\n<p style=\"text-align: left;\">9. Cont\u00e1ctenos<br \/>Si tiene alguna pregunta o inquietud sobre esta Pol\u00edtica de Privacidad o nuestras pr\u00e1cticas de datos, cont\u00e1ctenos en:<\/p>\n<p style=\"text-align: left;\">Correo electr\u00f3nico: privacidad@dpclinicalhairproducts.com<br \/>Direcci\u00f3n: Edificio Jardines Tropicales, Calle Azahar, s\/n, Nueva Andaluc\u00eda, 29660 Marbella, M\u00e1laga<\/p>\n<p style=\"text-align: left;\">Gracias por confiar su informaci\u00f3n personal a DP Clinical Hair Products. Estamos comprometidos a garantizar su privacidad y proteger sus datos.<\/p>\n<p style=\"text-align: left;\">\n<p style=\"text-align: left;\">[\/et_pb_text][\/et_pb_column][\/et_pb_row][\/et_pb_section]<\/p>\n","protected":false},"excerpt":{"rendered":"<p>Pol\u00edtica de privacidad de dpclinicalhairproducts.comFecha de entrada en vigor: 14 de feb de 2026 DP Clinical Hair Products (\u00abnosotros\u00bb, \u00abnuestro\u00bb, \u00abnos\u00bb) se compromete a proteger y respetar su privacidad. Esta pol\u00edtica de privacidad explica c\u00f3mo recopilamos, utilizamos y protegemos su informaci\u00f3n personal cuando visita nuestro sitio web, dpclinicalhairproducts.com, y cuando adquiere nuestros productos. Esta pol\u00edtica [&hellip;]<\/p>\n","protected":false},"author":1,"featured_media":0,"parent":0,"menu_order":0,"comment_status":"closed","ping_status":"closed","template":"","meta":{"_et_pb_use_builder":"on","_et_pb_old_content":"","_et_gb_content_width":"","footnotes":""},"class_list":["post-275","page","type-page","status-publish","hentry"],"yoast_head":"<!-- This site is optimized with the Yoast SEO plugin v27.0 - https:\/\/yoast.com\/product\/yoast-seo-wordpress\/ -->\n<title>Pol\u00edtica de privacidad - dpclinicalhairproducts.com<\/title>\n<meta name=\"robots\" content=\"index, follow, max-snippet:-1, max-image-preview:large, max-video-preview:-1\" \/>\n<link rel=\"canonical\" href=\"https:\/\/auction-recovery.com\/en\/politica-de-privacidad\/\" \/>\n<meta property=\"og:locale\" content=\"en_GB\" \/>\n<meta property=\"og:type\" content=\"article\" \/>\n<meta property=\"og:title\" content=\"Pol\u00edtica de privacidad - dpclinicalhairproducts.com\" \/>\n<meta property=\"og:description\" content=\"Pol\u00edtica de privacidad de dpclinicalhairproducts.comFecha de entrada en vigor: 14 de feb de 2026 DP Clinical Hair Products (&quot;nosotros&quot;, &quot;nuestro&quot;, &quot;nos&quot;) se compromete a proteger y respetar su privacidad. Esta pol\u00edtica de privacidad explica c\u00f3mo recopilamos, utilizamos y protegemos su informaci\u00f3n personal cuando visita nuestro sitio web, dpclinicalhairproducts.com, y cuando adquiere nuestros productos. Esta pol\u00edtica [&hellip;]\" \/>\n<meta property=\"og:url\" content=\"https:\/\/auction-recovery.com\/en\/politica-de-privacidad\/\" \/>\n<meta property=\"og:site_name\" content=\"dpclinicalhairproducts.com\" \/>\n<meta property=\"article:modified_time\" content=\"2026-02-19T13:16:58+00:00\" \/>\n<meta name=\"twitter:card\" content=\"summary_large_image\" \/>\n<script type=\"application\/ld+json\" class=\"yoast-schema-graph\">{\"@context\":\"https:\/\/schema.org\",\"@graph\":[{\"@type\":\"WebPage\",\"@id\":\"https:\/\/auction-recovery.com\/politica-de-privacidad\/\",\"url\":\"https:\/\/auction-recovery.com\/politica-de-privacidad\/\",\"name\":\"Pol\u00edtica de privacidad - dpclinicalhairproducts.com\",\"isPartOf\":{\"@id\":\"https:\/\/auction-recovery.com\/#website\"},\"datePublished\":\"2024-07-09T12:09:03+00:00\",\"dateModified\":\"2026-02-19T13:16:58+00:00\",\"breadcrumb\":{\"@id\":\"https:\/\/auction-recovery.com\/politica-de-privacidad\/#breadcrumb\"},\"inLanguage\":\"en-GB\",\"potentialAction\":[{\"@type\":\"ReadAction\",\"target\":[\"https:\/\/auction-recovery.com\/politica-de-privacidad\/\"]}]},{\"@type\":\"BreadcrumbList\",\"@id\":\"https:\/\/auction-recovery.com\/politica-de-privacidad\/#breadcrumb\",\"itemListElement\":[{\"@type\":\"ListItem\",\"position\":1,\"name\":\"Home\",\"item\":\"https:\/\/auction-recovery.com\/\"},{\"@type\":\"ListItem\",\"position\":2,\"name\":\"Pol\u00edtica de privacidad\"}]},{\"@type\":\"WebSite\",\"@id\":\"https:\/\/auction-recovery.com\/#website\",\"url\":\"https:\/\/auction-recovery.com\/\",\"name\":\"dpclinicalhairproducts.com\",\"description\":\"Productos cl\u00ednicos para el cuidado del cabello: prevenci\u00f3n de la ca\u00edda del cabello, sustento despu\u00e9s de implantaciones capilares\",\"publisher\":{\"@id\":\"https:\/\/auction-recovery.com\/#organization\"},\"potentialAction\":[{\"@type\":\"SearchAction\",\"target\":{\"@type\":\"EntryPoint\",\"urlTemplate\":\"https:\/\/auction-recovery.com\/?s={search_term_string}\"},\"query-input\":{\"@type\":\"PropertyValueSpecification\",\"valueRequired\":true,\"valueName\":\"search_term_string\"}}],\"inLanguage\":\"en-GB\"},{\"@type\":\"Organization\",\"@id\":\"https:\/\/auction-recovery.com\/#organization\",\"name\":\"dpclinicalhairproducts.com\",\"url\":\"https:\/\/auction-recovery.com\/\",\"logo\":{\"@type\":\"ImageObject\",\"inLanguage\":\"en-GB\",\"@id\":\"https:\/\/auction-recovery.com\/#\/schema\/logo\/image\/\",\"url\":\"https:\/\/auction-recovery.com\/wp-content\/uploads\/2024\/05\/DP-Marbella-Clinic_degradado-03-300x3001-1.png\",\"contentUrl\":\"https:\/\/auction-recovery.com\/wp-content\/uploads\/2024\/05\/DP-Marbella-Clinic_degradado-03-300x3001-1.png\",\"width\":300,\"height\":300,\"caption\":\"dpclinicalhairproducts.com\"},\"image\":{\"@id\":\"https:\/\/auction-recovery.com\/#\/schema\/logo\/image\/\"}}]}<\/script>\n<!-- \/ Yoast SEO plugin. -->","yoast_head_json":{"title":"Privacy policy - dpclinicalhairproducts.com","robots":{"index":"index","follow":"follow","max-snippet":"max-snippet:-1","max-image-preview":"max-image-preview:large","max-video-preview":"max-video-preview:-1"},"canonical":"https:\/\/auction-recovery.com\/en\/politica-de-privacidad\/","og_locale":"en_GB","og_type":"article","og_title":"Pol\u00edtica de privacidad - dpclinicalhairproducts.com","og_description":"Pol\u00edtica de privacidad de dpclinicalhairproducts.comFecha de entrada en vigor: 14 de feb de 2026 DP Clinical Hair Products (\"nosotros\", \"nuestro\", \"nos\") se compromete a proteger y respetar su privacidad. Esta pol\u00edtica de privacidad explica c\u00f3mo recopilamos, utilizamos y protegemos su informaci\u00f3n personal cuando visita nuestro sitio web, dpclinicalhairproducts.com, y cuando adquiere nuestros productos. Esta pol\u00edtica [&hellip;]","og_url":"https:\/\/auction-recovery.com\/en\/politica-de-privacidad\/","og_site_name":"dpclinicalhairproducts.com","article_modified_time":"2026-02-19T13:16:58+00:00","twitter_card":"summary_large_image","schema":{"@context":"https:\/\/schema.org","@graph":[{"@type":"WebPage","@id":"https:\/\/auction-recovery.com\/politica-de-privacidad\/","url":"https:\/\/auction-recovery.com\/politica-de-privacidad\/","name":"Privacy policy - dpclinicalhairproducts.com","isPartOf":{"@id":"https:\/\/auction-recovery.com\/#website"},"datePublished":"2024-07-09T12:09:03+00:00","dateModified":"2026-02-19T13:16:58+00:00","breadcrumb":{"@id":"https:\/\/auction-recovery.com\/politica-de-privacidad\/#breadcrumb"},"inLanguage":"en-GB","potentialAction":[{"@type":"ReadAction","target":["https:\/\/auction-recovery.com\/politica-de-privacidad\/"]}]},{"@type":"BreadcrumbList","@id":"https:\/\/auction-recovery.com\/politica-de-privacidad\/#breadcrumb","itemListElement":[{"@type":"ListItem","position":1,"name":"Home","item":"https:\/\/auction-recovery.com\/"},{"@type":"ListItem","position":2,"name":"Pol\u00edtica de privacidad"}]},{"@type":"WebSite","@id":"https:\/\/auction-recovery.com\/#website","url":"https:\/\/auction-recovery.com\/","name":"dpclinicalhairproducts.com","description":"Clinical hair care products: prevention of hair loss, support after hair transplantation","publisher":{"@id":"https:\/\/auction-recovery.com\/#organization"},"potentialAction":[{"@type":"SearchAction","target":{"@type":"EntryPoint","urlTemplate":"https:\/\/auction-recovery.com\/?s={search_term_string}"},"query-input":{"@type":"PropertyValueSpecification","valueRequired":true,"valueName":"search_term_string"}}],"inLanguage":"en-GB"},{"@type":"Organization","@id":"https:\/\/auction-recovery.com\/#organization","name":"dpclinicalhairproducts.com","url":"https:\/\/auction-recovery.com\/","logo":{"@type":"ImageObject","inLanguage":"en-GB","@id":"https:\/\/auction-recovery.com\/#\/schema\/logo\/image\/","url":"https:\/\/auction-recovery.com\/wp-content\/uploads\/2024\/05\/DP-Marbella-Clinic_degradado-03-300x3001-1.png","contentUrl":"https:\/\/auction-recovery.com\/wp-content\/uploads\/2024\/05\/DP-Marbella-Clinic_degradado-03-300x3001-1.png","width":300,"height":300,"caption":"dpclinicalhairproducts.com"},"image":{"@id":"https:\/\/auction-recovery.com\/#\/schema\/logo\/image\/"}}]}},"_links":{"self":[{"href":"https:\/\/auction-recovery.com\/en\/wp-json\/wp\/v2\/pages\/275","targetHints":{"allow":["GET"]}}],"collection":[{"href":"https:\/\/auction-recovery.com\/en\/wp-json\/wp\/v2\/pages"}],"about":[{"href":"https:\/\/auction-recovery.com\/en\/wp-json\/wp\/v2\/types\/page"}],"author":[{"embeddable":true,"href":"https:\/\/auction-recovery.com\/en\/wp-json\/wp\/v2\/users\/1"}],"replies":[{"embeddable":true,"href":"https:\/\/auction-recovery.com\/en\/wp-json\/wp\/v2\/comments?post=275"}],"version-history":[{"count":1,"href":"https:\/\/auction-recovery.com\/en\/wp-json\/wp\/v2\/pages\/275\/revisions"}],"predecessor-version":[{"id":17177,"href":"https:\/\/auction-recovery.com\/en\/wp-json\/wp\/v2\/pages\/275\/revisions\/17177"}],"wp:attachment":[{"href":"https:\/\/auction-recovery.com\/en\/wp-json\/wp\/v2\/media?parent=275"}],"curies":[{"name":"wp","href":"https:\/\/api.w.org\/{rel}","templated":true}]}}