{"id":260,"date":"2024-07-09T11:48:13","date_gmt":"2024-07-09T11:48:13","guid":{"rendered":"https:\/\/nicolemartins.com\/?page_id=260"},"modified":"2025-10-07T07:21:56","modified_gmt":"2025-10-07T07:21:56","slug":"contacto","status":"publish","type":"page","link":"https:\/\/auction-recovery.com\/en\/contacto\/","title":{"rendered":"contact"},"content":{"rendered":"<p>[et_pb_section fb_built=\u00bb1&#8243; _builder_version=\u00bb4.26.0&#8243; _module_preset=\u00bbdefault\u00bb custom_padding=\u00bb||124px|||\u00bb global_colors_info=\u00bb{}\u00bb][et_pb_row _builder_version=\u00bb4.26.0&#8243; _module_preset=\u00bbdefault\u00bb global_colors_info=\u00bb{}\u00bb][et_pb_column type=\u00bb4_4&#8243; _builder_version=\u00bb4.26.0&#8243; _module_preset=\u00bbdefault\u00bb global_colors_info=\u00bb{}\u00bb][et_pb_text _builder_version=\u00bb4.26.0&#8243; _module_preset=\u00bbdefault\u00bb header_font=\u00bb&#8211;et_global_heading_font||||||||\u00bb header_text_align=\u00bbcenter\u00bb header_font_size=\u00bb19px\u00bb custom_margin=\u00bb||2px|||\u00bb global_colors_info=\u00bb{}\u00bb]<\/p>\n<h1>\u00bfTIENES ALGUNA DUDA?<\/h1>\n<p>[\/et_pb_text][et_pb_social_media_follow icon_color=\u00bb#E09900&#8243; use_icon_font_size=\u00bbon\u00bb icon_font_size=\u00bb26px\u00bb _builder_version=\u00bb4.26.0&#8243; _module_preset=\u00bbdefault\u00bb background_color=\u00bbRGBA(255,255,255,0)\u00bb text_orientation=\u00bbcenter\u00bb custom_margin=\u00bb||-16px|||\u00bb global_colors_info=\u00bb{}\u00bb][et_pb_social_media_follow_network social_network=\u00bbfacebook\u00bb url=\u00bbhttps:\/\/www.facebook.com\/dpaestheticclinic\u00bb _builder_version=\u00bb4.26.0&#8243; _module_preset=\u00bbdefault\u00bb background_color=\u00bbRGBA(255,255,255,0)\u00bb background_enable_color=\u00bbon\u00bb global_colors_info=\u00bb{}\u00bb follow_button=\u00bboff\u00bb url_new_window=\u00bbon\u00bb]facebook[\/et_pb_social_media_follow_network][et_pb_social_media_follow_network social_network=\u00bbinstagram\u00bb url=\u00bbhttps:\/\/www.instagram.com\/dpmarbellaclinic\/\u00bb _builder_version=\u00bb4.26.0&#8243; _module_preset=\u00bbdefault\u00bb background_color=\u00bbRGBA(255,255,255,0)\u00bb background_enable_color=\u00bbon\u00bb global_colors_info=\u00bb{}\u00bb follow_button=\u00bboff\u00bb url_new_window=\u00bbon\u00bb]instagram[\/et_pb_social_media_follow_network][\/et_pb_social_media_follow][\/et_pb_column][\/et_pb_row][et_pb_row _builder_version=\u00bb4.27.4&#8243; _module_preset=\u00bbdefault\u00bb custom_padding=\u00bb4px|||||\u00bb hover_enabled=\u00bb0&#8243; global_colors_info=\u00bb{}\u00bb border_radii=\u00bbon|10px|10px|10px|10px\u00bb border_width_all=\u00bb11px\u00bb sticky_enabled=\u00bb0&#8243; background_color=\u00bb#000000&#8243; border_color_all=\u00bb#000000&#8243;][et_pb_column type=\u00bb4_4&#8243; _builder_version=\u00bb4.26.0&#8243; _module_preset=\u00bbdefault\u00bb global_colors_info=\u00bb{}\u00bb][et_pb_contact_form _builder_version=\u00bb4.27.4&#8243; _module_preset=\u00bbdefault\u00bb _unique_id=\u00bb8cee1c0a-3883-47cb-9089-6d48301eb9e7&#8243; form_field_text_color=\u00bbrgba(0,0,0,0.61)\u00bb captcha_font=\u00bb|600|||||||\u00bb captcha_font_size=\u00bb20px\u00bb captcha_letter_spacing=\u00bb4px\u00bb custom_button=\u00bbon\u00bb button_text_color=\u00bb#000000&#8243; button_bg_color=\u00bb#E09900&#8243; hover_enabled=\u00bb0&#8243; global_colors_info=\u00bb{}\u00bb form_field_text_align=\u00bbleft\u00bb sticky_enabled=\u00bb0&#8243; background_color=\u00bb#000000&#8243; custom_padding=\u00bb10px|10px|10px|10px|true|true\u00bb button_bg_enable_color=\u00bbon\u00bb button_border_width=\u00bb0px\u00bb captcha_text_color=\u00bb#FFFFFF\u00bb][et_pb_contact_field field_id=\u00bbName\u00bb field_title=\u00bbNombre y Apellidos \u00bb _builder_version=\u00bb4.26.0&#8243; global_colors_info=\u00bb{}\u00bb button_text_size__hover_enabled=\u00bboff\u00bb button_one_text_size__hover_enabled=\u00bboff\u00bb button_two_text_size__hover_enabled=\u00bboff\u00bb button_text_color__hover_enabled=\u00bboff\u00bb button_one_text_color__hover_enabled=\u00bboff\u00bb button_two_text_color__hover_enabled=\u00bboff\u00bb button_border_width__hover_enabled=\u00bboff\u00bb button_one_border_width__hover_enabled=\u00bboff\u00bb button_two_border_width__hover_enabled=\u00bboff\u00bb button_border_color__hover_enabled=\u00bboff\u00bb button_one_border_color__hover_enabled=\u00bboff\u00bb button_two_border_color__hover_enabled=\u00bboff\u00bb button_border_radius__hover_enabled=\u00bboff\u00bb button_one_border_radius__hover_enabled=\u00bboff\u00bb button_two_border_radius__hover_enabled=\u00bboff\u00bb button_letter_spacing__hover_enabled=\u00bboff\u00bb button_one_letter_spacing__hover_enabled=\u00bboff\u00bb button_two_letter_spacing__hover_enabled=\u00bboff\u00bb button_bg_color__hover_enabled=\u00bboff\u00bb button_one_bg_color__hover_enabled=\u00bboff\u00bb button_two_bg_color__hover_enabled=\u00bboff\u00bb][\/et_pb_contact_field][et_pb_contact_field field_id=\u00bbEmail\u00bb field_title=\u00bbCorreo electr\u00f3nico\u00bb field_type=\u00bbemail\u00bb _builder_version=\u00bb4.26.0&#8243; global_colors_info=\u00bb{}\u00bb button_text_size__hover_enabled=\u00bboff\u00bb button_one_text_size__hover_enabled=\u00bboff\u00bb button_two_text_size__hover_enabled=\u00bboff\u00bb button_text_color__hover_enabled=\u00bboff\u00bb button_one_text_color__hover_enabled=\u00bboff\u00bb button_two_text_color__hover_enabled=\u00bboff\u00bb button_border_width__hover_enabled=\u00bboff\u00bb button_one_border_width__hover_enabled=\u00bboff\u00bb button_two_border_width__hover_enabled=\u00bboff\u00bb button_border_color__hover_enabled=\u00bboff\u00bb button_one_border_color__hover_enabled=\u00bboff\u00bb button_two_border_color__hover_enabled=\u00bboff\u00bb button_border_radius__hover_enabled=\u00bboff\u00bb button_one_border_radius__hover_enabled=\u00bboff\u00bb button_two_border_radius__hover_enabled=\u00bboff\u00bb button_letter_spacing__hover_enabled=\u00bboff\u00bb button_one_letter_spacing__hover_enabled=\u00bboff\u00bb button_two_letter_spacing__hover_enabled=\u00bboff\u00bb button_bg_color__hover_enabled=\u00bboff\u00bb button_one_bg_color__hover_enabled=\u00bboff\u00bb button_two_bg_color__hover_enabled=\u00bboff\u00bb][\/et_pb_contact_field][et_pb_contact_field field_id=\u00bbMessage\u00bb field_title=\u00bbMensaje\u00bb field_type=\u00bbtext\u00bb fullwidth_field=\u00bbon\u00bb _builder_version=\u00bb4.26.0&#8243; global_colors_info=\u00bb{}\u00bb button_text_size__hover_enabled=\u00bboff\u00bb button_one_text_size__hover_enabled=\u00bboff\u00bb button_two_text_size__hover_enabled=\u00bboff\u00bb button_text_color__hover_enabled=\u00bboff\u00bb button_one_text_color__hover_enabled=\u00bboff\u00bb button_two_text_color__hover_enabled=\u00bboff\u00bb button_border_width__hover_enabled=\u00bboff\u00bb button_one_border_width__hover_enabled=\u00bboff\u00bb button_two_border_width__hover_enabled=\u00bboff\u00bb button_border_color__hover_enabled=\u00bboff\u00bb button_one_border_color__hover_enabled=\u00bboff\u00bb button_two_border_color__hover_enabled=\u00bboff\u00bb button_border_radius__hover_enabled=\u00bboff\u00bb button_one_border_radius__hover_enabled=\u00bboff\u00bb button_two_border_radius__hover_enabled=\u00bboff\u00bb button_letter_spacing__hover_enabled=\u00bboff\u00bb button_one_letter_spacing__hover_enabled=\u00bboff\u00bb button_two_letter_spacing__hover_enabled=\u00bboff\u00bb button_bg_color__hover_enabled=\u00bboff\u00bb button_one_bg_color__hover_enabled=\u00bboff\u00bb button_two_bg_color__hover_enabled=\u00bboff\u00bb][\/et_pb_contact_field][et_pb_contact_field field_id=\u00bbPhone_Number\u00bb field_title=\u00bbTel\u00e9fono\u00bb allowed_symbols=\u00bbnumbers\u00bb fullwidth_field=\u00bbon\u00bb _builder_version=\u00bb4.26.0&#8243; _module_preset=\u00bbdefault\u00bb global_colors_info=\u00bb{}\u00bb][\/et_pb_contact_field][\/et_pb_contact_form][\/et_pb_column][\/et_pb_row][\/et_pb_section]<\/p>\n","protected":false},"excerpt":{"rendered":"<p>DO YOU HAVE ANY DOUBTS?<\/p>","protected":false},"author":1,"featured_media":0,"parent":0,"menu_order":0,"comment_status":"closed","ping_status":"closed","template":"","meta":{"_et_pb_use_builder":"on","_et_pb_old_content":"","_et_gb_content_width":"","footnotes":""},"class_list":["post-260","page","type-page","status-publish","hentry"],"yoast_head":"<!-- This site is optimized with the Yoast SEO plugin v27.0 - https:\/\/yoast.com\/product\/yoast-seo-wordpress\/ -->\n<title>contacto - dpclinicalhairproducts.com<\/title>\n<meta name=\"robots\" content=\"index, follow, max-snippet:-1, max-image-preview:large, max-video-preview:-1\" \/>\n<link rel=\"canonical\" href=\"https:\/\/auction-recovery.com\/en\/contacto\/\" \/>\n<meta property=\"og:locale\" content=\"en_GB\" \/>\n<meta property=\"og:type\" content=\"article\" \/>\n<meta property=\"og:title\" content=\"contacto - dpclinicalhairproducts.com\" \/>\n<meta property=\"og:description\" content=\"\u00bfTIENES ALGUNA DUDA?\" \/>\n<meta property=\"og:url\" content=\"https:\/\/auction-recovery.com\/en\/contacto\/\" \/>\n<meta property=\"og:site_name\" content=\"dpclinicalhairproducts.com\" \/>\n<meta property=\"article:modified_time\" content=\"2025-10-07T07:21:56+00:00\" \/>\n<meta name=\"twitter:card\" content=\"summary_large_image\" \/>\n<script type=\"application\/ld+json\" class=\"yoast-schema-graph\">{\"@context\":\"https:\/\/schema.org\",\"@graph\":[{\"@type\":\"WebPage\",\"@id\":\"https:\/\/auction-recovery.com\/es_es\/contacto\/\",\"url\":\"https:\/\/auction-recovery.com\/es_es\/contacto\/\",\"name\":\"contacto - dpclinicalhairproducts.com\",\"isPartOf\":{\"@id\":\"https:\/\/auction-recovery.com\/#website\"},\"datePublished\":\"2024-07-09T11:48:13+00:00\",\"dateModified\":\"2025-10-07T07:21:56+00:00\",\"breadcrumb\":{\"@id\":\"https:\/\/auction-recovery.com\/es_es\/contacto\/#breadcrumb\"},\"inLanguage\":\"en-GB\",\"potentialAction\":[{\"@type\":\"ReadAction\",\"target\":[\"https:\/\/auction-recovery.com\/es_es\/contacto\/\"]}]},{\"@type\":\"BreadcrumbList\",\"@id\":\"https:\/\/auction-recovery.com\/es_es\/contacto\/#breadcrumb\",\"itemListElement\":[{\"@type\":\"ListItem\",\"position\":1,\"name\":\"Home\",\"item\":\"https:\/\/auction-recovery.com\/\"},{\"@type\":\"ListItem\",\"position\":2,\"name\":\"contacto\"}]},{\"@type\":\"WebSite\",\"@id\":\"https:\/\/auction-recovery.com\/#website\",\"url\":\"https:\/\/auction-recovery.com\/\",\"name\":\"dpclinicalhairproducts.com\",\"description\":\"Productos cl\u00ednicos para el cuidado del cabello: prevenci\u00f3n de la ca\u00edda del cabello, sustento despu\u00e9s de implantaciones capilares\",\"publisher\":{\"@id\":\"https:\/\/auction-recovery.com\/#organization\"},\"potentialAction\":[{\"@type\":\"SearchAction\",\"target\":{\"@type\":\"EntryPoint\",\"urlTemplate\":\"https:\/\/auction-recovery.com\/?s={search_term_string}\"},\"query-input\":{\"@type\":\"PropertyValueSpecification\",\"valueRequired\":true,\"valueName\":\"search_term_string\"}}],\"inLanguage\":\"en-GB\"},{\"@type\":\"Organization\",\"@id\":\"https:\/\/auction-recovery.com\/#organization\",\"name\":\"dpclinicalhairproducts.com\",\"url\":\"https:\/\/auction-recovery.com\/\",\"logo\":{\"@type\":\"ImageObject\",\"inLanguage\":\"en-GB\",\"@id\":\"https:\/\/auction-recovery.com\/#\/schema\/logo\/image\/\",\"url\":\"https:\/\/auction-recovery.com\/wp-content\/uploads\/2024\/05\/DP-Marbella-Clinic_degradado-03-300x3001-1.png\",\"contentUrl\":\"https:\/\/auction-recovery.com\/wp-content\/uploads\/2024\/05\/DP-Marbella-Clinic_degradado-03-300x3001-1.png\",\"width\":300,\"height\":300,\"caption\":\"dpclinicalhairproducts.com\"},\"image\":{\"@id\":\"https:\/\/auction-recovery.com\/#\/schema\/logo\/image\/\"}}]}<\/script>\n<!-- \/ Yoast SEO plugin. -->","yoast_head_json":{"title":"contact - dpclinicalhairproducts.com","robots":{"index":"index","follow":"follow","max-snippet":"max-snippet:-1","max-image-preview":"max-image-preview:large","max-video-preview":"max-video-preview:-1"},"canonical":"https:\/\/auction-recovery.com\/en\/contacto\/","og_locale":"en_GB","og_type":"article","og_title":"contacto - dpclinicalhairproducts.com","og_description":"\u00bfTIENES ALGUNA DUDA?","og_url":"https:\/\/auction-recovery.com\/en\/contacto\/","og_site_name":"dpclinicalhairproducts.com","article_modified_time":"2025-10-07T07:21:56+00:00","twitter_card":"summary_large_image","schema":{"@context":"https:\/\/schema.org","@graph":[{"@type":"WebPage","@id":"https:\/\/auction-recovery.com\/es_es\/contacto\/","url":"https:\/\/auction-recovery.com\/es_es\/contacto\/","name":"contact - dpclinicalhairproducts.com","isPartOf":{"@id":"https:\/\/auction-recovery.com\/#website"},"datePublished":"2024-07-09T11:48:13+00:00","dateModified":"2025-10-07T07:21:56+00:00","breadcrumb":{"@id":"https:\/\/auction-recovery.com\/es_es\/contacto\/#breadcrumb"},"inLanguage":"en-GB","potentialAction":[{"@type":"ReadAction","target":["https:\/\/auction-recovery.com\/es_es\/contacto\/"]}]},{"@type":"BreadcrumbList","@id":"https:\/\/auction-recovery.com\/es_es\/contacto\/#breadcrumb","itemListElement":[{"@type":"ListItem","position":1,"name":"Home","item":"https:\/\/auction-recovery.com\/"},{"@type":"ListItem","position":2,"name":"contacto"}]},{"@type":"WebSite","@id":"https:\/\/auction-recovery.com\/#website","url":"https:\/\/auction-recovery.com\/","name":"dpclinicalhairproducts.com","description":"Clinical hair care products: prevention of hair loss, support after hair transplantation","publisher":{"@id":"https:\/\/auction-recovery.com\/#organization"},"potentialAction":[{"@type":"SearchAction","target":{"@type":"EntryPoint","urlTemplate":"https:\/\/auction-recovery.com\/?s={search_term_string}"},"query-input":{"@type":"PropertyValueSpecification","valueRequired":true,"valueName":"search_term_string"}}],"inLanguage":"en-GB"},{"@type":"Organization","@id":"https:\/\/auction-recovery.com\/#organization","name":"dpclinicalhairproducts.com","url":"https:\/\/auction-recovery.com\/","logo":{"@type":"ImageObject","inLanguage":"en-GB","@id":"https:\/\/auction-recovery.com\/#\/schema\/logo\/image\/","url":"https:\/\/auction-recovery.com\/wp-content\/uploads\/2024\/05\/DP-Marbella-Clinic_degradado-03-300x3001-1.png","contentUrl":"https:\/\/auction-recovery.com\/wp-content\/uploads\/2024\/05\/DP-Marbella-Clinic_degradado-03-300x3001-1.png","width":300,"height":300,"caption":"dpclinicalhairproducts.com"},"image":{"@id":"https:\/\/auction-recovery.com\/#\/schema\/logo\/image\/"}}]}},"_links":{"self":[{"href":"https:\/\/auction-recovery.com\/en\/wp-json\/wp\/v2\/pages\/260","targetHints":{"allow":["GET"]}}],"collection":[{"href":"https:\/\/auction-recovery.com\/en\/wp-json\/wp\/v2\/pages"}],"about":[{"href":"https:\/\/auction-recovery.com\/en\/wp-json\/wp\/v2\/types\/page"}],"author":[{"embeddable":true,"href":"https:\/\/auction-recovery.com\/en\/wp-json\/wp\/v2\/users\/1"}],"replies":[{"embeddable":true,"href":"https:\/\/auction-recovery.com\/en\/wp-json\/wp\/v2\/comments?post=260"}],"version-history":[{"count":0,"href":"https:\/\/auction-recovery.com\/en\/wp-json\/wp\/v2\/pages\/260\/revisions"}],"wp:attachment":[{"href":"https:\/\/auction-recovery.com\/en\/wp-json\/wp\/v2\/media?parent=260"}],"curies":[{"name":"wp","href":"https:\/\/api.w.org\/{rel}","templated":true}]}}