{"id":11,"date":"2024-05-23T14:09:42","date_gmt":"2024-05-23T14:09:42","guid":{"rendered":"https:\/\/nicolemartins.com\/shop\/"},"modified":"2025-11-06T08:07:26","modified_gmt":"2025-11-06T08:07:26","slug":"collection","status":"publish","type":"page","link":"https:\/\/auction-recovery.com\/en\/collection\/","title":{"rendered":"collection"},"content":{"rendered":"<p>[et_pb_section fb_built=\u00bb1&#8243; _builder_version=\u00bb4.24.3&#8243; _module_preset=\u00bbdefault\u00bb custom_padding=\u00bb0px|||||\u00bb global_colors_info=\u00bb{}\u00bb][et_pb_row _builder_version=\u00bb4.25.1&#8243; _module_preset=\u00bbdefault\u00bb global_colors_info=\u00bb{}\u00bb][et_pb_column type=\u00bb4_4&#8243; _builder_version=\u00bb4.25.1&#8243; _module_preset=\u00bbdefault\u00bb global_colors_info=\u00bb{}\u00bb][et_pb_text _builder_version=\u00bb4.25.1&#8243; _module_preset=\u00bbdefault\u00bb text_font=\u00bb|||||on|||\u00bb text_font_size=\u00bb24px\u00bb header_font=\u00bb|800||||on|||\u00bb header_text_align=\u00bbcenter\u00bb header_font_size=\u00bb37px\u00bb global_colors_info=\u00bb{}\u00bb]<\/p>\n<div class=\"wpb_text_column wpb_content_element \">\n<div class=\"wpb_wrapper\">\n<div class=\"wpb_text_column wpb_content_element \">\n<div class=\"wpb_wrapper\">\n<h1 style=\"text-align: center;\"><strong>TRATAMIENTOS CAPILARES<\/strong><\/h1>\n<div class=\"custom_font_holder\" style=\"text-align: center;\">Descubre las \u00faltimas novedades<\/div>\n<\/div>\n<\/div>\n<\/div>\n<\/div>\n<p>[\/et_pb_text][\/et_pb_column][\/et_pb_row][et_pb_row use_custom_gutter=\u00bbon\u00bb make_equal=\u00bbon\u00bb _builder_version=\u00bb4.25.1&#8243; _module_preset=\u00bbdefault\u00bb max_width=\u00bb1476px\u00bb module_alignment=\u00bbcenter\u00bb custom_margin=\u00bb|125px||auto||\u00bb global_colors_info=\u00bb{}\u00bb][et_pb_column type=\u00bb4_4&#8243; _builder_version=\u00bb4.24.3&#8243; _module_preset=\u00bbdefault\u00bb global_colors_info=\u00bb{}\u00bb][et_pb_shop type=\u00bbbest_selling\u00bb posts_number=\u00bb100&#8243; show_pagination=\u00bbon\u00bb columns_number=\u00bb4&#8243; orderby=\u00bbmenu_order\u00bb icon_hover_color=\u00bb#000000&#8243; hover_overlay_color=\u00bbrgba(224,200,148,0.43)\u00bb _builder_version=\u00bb4.25.1&#8243; _module_preset=\u00bbdefault\u00bb title_font=\u00bb|||||on|||\u00bb title_text_color=\u00bb#000000&#8243; title_font_size=\u00bb21px\u00bb border_color_all_image=\u00bbRGBA(255,255,255,0)\u00bb box_shadow_style_image=\u00bbpreset1&#8243; box_shadow_color_image=\u00bbRGBA(255,255,255,0)\u00bb box_shadow_position_image=\u00bbinner\u00bb global_colors_info=\u00bb{}\u00bb][\/et_pb_shop][\/et_pb_column][\/et_pb_row][\/et_pb_section]<\/p>\n","protected":false},"excerpt":{"rendered":"<p>HAIR TREATMENTS Discover the latest developments<\/p>","protected":false},"author":1,"featured_media":0,"parent":0,"menu_order":0,"comment_status":"closed","ping_status":"closed","template":"","meta":{"_et_pb_use_builder":"on","_et_pb_old_content":"","_et_gb_content_width":"","footnotes":""},"class_list":["post-11","page","type-page","status-publish","hentry"],"yoast_head":"<!-- This site is optimized with the Yoast SEO plugin v27.0 - https:\/\/yoast.com\/product\/yoast-seo-wordpress\/ -->\n<title>Dr Panno After Care Hair Products - dpclinicalhairproducts.com<\/title>\n<meta name=\"description\" content=\"Dr. Panno provides amazing after care products for your hair. Order online and we send straight to you.\" \/>\n<meta name=\"robots\" content=\"index, follow, max-snippet:-1, max-image-preview:large, max-video-preview:-1\" \/>\n<link rel=\"canonical\" href=\"https:\/\/auction-recovery.com\/en\/collection\/\" \/>\n<meta property=\"og:locale\" content=\"en_GB\" \/>\n<meta property=\"og:type\" content=\"article\" \/>\n<meta property=\"og:title\" content=\"Dr Panno After Care Hair Products - dpclinicalhairproducts.com\" \/>\n<meta property=\"og:description\" content=\"Dr. Panno provides amazing after care products for your hair. Order online and we send straight to you.\" \/>\n<meta property=\"og:url\" content=\"https:\/\/auction-recovery.com\/en\/collection\/\" \/>\n<meta property=\"og:site_name\" content=\"dpclinicalhairproducts.com\" \/>\n<meta property=\"article:modified_time\" content=\"2025-11-06T08:07:26+00:00\" \/>\n<meta name=\"twitter:card\" content=\"summary_large_image\" \/>\n<meta name=\"twitter:label1\" content=\"Estimated reading time\" \/>\n\t<meta name=\"twitter:data1\" content=\"7 minutes\" \/>\n<script type=\"application\/ld+json\" class=\"yoast-schema-graph\">{\"@context\":\"https:\/\/schema.org\",\"@graph\":[{\"@type\":\"WebPage\",\"@id\":\"https:\/\/auction-recovery.com\/collection\/\",\"url\":\"https:\/\/auction-recovery.com\/collection\/\",\"name\":\"Dr Panno After Care Hair Products - dpclinicalhairproducts.com\",\"isPartOf\":{\"@id\":\"https:\/\/auction-recovery.com\/#website\"},\"datePublished\":\"2024-05-23T14:09:42+00:00\",\"dateModified\":\"2025-11-06T08:07:26+00:00\",\"description\":\"Dr. Panno provides amazing after care products for your hair. Order online and we send straight to you.\",\"breadcrumb\":{\"@id\":\"https:\/\/auction-recovery.com\/collection\/#breadcrumb\"},\"inLanguage\":\"en-GB\",\"potentialAction\":[{\"@type\":\"ReadAction\",\"target\":[\"https:\/\/auction-recovery.com\/collection\/\"]}]},{\"@type\":\"BreadcrumbList\",\"@id\":\"https:\/\/auction-recovery.com\/collection\/#breadcrumb\",\"itemListElement\":[{\"@type\":\"ListItem\",\"position\":1,\"name\":\"Home\",\"item\":\"https:\/\/auction-recovery.com\/\"},{\"@type\":\"ListItem\",\"position\":2,\"name\":\"collection\"}]},{\"@type\":\"WebSite\",\"@id\":\"https:\/\/auction-recovery.com\/#website\",\"url\":\"https:\/\/auction-recovery.com\/\",\"name\":\"dpclinicalhairproducts.com\",\"description\":\"Productos cl\u00ednicos para el cuidado del cabello: prevenci\u00f3n de la ca\u00edda del cabello, sustento despu\u00e9s de implantaciones capilares\",\"publisher\":{\"@id\":\"https:\/\/auction-recovery.com\/#organization\"},\"potentialAction\":[{\"@type\":\"SearchAction\",\"target\":{\"@type\":\"EntryPoint\",\"urlTemplate\":\"https:\/\/auction-recovery.com\/?s={search_term_string}\"},\"query-input\":{\"@type\":\"PropertyValueSpecification\",\"valueRequired\":true,\"valueName\":\"search_term_string\"}}],\"inLanguage\":\"en-GB\"},{\"@type\":\"Organization\",\"@id\":\"https:\/\/auction-recovery.com\/#organization\",\"name\":\"dpclinicalhairproducts.com\",\"url\":\"https:\/\/auction-recovery.com\/\",\"logo\":{\"@type\":\"ImageObject\",\"inLanguage\":\"en-GB\",\"@id\":\"https:\/\/auction-recovery.com\/#\/schema\/logo\/image\/\",\"url\":\"https:\/\/auction-recovery.com\/wp-content\/uploads\/2024\/05\/DP-Marbella-Clinic_degradado-03-300x3001-1.png\",\"contentUrl\":\"https:\/\/auction-recovery.com\/wp-content\/uploads\/2024\/05\/DP-Marbella-Clinic_degradado-03-300x3001-1.png\",\"width\":300,\"height\":300,\"caption\":\"dpclinicalhairproducts.com\"},\"image\":{\"@id\":\"https:\/\/auction-recovery.com\/#\/schema\/logo\/image\/\"}}]}<\/script>\n<!-- \/ Yoast SEO plugin. -->","yoast_head_json":{"title":"Dr Panno After Care Hair Products - dpclinicalhairproducts.com","description":"Dr. Panno provides amazing after care products for your hair. Order online and we send straight to you.","robots":{"index":"index","follow":"follow","max-snippet":"max-snippet:-1","max-image-preview":"max-image-preview:large","max-video-preview":"max-video-preview:-1"},"canonical":"https:\/\/auction-recovery.com\/en\/collection\/","og_locale":"en_GB","og_type":"article","og_title":"Dr Panno After Care Hair Products - dpclinicalhairproducts.com","og_description":"Dr. Panno provides amazing after care products for your hair. Order online and we send straight to you.","og_url":"https:\/\/auction-recovery.com\/en\/collection\/","og_site_name":"dpclinicalhairproducts.com","article_modified_time":"2025-11-06T08:07:26+00:00","twitter_card":"summary_large_image","twitter_misc":{"Estimated reading time":"7 minutes"},"schema":{"@context":"https:\/\/schema.org","@graph":[{"@type":"WebPage","@id":"https:\/\/auction-recovery.com\/collection\/","url":"https:\/\/auction-recovery.com\/collection\/","name":"Dr Panno After Care Hair Products - dpclinicalhairproducts.com","isPartOf":{"@id":"https:\/\/auction-recovery.com\/#website"},"datePublished":"2024-05-23T14:09:42+00:00","dateModified":"2025-11-06T08:07:26+00:00","description":"Dr. Panno provides amazing after care products for your hair. Order online and we send straight to you.","breadcrumb":{"@id":"https:\/\/auction-recovery.com\/collection\/#breadcrumb"},"inLanguage":"en-GB","potentialAction":[{"@type":"ReadAction","target":["https:\/\/auction-recovery.com\/collection\/"]}]},{"@type":"BreadcrumbList","@id":"https:\/\/auction-recovery.com\/collection\/#breadcrumb","itemListElement":[{"@type":"ListItem","position":1,"name":"Home","item":"https:\/\/auction-recovery.com\/"},{"@type":"ListItem","position":2,"name":"collection"}]},{"@type":"WebSite","@id":"https:\/\/auction-recovery.com\/#website","url":"https:\/\/auction-recovery.com\/","name":"dpclinicalhairproducts.com","description":"Clinical hair care products: prevention of hair loss, support after hair transplantation","publisher":{"@id":"https:\/\/auction-recovery.com\/#organization"},"potentialAction":[{"@type":"SearchAction","target":{"@type":"EntryPoint","urlTemplate":"https:\/\/auction-recovery.com\/?s={search_term_string}"},"query-input":{"@type":"PropertyValueSpecification","valueRequired":true,"valueName":"search_term_string"}}],"inLanguage":"en-GB"},{"@type":"Organization","@id":"https:\/\/auction-recovery.com\/#organization","name":"dpclinicalhairproducts.com","url":"https:\/\/auction-recovery.com\/","logo":{"@type":"ImageObject","inLanguage":"en-GB","@id":"https:\/\/auction-recovery.com\/#\/schema\/logo\/image\/","url":"https:\/\/auction-recovery.com\/wp-content\/uploads\/2024\/05\/DP-Marbella-Clinic_degradado-03-300x3001-1.png","contentUrl":"https:\/\/auction-recovery.com\/wp-content\/uploads\/2024\/05\/DP-Marbella-Clinic_degradado-03-300x3001-1.png","width":300,"height":300,"caption":"dpclinicalhairproducts.com"},"image":{"@id":"https:\/\/auction-recovery.com\/#\/schema\/logo\/image\/"}}]}},"_links":{"self":[{"href":"https:\/\/auction-recovery.com\/en\/wp-json\/wp\/v2\/pages\/11","targetHints":{"allow":["GET"]}}],"collection":[{"href":"https:\/\/auction-recovery.com\/en\/wp-json\/wp\/v2\/pages"}],"about":[{"href":"https:\/\/auction-recovery.com\/en\/wp-json\/wp\/v2\/types\/page"}],"author":[{"embeddable":true,"href":"https:\/\/auction-recovery.com\/en\/wp-json\/wp\/v2\/users\/1"}],"replies":[{"embeddable":true,"href":"https:\/\/auction-recovery.com\/en\/wp-json\/wp\/v2\/comments?post=11"}],"version-history":[{"count":0,"href":"https:\/\/auction-recovery.com\/en\/wp-json\/wp\/v2\/pages\/11\/revisions"}],"wp:attachment":[{"href":"https:\/\/auction-recovery.com\/en\/wp-json\/wp\/v2\/media?parent=11"}],"curies":[{"name":"wp","href":"https:\/\/api.w.org\/{rel}","templated":true}]}}